{"id":10,"date":"2013-08-27T18:08:58","date_gmt":"2013-08-27T15:08:58","guid":{"rendered":"http:\/\/www.mik-el.com\/?page_id=10"},"modified":"2019-04-25T12:02:33","modified_gmt":"2019-04-25T09:02:33","slug":"fuarlar","status":"publish","type":"page","link":"https:\/\/www.mik-el.com\/?page_id=10","title":{"rendered":"Fuarlar"},"content":{"rendered":"\n<ul class=\"sidebar-wrapper ul-reset widgets-framed\"><div id=\"nav_menu-9\" class=\"col pb-0 widget widget_nav_menu\"><div class=\"menu-fuarlar-container\"><ul id=\"menu-fuarlar\" class=\"menu\"><li id=\"menu-item-1546\" class=\"menu-item menu-item-type-post_type menu-item-object-page menu-item-1546\"><a href=\"https:\/\/www.mik-el.com\/?page_id=1532\">2019 Asans\u00f6r \u0130stanbul<\/a><\/li>\n<li id=\"menu-item-1547\" class=\"menu-item menu-item-type-post_type menu-item-object-page menu-item-1547\"><a href=\"https:\/\/www.mik-el.com\/?page_id=1529\">2017 Asans\u00f6r \u0130stanbul<\/a><\/li>\n<li id=\"menu-item-780\" class=\"menu-item menu-item-type-post_type menu-item-object-page menu-item-780\"><a href=\"https:\/\/www.mik-el.com\/?page_id=777\">2013 Asans\u00f6r Fuar\u0131 ALMANYA INTERLIFT<\/a><\/li>\n<li id=\"menu-item-783\" class=\"menu-item menu-item-type-post_type menu-item-object-page menu-item-783\"><a href=\"https:\/\/www.mik-el.com\/?page_id=781\">2013 Asans\u00f6r Fuar\u0131 ASANS\u00d6R \u0130STANBUL<\/a><\/li>\n<li id=\"menu-item-18\" class=\"menu-item menu-item-type-post_type menu-item-object-page menu-item-18\"><a href=\"https:\/\/www.mik-el.com\/?page_id=15\">2012 Asans\u00f6r Fuar\u0131 Polonya EURO-LIFT<\/a><\/li>\n<li id=\"menu-item-776\" class=\"menu-item menu-item-type-post_type menu-item-object-page menu-item-776\"><a href=\"https:\/\/www.mik-el.com\/?page_id=774\">2012 Asans\u00f6r Fuar\u0131 T\u00fcrkmenistan<\/a><\/li>\n<li id=\"menu-item-21\" class=\"menu-item menu-item-type-post_type menu-item-object-page menu-item-21\"><a href=\"https:\/\/www.mik-el.com\/?page_id=19\">2012 Asans\u00f6r Fuar\u0131 Hindistan IEE EXPO<\/a><\/li>\n<li id=\"menu-item-33\" class=\"menu-item menu-item-type-post_type menu-item-object-page menu-item-33\"><a href=\"https:\/\/www.mik-el.com\/?page_id=22\">2011 Asans\u00f6r Fuar\u0131 ALMANYA INTERLIFT<\/a><\/li>\n<li id=\"menu-item-34\" class=\"menu-item menu-item-type-post_type menu-item-object-page menu-item-34\"><a href=\"https:\/\/www.mik-el.com\/?page_id=24\">2011 Asans\u00f6r Fuar\u0131 ASANS\u00d6R \u0130STANBUL<\/a><\/li>\n<li id=\"menu-item-32\" class=\"menu-item menu-item-type-post_type menu-item-object-page menu-item-32\"><a href=\"https:\/\/www.mik-el.com\/?page_id=27\">2010  Asans\u00f6r Fuar\u0131 \u0130ZM\u0130R INELEX<\/a><\/li>\n<li id=\"menu-item-31\" class=\"menu-item menu-item-type-post_type menu-item-object-page menu-item-31\"><a href=\"https:\/\/www.mik-el.com\/?page_id=29\">2009 Asans\u00f6r Fuar\u0131 ASANS\u00d6R \u0130STANBUL<\/a><\/li>\n<li id=\"menu-item-39\" class=\"menu-item menu-item-type-post_type menu-item-object-page menu-item-39\"><a href=\"https:\/\/www.mik-el.com\/?page_id=37\">2009 Asans\u00f6r Fuar\u0131 ALMANYA INTERLIFT<\/a><\/li>\n<li id=\"menu-item-46\" class=\"menu-item menu-item-type-post_type menu-item-object-page menu-item-46\"><a href=\"https:\/\/www.mik-el.com\/?page_id=40\">2008 Asans\u00f6r Fuar\u0131 Hindistan IEE EXPO<\/a><\/li>\n<li id=\"menu-item-47\" class=\"menu-item menu-item-type-post_type menu-item-object-page menu-item-47\"><a href=\"https:\/\/www.mik-el.com\/?page_id=42\">2007 Asans\u00f6r Fuar\u0131 Rusya<\/a><\/li>\n<li id=\"menu-item-50\" class=\"menu-item menu-item-type-post_type menu-item-object-page menu-item-50\"><a href=\"https:\/\/www.mik-el.com\/?page_id=48\">2007 Asans\u00f6r Fuar\u0131 ALMANYA INTERLIFT<\/a><\/li>\n<li id=\"menu-item-53\" class=\"menu-item menu-item-type-post_type menu-item-object-page menu-item-53\"><a href=\"https:\/\/www.mik-el.com\/?page_id=51\">2007 Asans\u00f6r Fuar\u0131 ASANS\u00d6R \u0130STANBUL<\/a><\/li>\n<li id=\"menu-item-56\" class=\"menu-item menu-item-type-post_type menu-item-object-page menu-item-56\"><a href=\"https:\/\/www.mik-el.com\/?page_id=54\">2005 Asans\u00f6r Fuar\u0131 ALMANYA INTERLIFT<\/a><\/li>\n<li id=\"menu-item-59\" class=\"menu-item menu-item-type-post_type menu-item-object-page menu-item-59\"><a href=\"https:\/\/www.mik-el.com\/?page_id=57\">2005 Asans\u00f6r Fuar\u0131 ASANS\u00d6R \u0130STANBUL<\/a><\/li>\n<li id=\"menu-item-62\" class=\"menu-item menu-item-type-post_type menu-item-object-page menu-item-62\"><a href=\"https:\/\/www.mik-el.com\/?page_id=60\">2004 Asans\u00f6r Fuar\u0131 \u0130ZM\u0130R INELEX<\/a><\/li>\n<li id=\"menu-item-66\" class=\"menu-item menu-item-type-post_type menu-item-object-page menu-item-66\"><a href=\"https:\/\/www.mik-el.com\/?page_id=64\">2003 Asans\u00f6r Fuar\u0131 ALMANYA INTERLIFT<\/a><\/li>\n<li id=\"menu-item-69\" class=\"menu-item menu-item-type-post_type menu-item-object-page menu-item-69\"><a href=\"https:\/\/www.mik-el.com\/?page_id=67\">2003 Asans\u00f6r Fuar\u0131 ASANS\u00d6R \u0130STANBUL<\/a><\/li>\n<li id=\"menu-item-72\" class=\"menu-item menu-item-type-post_type menu-item-object-page menu-item-72\"><a href=\"https:\/\/www.mik-el.com\/?page_id=70\">2001 Asans\u00f6r Fuar\u0131 ASANS\u00d6R \u0130STANBUL<\/a><\/li>\n<\/ul><\/div><\/div><\/ul>\n\n<div class=\"row\"  id=\"row-486584522\">\n\n<div class=\"col medium-8 small-12 large-8\"  ><div class=\"col-inner\"  >\n\n\n<\/div><\/div>\n<div class=\"col medium-4 small-12 large-4\"  ><div class=\"col-inner\"  >\n\n\n<\/div><\/div>\n\n<\/div>\n\n\n","protected":false},"excerpt":{"rendered":"","protected":false},"author":1,"featured_media":0,"parent":0,"menu_order":0,"comment_status":"closed","ping_status":"open","template":"page-blank-title-center.php","meta":{"ngg_post_thumbnail":0,"footnotes":""},"class_list":["post-10","page","type-page","status-publish","hentry"],"aioseo_notices":[],"_links":{"self":[{"href":"https:\/\/www.mik-el.com\/index.php?rest_route=\/wp\/v2\/pages\/10","targetHints":{"allow":["GET"]}}],"collection":[{"href":"https:\/\/www.mik-el.com\/index.php?rest_route=\/wp\/v2\/pages"}],"about":[{"href":"https:\/\/www.mik-el.com\/index.php?rest_route=\/wp\/v2\/types\/page"}],"author":[{"embeddable":true,"href":"https:\/\/www.mik-el.com\/index.php?rest_route=\/wp\/v2\/users\/1"}],"replies":[{"embeddable":true,"href":"https:\/\/www.mik-el.com\/index.php?rest_route=%2Fwp%2Fv2%2Fcomments&post=10"}],"version-history":[{"count":10,"href":"https:\/\/www.mik-el.com\/index.php?rest_route=\/wp\/v2\/pages\/10\/revisions"}],"predecessor-version":[{"id":1551,"href":"https:\/\/www.mik-el.com\/index.php?rest_route=\/wp\/v2\/pages\/10\/revisions\/1551"}],"wp:attachment":[{"href":"https:\/\/www.mik-el.com\/index.php?rest_route=%2Fwp%2Fv2%2Fmedia&parent=10"}],"curies":[{"name":"wp","href":"https:\/\/api.w.org\/{rel}","templated":true}]}}