{"id":1009,"date":"2015-08-05T13:44:01","date_gmt":"2015-08-05T10:44:01","guid":{"rendered":"http:\/\/www.mik-el.com\/?page_id=1009"},"modified":"2019-04-23T11:01:23","modified_gmt":"2019-04-23T08:01:23","slug":"mik-el-seri-haberlesmeli-buton-cozumleri","status":"publish","type":"page","link":"https:\/\/www.mik-el.com\/?page_id=1009","title":{"rendered":"Seri Haberle\u015fmeli Kabin Butonyerleri"},"content":{"rendered":"<div id=\"urun-ust\">\n<div id=\"urun-baslik\">\n<p id=\"urun-altb\">Mik-el Seri Haberle\u015fmeli Kabin Buton \u00c7\u00f6z\u00fcmleri<\/p>\n<\/div>\n<p id=\"urun-altbslogan\">&nbsp;<\/p>\n<div id=\"urun-resim-en\"><a href=\"wp-content\/uploads\/2013\/08\/seri-kabin.png\" target=\"_blank\" rel=\"noopener noreferrer\"><img loading=\"lazy\" decoding=\"async\" class=\"alignright size-full wp-image-193\" src=\"wp-content\/uploads\/2013\/08\/seri-kabin.png\" alt=\"SX Plus\" width=\"360\" height=\"320\" \/><\/a><\/div>\n<\/div>\n<div id=\"urun-ozellik\">\n<div id=\"horizontalTab\">\n<ul class=\"resp-tabs-list\">\n<li>Genel<\/li>\n<li>Bro\u015f\u00fcr<\/li>\n<li>Teknik D\u00f6k\u00fcmanlar<\/li>\n<li>Video<\/li>\n<\/ul>\n<div class=\"resp-tabs-container\">\n<div>\n<div id=\"bir\">\n<p><strong>Mik-el SC24K Seri Haberle\u015fmeli Kabin Kaseti Kart\u0131<\/strong><\/p>\n<ul class=\"urun-genel\">\n<li>Mik-el SC24K Seri Haberle\u015fmeli Kabin Kaseti Kart\u0131<\/li>\n<li>24 dura\u011fa kadar kullan\u0131labilir,<\/li>\n<li>    Kabin g\u00f6stergesi i\u00e7in Gray\/Binary kod \u00e7\u0131k\u0131\u015flar\u0131,<\/li>\n<li>    Y\u00f6n oku \u00e7\u0131k\u0131\u015flar\u0131<\/li>\n<li>    Kabin \u00e7a\u011fr\u0131lar\u0131 i\u00e7in ba\u011flant\u0131 giri\u015f\/\u00e7\u0131k\u0131\u015flar\u0131,<\/li>\n<li>    \u0130nterkom ve\/veya telefon ba\u011flant\u0131s\u0131 i\u00e7in ba\u011flant\u0131 klemensleri,<\/li>\n<li>    Vatman anahtar\u0131 ba\u011flant\u0131 giri\u015fi,<\/li>\n<li>    Kap\u0131 a\u00e7ma ve kap\u0131 kapama butonu giri\u015f klemensleri<\/li>\n<li>    A\u015f\u0131r\u0131 y\u00fck \u00e7\u0131k\u0131\u015f\u0131,<\/li>\n<li>    Acil ayd\u0131nlatma ba\u011flant\u0131 klemensleri,<\/li>\n<li>    Kabin fan\u0131 butonu giri\u015fi ve led \u00e7\u0131k\u0131\u015f\u0131,<\/li>\n<li>    Alarm butonu ba\u011flant\u0131s\u0131,<\/li>\n<li>    Anons mod\u00fcl\u00fc i\u00e7in hoparl\u00f6r ba\u011flant\u0131 klemensleri,<\/li>\n<li>    K\u0131sa devre korumal\u0131 \u00e7\u0131k\u0131\u015flar,<\/li>\n<li>    2 adet programlanabilir yedek giri\u015f ve \u00e7\u0131k\u0131\u015flar<\/li>\n<\/ul>\n<p><strong>Mivox Seri Haberle\u015fmeli Kabin Butonyeri<\/strong><\/p>\n<ul class=\"urun-genel\">\n<li>Tam boy ve yar\u0131m boy kabin butonyeri se\u00e7enekleri,<\/li>\n<li> \t  Dot-matris ve TFT LCD g\u00f6sterge se\u00e7enekleri,<\/li>\n<li> \t  \u201cTak \u00c7al\u0131\u015ft\u0131r\u201d \u00f6zelli\u011fi sayesinde kolay ve<br \/>\n \t  basit devreye alma,<\/li>\n<li> \t  Dahili interkom mod\u00fcl\u00fc<\/li>\n<\/ul>\n<\/div>\n<\/div>\n<div>\n<p><a href=\"wp-content\/uploads\/2013\/08\/seri-kabin.pdf\" target=\"_blank\" rel=\"noopener noreferrer\"><img decoding=\"async\" src=\"wp-content\/uploads\/2013\/08\/seri-kabin.jpg\" alt=\"Seri Haberle\u015fmeli Kabin Buton \u00c7\u00f6z\u00fcmleri\" \/><\/a><\/p>\n<\/div>\n<div>Teknik d\u00f6k\u00fcmanlar i\u00e7in <a href=\"?page_id=478\">T\u0131klay\u0131n\u0131z&#8230;<\/a><\/div>\n<div>\n<p><iframe loading=\"lazy\" src=\"https:\/\/www.youtube.com\/embed\/35Fv-Nz18tY\" width=\"668\" height=\"376\" frameborder=\"0\" allowfullscreen=\"allowfullscreen\"><\/iframe><\/p>\n<\/div>\n<div>\n<p><a class=\"m-right\" href=\"http:\/\/www.mik-el.com\/wp-content\/uploads\/2014\/02\/certli-sx-plus-certli.pdf\" target=\"_blank\" rel=\"noopener noreferrer\"><img decoding=\"async\" src=\"wp-content\/uploads\/2013\/08\/sh1.jpg\" alt=\"-Hi-Control-Panel\" \/><\/a><a class=\"m-right\" href=\"http:\/\/www.mik-el.com\/wp-content\/uploads\/2014\/02\/esim-mikronik-sx-plus.pdf\" target=\"_blank\" rel=\"noopener noreferrer\"><img decoding=\"async\" src=\"wp-content\/uploads\/2013\/08\/sh2.jpg\" alt=\"S-Hi-Control-Panel-EMC\" \/><\/a><\/p>\n<\/div>\n<\/div>\n<\/div>\n<\/div>\n","protected":false},"excerpt":{"rendered":"<p>Mik-el Seri Haberle\u015fmeli Kabin Buton \u00c7\u00f6z\u00fcmleri &nbsp; Genel Bro\u015f\u00fcr Teknik D\u00f6k\u00fcmanlar Video Mik-el SC24K Seri Haberle\u015fmeli Kabin Kaseti Kart\u0131 Mik-el SC24K Seri Haberle\u015fmeli Kabin Kaseti Kart\u0131 24 dura\u011fa kadar kullan\u0131labilir, Kabin g\u00f6stergesi i\u00e7in Gray\/Binary kod \u00e7\u0131k\u0131\u015flar\u0131, Y\u00f6n oku \u00e7\u0131k\u0131\u015flar\u0131 Kabin \u00e7a\u011fr\u0131lar\u0131 i\u00e7in ba\u011flant\u0131 giri\u015f\/\u00e7\u0131k\u0131\u015flar\u0131, \u0130nterkom ve\/veya telefon ba\u011flant\u0131s\u0131 i\u00e7in ba\u011flant\u0131 klemensleri, Vatman anahtar\u0131 ba\u011flant\u0131 giri\u015fi, [&#8230;]\n","protected":false},"author":1,"featured_media":0,"parent":163,"menu_order":0,"comment_status":"closed","ping_status":"open","template":"page-right-sidebar.php","meta":{"ngg_post_thumbnail":0,"footnotes":""},"class_list":["post-1009","page","type-page","status-publish","hentry"],"aioseo_notices":[],"_links":{"self":[{"href":"https:\/\/www.mik-el.com\/index.php?rest_route=\/wp\/v2\/pages\/1009","targetHints":{"allow":["GET"]}}],"collection":[{"href":"https:\/\/www.mik-el.com\/index.php?rest_route=\/wp\/v2\/pages"}],"about":[{"href":"https:\/\/www.mik-el.com\/index.php?rest_route=\/wp\/v2\/types\/page"}],"author":[{"embeddable":true,"href":"https:\/\/www.mik-el.com\/index.php?rest_route=\/wp\/v2\/users\/1"}],"replies":[{"embeddable":true,"href":"https:\/\/www.mik-el.com\/index.php?rest_route=%2Fwp%2Fv2%2Fcomments&post=1009"}],"version-history":[{"count":8,"href":"https:\/\/www.mik-el.com\/index.php?rest_route=\/wp\/v2\/pages\/1009\/revisions"}],"predecessor-version":[{"id":1308,"href":"https:\/\/www.mik-el.com\/index.php?rest_route=\/wp\/v2\/pages\/1009\/revisions\/1308"}],"up":[{"embeddable":true,"href":"https:\/\/www.mik-el.com\/index.php?rest_route=\/wp\/v2\/pages\/163"}],"wp:attachment":[{"href":"https:\/\/www.mik-el.com\/index.php?rest_route=%2Fwp%2Fv2%2Fmedia&parent=1009"}],"curies":[{"name":"wp","href":"https:\/\/api.w.org\/{rel}","templated":true}]}}