{"id":1155,"date":"2019-03-17T14:25:09","date_gmt":"2019-03-17T11:25:09","guid":{"rendered":"http:\/\/www.mik-el.com\/?page_id=1155"},"modified":"2024-10-01T11:18:48","modified_gmt":"2024-10-01T08:18:48","slug":"u-sto","status":"publish","type":"page","link":"https:\/\/www.mik-el.com\/?page_id=1155","title":{"rendered":"U-STO"},"content":{"rendered":"\n<div class=\"row\"  id=\"row-45492619\">\n\n<div class=\"col medium-6 small-12 large-6\"  ><div class=\"col-inner\"  >\n\n<h1>U-STO<\/h1>\n<h3>Kontakt\u00f6rs\u00fcz T\u00fcmle\u015fik Asans\u00f6r Kumanda ve S\u00fcr\u00fcc\u00fcs\u00fc<\/h3>\n<p><span style=\"color: #1f4495;\"><strong>\u201cSessiz, G\u00fcvenli, T\u00fcmle\u015fik\u201d<\/strong><\/span><\/p>\n<a href=\"mailto:satis@mik-el.com?subject=Teklif%20Talebi&#038;body=Merhaba,%0A%0AU-STO%20\u00fcr\u00fcn\u00fc%20hakk\u0131nda%20teklif%20almak%20istiyoruz.%0A%0AL\u00fctfen%20\u015firket%20ileti\u015fim%20bilgilerinizi%20a\u015fa\u011f\u0131ya%20yaz\u0131n\u0131z:\" target=\"_self\" class=\"button primary\"  style=\"border-radius:10px;\">\n    <span>Teklif \u0130ste<\/span>\n  <i class=\"icon-angle-right\" ><\/i><\/a>\n\n\n\n<\/div><\/div>\n<div class=\"col medium-6 small-12 large-6\"  ><div class=\"col-inner\"  >\n\n<p><a href=\"http:\/\/www.mik-el.com\/wp-content\/uploads\/2019\/04\/u-sto.png\"><img loading=\"lazy\" decoding=\"async\" class=\"alignright size-full wp-image-1270\" src=\"http:\/\/www.mik-el.com\/wp-content\/uploads\/2019\/04\/u-sto.png\" alt=\"\" width=\"1000\" height=\"1000\" srcset=\"https:\/\/www.mik-el.com\/wp-content\/uploads\/2019\/04\/u-sto.png 1000w, https:\/\/www.mik-el.com\/wp-content\/uploads\/2019\/04\/u-sto-150x150.png 150w, https:\/\/www.mik-el.com\/wp-content\/uploads\/2019\/04\/u-sto-300x300.png 300w, https:\/\/www.mik-el.com\/wp-content\/uploads\/2019\/04\/u-sto-768x768.png 768w\" sizes=\"auto, (max-width: 1000px) 100vw, 1000px\" \/><\/a><\/p>\n\n<\/div><\/div>\n\n<\/div>\n\n\t\t<div class=\"tabbed-content\">\n\t\t\t\n\t\t\t<ul class=\"nav nav-tabs nav-uppercase nav-size-normal nav-left\"><li class=\"tab active has-icon\"><a href=\"#tab_genel\"><span>Genel<\/span><\/a><\/li>\n<li class=\"tab has-icon\"><a href=\"#tab_dok?manlar-ve-sertifikalar\"><span>Dok\u00fcmanlar ve Sertifikalar<\/span><\/a><\/li><\/ul><div class=\"tab-panels\"><div class=\"panel active entry-content\" id=\"tab_genel\">\n\n<ul class=\"urun-genel\">\n<li>Kumanda kart\u0131 ve s\u00fcr\u00fcc\u00fcn\u00fcn t\u00fcm \u00fcst\u00fcn \u00f6zellikleri bir arada<\/li>\n<li>Tek men\u00fcden kolay ayarla uyumlu \u00e7al\u0131\u015fma<\/li>\n<li>Otomatik do\u011frudan kata yana\u015fma<\/li>\n<li>Motor ve kurtarma kontakt\u00f6rlerine gerek yok<\/li>\n<li>Ana kart \u00fczerinde<br \/>\n&#8211; UCM (KKH) izleme<br \/>\n&#8211; Kap\u0131 kontaklar\u0131n\u0131 k\u00f6pr\u00fcleme<br \/>\n&#8211; Faz izleme \/ koruma<\/li>\n<li>Di\u015flisiz makinelerde zengin enkoder se\u00e7ene\u011fi<br \/>\n&#8211; EnDat<br \/>\n&#8211; SinCos<br \/>\n&#8211; SSI<br \/>\n&#8211; BiS<\/li>\n<li>Ayr\u0131nt\u0131l\u0131 hata kayd\u0131<\/li>\n<li>Kolay pano \u00f6rg\u00fcs\u00fc<\/li>\n<li>Darbeli \u00e7al\u0131\u015fma ile frenden kurtarma<\/li>\n<li>UPS ile veya ak\u00fcl\u00fc kata getirme \u00e7\u00f6z\u00fcmleri<\/li>\n<li>Enkoder kartlar\u0131n\u0131n kolayca tak\u0131lmas\u0131<\/li>\n<\/ul>\n\n<\/div>\n<div class=\"panel entry-content\" id=\"tab_dok?manlar-ve-sertifikalar\">\n\n<\/p>\n<p>Teknik Dok\u00fcmanlar ve Sertifikalar i\u00e7in&nbsp;<strong><a href=\"https:\/\/drive.google.com\/drive\/folders\/1GkdQpv-WD3qt-v3V4FqPlImsPJ66XTf4\">t\u0131klay\u0131n\u0131z\u2026<\/a><\/strong><\/p>\n<p>\n\n<\/div><\/div><\/div>\n\n","protected":false},"excerpt":{"rendered":"","protected":false},"author":1,"featured_media":0,"parent":163,"menu_order":0,"comment_status":"closed","ping_status":"closed","template":"page-right-sidebar.php","meta":{"ngg_post_thumbnail":0,"footnotes":""},"class_list":["post-1155","page","type-page","status-publish","hentry"],"aioseo_notices":[],"_links":{"self":[{"href":"https:\/\/www.mik-el.com\/index.php?rest_route=\/wp\/v2\/pages\/1155","targetHints":{"allow":["GET"]}}],"collection":[{"href":"https:\/\/www.mik-el.com\/index.php?rest_route=\/wp\/v2\/pages"}],"about":[{"href":"https:\/\/www.mik-el.com\/index.php?rest_route=\/wp\/v2\/types\/page"}],"author":[{"embeddable":true,"href":"https:\/\/www.mik-el.com\/index.php?rest_route=\/wp\/v2\/users\/1"}],"replies":[{"embeddable":true,"href":"https:\/\/www.mik-el.com\/index.php?rest_route=%2Fwp%2Fv2%2Fcomments&post=1155"}],"version-history":[{"count":10,"href":"https:\/\/www.mik-el.com\/index.php?rest_route=\/wp\/v2\/pages\/1155\/revisions"}],"predecessor-version":[{"id":2007,"href":"https:\/\/www.mik-el.com\/index.php?rest_route=\/wp\/v2\/pages\/1155\/revisions\/2007"}],"up":[{"embeddable":true,"href":"https:\/\/www.mik-el.com\/index.php?rest_route=\/wp\/v2\/pages\/163"}],"wp:attachment":[{"href":"https:\/\/www.mik-el.com\/index.php?rest_route=%2Fwp%2Fv2%2Fmedia&parent=1155"}],"curies":[{"name":"wp","href":"https:\/\/api.w.org\/{rel}","templated":true}]}}