{"id":1176,"date":"2019-03-17T18:46:02","date_gmt":"2019-03-17T15:46:02","guid":{"rendered":"http:\/\/www.mik-el.com\/?page_id=1176"},"modified":"2024-10-01T11:21:17","modified_gmt":"2024-10-01T08:21:17","slug":"sx-ultra-paralel","status":"publish","type":"page","link":"https:\/\/www.mik-el.com\/?page_id=1176","title":{"rendered":"Mikronik SX Ultra Paralel"},"content":{"rendered":"\n<div class=\"row\"  id=\"row-1722090584\">\n\n<div class=\"col medium-6 small-12 large-6\"  ><div class=\"col-inner\"  >\n\n<h1>Mikronik SX Ultra Paralel<\/h1>\n<h3>Halatl\u0131 ve Hidrolik Asans\u00f6rler i\u00e7in Kumanda Sistemi<\/h3>\n<p><span style=\"color: #1f4495;\"><strong>\u201cEsnek, \u0130\u015flevsel, Kolay\u201d\u201d<\/strong><\/span><\/p>\n<a href=\"mailto:satis@mik-el.com?subject=Teklif%20Talebi&#038;body=Merhaba,%0A%0AMikronik%20SX%20Ultra%20Paralel%20\u00fcr\u00fcn\u00fc%20hakk\u0131nda%20teklif%20almak%20istiyoruz.%0A%0AL\u00fctfen%20\u015firket%20ileti\u015fim%20bilgilerinizi%20a\u015fa\u011f\u0131ya%20yaz\u0131n\u0131z:\" target=\"_self\" class=\"button primary\"  style=\"border-radius:10px;\">\n    <span>Teklif \u0130ste<\/span>\n  <i class=\"icon-angle-right\" ><\/i><\/a>\n\n\n\n<\/div><\/div>\n<div class=\"col medium-6 small-12 large-6\"  ><div class=\"col-inner\"  >\n\n<p><a href=\"http:\/\/www.mik-el.com\/wp-content\/uploads\/2019\/04\/sx-ultra-paralel.png\"><img loading=\"lazy\" decoding=\"async\" class=\"alignright size-full wp-image-1276\" src=\"http:\/\/www.mik-el.com\/wp-content\/uploads\/2019\/04\/sx-ultra-paralel.png\" alt=\"\" width=\"1000\" height=\"1000\" srcset=\"https:\/\/www.mik-el.com\/wp-content\/uploads\/2019\/04\/sx-ultra-paralel.png 1000w, https:\/\/www.mik-el.com\/wp-content\/uploads\/2019\/04\/sx-ultra-paralel-150x150.png 150w, https:\/\/www.mik-el.com\/wp-content\/uploads\/2019\/04\/sx-ultra-paralel-300x300.png 300w, https:\/\/www.mik-el.com\/wp-content\/uploads\/2019\/04\/sx-ultra-paralel-768x768.png 768w\" sizes=\"auto, (max-width: 1000px) 100vw, 1000px\" \/><\/a><\/p>\n\n<\/div><\/div>\n\n<\/div>\n\n\t\t<div class=\"tabbed-content\">\n\t\t\t\n\t\t\t<ul class=\"nav nav-tabs nav-uppercase nav-size-normal nav-left\"><li class=\"tab active has-icon\"><a href=\"#tab_genel\"><span>Genel<\/span><\/a><\/li>\n<li class=\"tab has-icon\"><a href=\"#tab_dok?manlar-ve-sertifikalar\"><span>Dok\u00fcmanlar ve Sertifikalar<\/span><\/a><\/li><\/ul><div class=\"tab-panels\"><div class=\"panel active entry-content\" id=\"tab_genel\">\n\n<ul class=\"urun-genel\">\n<li>48 durak<\/li>\n<li>3 m\/s h\u0131z<\/li>\n<li>4\u2019l\u00fc Grup Kumanda<\/li>\n<li>\u00c7ift kabin kap\u0131s\u0131n\u0131n ba\u011f\u0131ms\u0131z kontrol\u00fc<\/li>\n<li>Ana kart \u00fczerinde;<br \/>\n&#8211;<br \/>\nUCM (KKH) izleme<br \/>\n&#8211;<br \/>\nKap\u0131 kontaklar\u0131n\u0131 k\u00f6pr\u00fcleme<br \/>\n&#8211;<br \/>\nFaz izleme \/ koruma<\/li>\n<li>SD kart ile kolay g\u00fcncelleme<\/li>\n<li>Motor enkoderiyle hassas kuyu kopyalama<\/li>\n<li>K\u0131sa kat, uzun kat, ara h\u0131z<\/li>\n<li>Grup kumandada altta veya \u00fcstte fazla durak se\u00e7ene\u011fi<\/li>\n<li>Erken kap\u0131 a\u00e7ma, a\u00e7\u0131k kap\u0131yla seviye d\u00fczeltme<\/li>\n<li>Devreye almay\u0131 kolayla\u015ft\u0131ran yard\u0131mc\u0131 i\u015flevler<\/li>\n<li>\u0130tfaiyeci (EN 81-72) \/ Acil durum \u00e7al\u0131\u015fmas\u0131<\/li>\n<li>CanBus \u00fczerinden kabin ve kat butonyerleriyle haberle\u015fme<\/li>\n<\/ul>\n\n<\/div>\n<div class=\"panel entry-content\" id=\"tab_dok?manlar-ve-sertifikalar\">\n\n<\/p>\n<p>Teknik Dok\u00fcmanlar ve Sertifikalar i\u00e7in&nbsp;<strong><a href=\"https:\/\/drive.google.com\/drive\/folders\/1G5s4sJ35CD2aaAOsiZQxbRKsmKMWGRWY\">t\u0131klay\u0131n\u0131z\u2026<\/a><\/strong><\/p>\n<p>\n\n<\/div><\/div><\/div>\n\n","protected":false},"excerpt":{"rendered":"","protected":false},"author":1,"featured_media":0,"parent":163,"menu_order":0,"comment_status":"closed","ping_status":"closed","template":"page-right-sidebar.php","meta":{"ngg_post_thumbnail":0,"footnotes":""},"class_list":["post-1176","page","type-page","status-publish","hentry"],"aioseo_notices":[],"_links":{"self":[{"href":"https:\/\/www.mik-el.com\/index.php?rest_route=\/wp\/v2\/pages\/1176","targetHints":{"allow":["GET"]}}],"collection":[{"href":"https:\/\/www.mik-el.com\/index.php?rest_route=\/wp\/v2\/pages"}],"about":[{"href":"https:\/\/www.mik-el.com\/index.php?rest_route=\/wp\/v2\/types\/page"}],"author":[{"embeddable":true,"href":"https:\/\/www.mik-el.com\/index.php?rest_route=\/wp\/v2\/users\/1"}],"replies":[{"embeddable":true,"href":"https:\/\/www.mik-el.com\/index.php?rest_route=%2Fwp%2Fv2%2Fcomments&post=1176"}],"version-history":[{"count":10,"href":"https:\/\/www.mik-el.com\/index.php?rest_route=\/wp\/v2\/pages\/1176\/revisions"}],"predecessor-version":[{"id":2008,"href":"https:\/\/www.mik-el.com\/index.php?rest_route=\/wp\/v2\/pages\/1176\/revisions\/2008"}],"up":[{"embeddable":true,"href":"https:\/\/www.mik-el.com\/index.php?rest_route=\/wp\/v2\/pages\/163"}],"wp:attachment":[{"href":"https:\/\/www.mik-el.com\/index.php?rest_route=%2Fwp%2Fv2%2Fmedia&parent=1176"}],"curies":[{"name":"wp","href":"https:\/\/api.w.org\/{rel}","templated":true}]}}