{"id":1187,"date":"2019-03-17T19:10:53","date_gmt":"2019-03-17T16:10:53","guid":{"rendered":"http:\/\/www.mik-el.com\/?page_id=1187"},"modified":"2024-10-01T11:15:29","modified_gmt":"2024-10-01T08:15:29","slug":"mp-20","status":"publish","type":"page","link":"https:\/\/www.mik-el.com\/?page_id=1187","title":{"rendered":"MP-20"},"content":{"rendered":"\n<div class=\"row\"  id=\"row-410829770\">\n\n<div class=\"col medium-6 small-12 large-6\"  ><div class=\"col-inner\"  >\n\n<h1>MP-20<\/h1>\n<h3>Hassas Kat Ayar\u0131 ve Kilit K\u00f6pr\u00fcleme B\u00f6lgesi (ML) i\u00e7in Manyetik Sens\u00f6r<br \/>\n<\/h3>\n<p><span style=\"color: #1f4495;\"><strong>\u201cKolay Ayar, Uzun \u00d6m\u00fcr\u201d<\/strong><\/span><\/p>\n<a href=\"mailto:satis@mik-el.com?subject=Teklif%20Talebi&#038;body=Merhaba,%0A%0AMP-20%20\u00fcr\u00fcn\u00fc%20hakk\u0131nda%20teklif%20almak%20istiyoruz.%0A%0AL\u00fctfen%20\u015firket%20ileti\u015fim%20bilgilerinizi%20a\u015fa\u011f\u0131ya%20yaz\u0131n\u0131z:\" target=\"_self\" class=\"button primary\"  style=\"border-radius:10px;\">\n    <span>Teklif \u0130ste<\/span>\n  <i class=\"icon-angle-right\" ><\/i><\/a>\n\n\n\n<\/div><\/div>\n<div class=\"col medium-6 small-12 large-6\"  ><div class=\"col-inner\"  >\n\n<p><a href=\"http:\/\/www.mik-el.com\/wp-content\/uploads\/2019\/04\/mp-20.png\"><img loading=\"lazy\" decoding=\"async\" class=\"alignright size-full wp-image-1272\" src=\"http:\/\/www.mik-el.com\/wp-content\/uploads\/2019\/04\/mp-20.png\" alt=\"\" width=\"1000\" height=\"1000\" srcset=\"https:\/\/www.mik-el.com\/wp-content\/uploads\/2019\/04\/mp-20.png 1000w, https:\/\/www.mik-el.com\/wp-content\/uploads\/2019\/04\/mp-20-150x150.png 150w, https:\/\/www.mik-el.com\/wp-content\/uploads\/2019\/04\/mp-20-300x300.png 300w, https:\/\/www.mik-el.com\/wp-content\/uploads\/2019\/04\/mp-20-768x768.png 768w\" sizes=\"auto, (max-width: 1000px) 100vw, 1000px\" \/><\/a><\/p>\n\n<\/div><\/div>\n\n<\/div>\n<\/p>\n\n\t\t<div class=\"tabbed-content\">\n\t\t\t\n\t\t\t<ul class=\"nav nav-tabs nav-uppercase nav-size-normal nav-left\"><li class=\"tab active has-icon\"><a href=\"#tab_genel\"><span>Genel<\/span><\/a><\/li>\n<li class=\"tab has-icon\"><a href=\"#tab_teknik-d?k?man\"><span>Teknik D\u00f6k\u00fcman<\/span><\/a><\/li><\/ul><div class=\"tab-panels\"><div class=\"panel active entry-content\" id=\"tab_genel\">\n\n<ul class=\"urun-genel\">\n<li>U-STO ile kullan\u0131l\u0131r<\/li>\n<li>Hassas kat hizas\u0131 ayar\u0131 ve kilit k\u00f6pr\u00fcleme b\u00f6lgesi i\u00e7in kontaks\u0131z tek sens\u00f6r i\u00e7inde<\/li>\n<li>20 tane manyetik g\u00f6z i\u00e7erir<br \/>&#8211; 18 g\u00f6z kat hizas\u0131 i\u00e7in<br \/>&#8211; 2 g\u00f6z ML b\u00f6lgesi i\u00e7in<\/li>\n<li>MP-20 kullan\u0131ld\u0131\u011f\u0131nda U-STO\u2019nun kazanaca\u011f\u0131 yetenekler<br \/>&#8211; Kat hizas\u0131 ve kilit b\u00f6lgesi i\u00e7in ayr\u0131 sensor veya \u015falter koymaya gerek kalmaz<br \/>&#8211; Kat hizas\u0131 ayarlar\u0131 kabin i\u00e7erisinden yap\u0131labilir<br \/>&#8211; Artt\u0131r\u0131lm\u0131\u015f katta duru\u015f hassasiyeti<br \/>&#8211; Artt\u0131r\u0131lm\u0131\u015f seviye d\u00fczeltme hassasiyeti<br \/>&#8211; Pozitif ve negatif kat hizas\u0131 ayar\u0131<\/li>\n<li>CanBus ara y\u00fcz\u00fc sayesinde soketli kolay ba\u011flant\u0131<\/li>\n<li>Dahili ivme \u00f6l\u00e7er ile kabinin hareketinin alg\u0131lanmas\u0131 ve seyahat profilinin \u00e7\u0131kar\u0131lmas\u0131 (yak\u0131nda)<\/li>\n<li>Titre\u015fim ve darbeye dayan\u0131m sertifikal\u0131<\/li>\n<\/ul>\n\n<\/div>\n<div class=\"panel entry-content\" id=\"tab_teknik-d?k?man\">\n\n<\/p>\n<p>Teknik Dok\u00fcmanlar i\u00e7in&nbsp;<strong><a href=\"https:\/\/drive.google.com\/drive\/folders\/1gVOm0n1AAXxx2bO4aurJgcR9uoHHrd1y\">t\u0131klay\u0131n\u0131z\u2026<\/a><\/strong><\/p>\n<p>\n\n<\/div><\/div><\/div>\n\n","protected":false},"excerpt":{"rendered":"","protected":false},"author":1,"featured_media":0,"parent":163,"menu_order":0,"comment_status":"closed","ping_status":"closed","template":"page-right-sidebar.php","meta":{"ngg_post_thumbnail":0,"footnotes":""},"class_list":["post-1187","page","type-page","status-publish","hentry"],"aioseo_notices":[],"_links":{"self":[{"href":"https:\/\/www.mik-el.com\/index.php?rest_route=\/wp\/v2\/pages\/1187","targetHints":{"allow":["GET"]}}],"collection":[{"href":"https:\/\/www.mik-el.com\/index.php?rest_route=\/wp\/v2\/pages"}],"about":[{"href":"https:\/\/www.mik-el.com\/index.php?rest_route=\/wp\/v2\/types\/page"}],"author":[{"embeddable":true,"href":"https:\/\/www.mik-el.com\/index.php?rest_route=\/wp\/v2\/users\/1"}],"replies":[{"embeddable":true,"href":"https:\/\/www.mik-el.com\/index.php?rest_route=%2Fwp%2Fv2%2Fcomments&post=1187"}],"version-history":[{"count":9,"href":"https:\/\/www.mik-el.com\/index.php?rest_route=\/wp\/v2\/pages\/1187\/revisions"}],"predecessor-version":[{"id":2006,"href":"https:\/\/www.mik-el.com\/index.php?rest_route=\/wp\/v2\/pages\/1187\/revisions\/2006"}],"up":[{"embeddable":true,"href":"https:\/\/www.mik-el.com\/index.php?rest_route=\/wp\/v2\/pages\/163"}],"wp:attachment":[{"href":"https:\/\/www.mik-el.com\/index.php?rest_route=%2Fwp%2Fv2%2Fmedia&parent=1187"}],"curies":[{"name":"wp","href":"https:\/\/api.w.org\/{rel}","templated":true}]}}