{"id":1199,"date":"2019-03-17T19:21:02","date_gmt":"2019-03-17T16:21:02","guid":{"rendered":"http:\/\/www.mik-el.com\/?page_id=1199"},"modified":"2024-10-11T14:28:00","modified_gmt":"2024-10-11T11:28:00","slug":"cp-u-sto-mrl","status":"publish","type":"page","link":"https:\/\/www.mik-el.com\/?page_id=1199","title":{"rendered":"CP U-STO MRL"},"content":{"rendered":"\n<div class=\"row\"  id=\"row-1540120033\">\n\n<div class=\"col medium-6 small-12 large-6\"  ><div class=\"col-inner\"  >\n\n<h1>CP U-STO MRL<\/h1>\n<h3>Makine Dairesiz Asans\u00f6rler i\u00e7in Kumanda Panosu<\/h3>\n<a href=\"mailto:satis@mik-el.com?subject=Teklif%20Talebi&#038;body=Merhaba,%0A%0ACP%20U-STO%20MRL%20\u00fcr\u00fcn\u00fc%20hakk\u0131nda%20teklif%20almak%20istiyoruz.%0A%0AL\u00fctfen%20\u015firket%20ileti\u015fim%20bilgilerinizi%20a\u015fa\u011f\u0131ya%20yaz\u0131n\u0131z:\" target=\"_self\" class=\"button primary\"  style=\"border-radius:10px;\">\n    <span>Teklif \u0130ste<\/span>\n  <i class=\"icon-angle-right\" ><\/i><\/a>\n\n\n<p><strong>BARKOD:<\/strong> 8682644296005<\/p>\n\n<\/div><\/div>\n<div class=\"col medium-6 small-12 large-6\"  ><div class=\"col-inner\"  >\n\n<p><a href=\"http:\/\/www.mik-el.com\/wp-content\/uploads\/2019\/04\/CP-U-STO-MRL.png\"><img loading=\"lazy\" decoding=\"async\" class=\"alignright size-full wp-image-1271\" src=\"http:\/\/www.mik-el.com\/wp-content\/uploads\/2019\/04\/CP-U-STO-MRL.png\" alt=\"\" width=\"1000\" height=\"1000\" srcset=\"https:\/\/www.mik-el.com\/wp-content\/uploads\/2019\/04\/CP-U-STO-MRL.png 1000w, https:\/\/www.mik-el.com\/wp-content\/uploads\/2019\/04\/CP-U-STO-MRL-150x150.png 150w, https:\/\/www.mik-el.com\/wp-content\/uploads\/2019\/04\/CP-U-STO-MRL-300x300.png 300w, https:\/\/www.mik-el.com\/wp-content\/uploads\/2019\/04\/CP-U-STO-MRL-768x768.png 768w\" sizes=\"auto, (max-width: 1000px) 100vw, 1000px\" \/><\/a><\/p>\n\n<\/div><\/div>\n\n<\/div>\n\n\t\t<div class=\"tabbed-content\">\n\t\t\t\n\t\t\t<ul class=\"nav nav-tabs nav-uppercase nav-size-normal nav-left\"><li class=\"tab active has-icon\"><a href=\"#tab_genel\"><span>Genel<\/span><\/a><\/li>\n<li class=\"tab has-icon\"><a href=\"#tab_dok?manlar-ve-sertifikalar\"><span>Dok\u00fcmanlar ve Sertifikalar<\/span><\/a><\/li><\/ul><div class=\"tab-panels\"><div class=\"panel active entry-content\" id=\"tab_genel\">\n\n<ul class=\"urun-genel\">\n<li>Kumanda kart\u0131 ve s\u00fcr\u00fcc\u00fcn\u00fcn t\u00fcm \u00fcst\u00fcn \u00f6zellikleri bir arada<\/li>\n<li>Tek men\u00fcden kolay ayarla uyumlu \u00e7al\u0131\u015fma<\/li>\n<li>Otomatik do\u011frudan kata yana\u015fma<\/li>\n<li>Motor ve kurtarma kontakt\u00f6rlerine gerek yok<\/li>\n<li>Ana kart \u00fczerinde<br \/>\u2013 UCM (KKH) izleme<br \/>\u2013 Kap\u0131 kontaklar\u0131n\u0131 k\u00f6pr\u00fcleme<br \/>\u2013 Faz izleme \/ koruma<\/li>\n<li>Di\u015flisiz makinelerde zengin enkoder se\u00e7ene\u011fi<br \/>\u2013 EnDat<br \/>\u2013 SinCos<br \/>\u2013 SSI<br \/>\u2013 BiS<\/li>\n<li>Ayr\u0131nt\u0131l\u0131 hata kayd\u0131<\/li>\n<li>Kolay pano \u00f6rg\u00fcs\u00fc<\/li>\n<li>Darbeli \u00e7al\u0131\u015fma ile frenden kurtarma<\/li>\n<li>UPS ile veya ak\u00fcl\u00fc kata getirme \u00e7\u00f6z\u00fcmleri<\/li>\n<li>Enkoder kartlar\u0131n\u0131n kolayca tak\u0131lmas\u0131<\/li>\n<\/ul>\n\n<\/div>\n<div class=\"panel entry-content\" id=\"tab_dok?manlar-ve-sertifikalar\">\n\n<\/p>\n<p>Teknik Dok\u00fcmanlar ve Sertifikalar i\u00e7in&nbsp;<strong><a href=\"https:\/\/drive.google.com\/drive\/folders\/1GkdQpv-WD3qt-v3V4FqPlImsPJ66XTf4\">t\u0131klay\u0131n\u0131z\u2026<\/a><\/strong><\/p>\n<p>\n\n<\/div><\/div><\/div>\n\n","protected":false},"excerpt":{"rendered":"","protected":false},"author":1,"featured_media":0,"parent":163,"menu_order":0,"comment_status":"closed","ping_status":"closed","template":"page-right-sidebar.php","meta":{"ngg_post_thumbnail":0,"footnotes":""},"class_list":["post-1199","page","type-page","status-publish","hentry"],"aioseo_notices":[],"_links":{"self":[{"href":"https:\/\/www.mik-el.com\/index.php?rest_route=\/wp\/v2\/pages\/1199","targetHints":{"allow":["GET"]}}],"collection":[{"href":"https:\/\/www.mik-el.com\/index.php?rest_route=\/wp\/v2\/pages"}],"about":[{"href":"https:\/\/www.mik-el.com\/index.php?rest_route=\/wp\/v2\/types\/page"}],"author":[{"embeddable":true,"href":"https:\/\/www.mik-el.com\/index.php?rest_route=\/wp\/v2\/users\/1"}],"replies":[{"embeddable":true,"href":"https:\/\/www.mik-el.com\/index.php?rest_route=%2Fwp%2Fv2%2Fcomments&post=1199"}],"version-history":[{"count":10,"href":"https:\/\/www.mik-el.com\/index.php?rest_route=\/wp\/v2\/pages\/1199\/revisions"}],"predecessor-version":[{"id":2021,"href":"https:\/\/www.mik-el.com\/index.php?rest_route=\/wp\/v2\/pages\/1199\/revisions\/2021"}],"up":[{"embeddable":true,"href":"https:\/\/www.mik-el.com\/index.php?rest_route=\/wp\/v2\/pages\/163"}],"wp:attachment":[{"href":"https:\/\/www.mik-el.com\/index.php?rest_route=%2Fwp%2Fv2%2Fmedia&parent=1199"}],"curies":[{"name":"wp","href":"https:\/\/api.w.org\/{rel}","templated":true}]}}