{"id":1204,"date":"2019-03-17T19:39:46","date_gmt":"2019-03-17T16:39:46","guid":{"rendered":"http:\/\/www.mik-el.com\/?page_id=1204"},"modified":"2024-10-11T14:28:24","modified_gmt":"2024-10-11T11:28:24","slug":"cp-u-sto-slim","status":"publish","type":"page","link":"https:\/\/www.mik-el.com\/?page_id=1204","title":{"rendered":"CP U-STO SLIM"},"content":{"rendered":"\n<div class=\"row\"  id=\"row-1884605029\">\n\n<div class=\"col medium-6 small-12 large-6\"  ><div class=\"col-inner\"  >\n\n<h1>CP U-STO SLIM<\/h1>\n<h3>Kap\u0131 Kasas\u0131nda Kumanda Panosu<\/h3>\n<p><span style=\"color: #1f4495;\"><strong>\u201cSessiz ve Makine Dairesiz\u2026\u201d<\/strong><\/span><\/p>\n<a href=\"mailto:satis@mik-el.com?subject=Teklif%20Talebi&#038;body=Merhaba,%0A%0ACP%20U-STO%20SLIM%20\u00fcr\u00fcn\u00fc%20hakk\u0131nda%20teklif%20almak%20istiyoruz.%0A%0AL\u00fctfen%20\u015firket%20ileti\u015fim%20bilgilerinizi%20a\u015fa\u011f\u0131ya%20yaz\u0131n\u0131z:\" target=\"_self\" class=\"button primary\"  style=\"border-radius:10px;\">\n    <span>Teklif \u0130ste<\/span>\n  <i class=\"icon-angle-right\" ><\/i><\/a>\n\n\n\n<\/div><\/div>\n<div class=\"col medium-6 small-12 large-6\"  ><div class=\"col-inner\"  >\n\n<p><a href=\"http:\/\/www.mik-el.com\/wp-content\/uploads\/2019\/04\/CP-U-STO-SLIM.png\"><img loading=\"lazy\" decoding=\"async\" class=\"alignright size-full wp-image-1274\" src=\"http:\/\/www.mik-el.com\/wp-content\/uploads\/2019\/04\/CP-U-STO-SLIM.png\" alt=\"\" width=\"1000\" height=\"1000\" srcset=\"https:\/\/www.mik-el.com\/wp-content\/uploads\/2019\/04\/CP-U-STO-SLIM.png 1000w, https:\/\/www.mik-el.com\/wp-content\/uploads\/2019\/04\/CP-U-STO-SLIM-150x150.png 150w, https:\/\/www.mik-el.com\/wp-content\/uploads\/2019\/04\/CP-U-STO-SLIM-300x300.png 300w, https:\/\/www.mik-el.com\/wp-content\/uploads\/2019\/04\/CP-U-STO-SLIM-768x768.png 768w\" sizes=\"auto, (max-width: 1000px) 100vw, 1000px\" \/><\/a><\/p>\n\n<\/div><\/div>\n\n<\/div>\n<\/p>\n\n\t\t<div class=\"tabbed-content\">\n\t\t\t\n\t\t\t<ul class=\"nav nav-tabs nav-uppercase nav-size-normal nav-left\"><li class=\"tab active has-icon\"><a href=\"#tab_genel\"><span>Genel<\/span><\/a><\/li>\n<li class=\"tab has-icon\"><a href=\"#tab_dok?manlar-ve-sertifikalar\"><span>Dok\u00fcmanlar ve Sertifikalar<\/span><\/a><\/li><\/ul><div class=\"tab-panels\"><div class=\"panel active entry-content\" id=\"tab_genel\">\n\n<ul class=\"urun-genel\">\n<li><a href=\"http:\/\/www.mik-el.com\/wp-content\/uploads\/2017\/04\/sessiz.png\"><img loading=\"lazy\" decoding=\"async\" class=\"wp-image-1101 alignright\" src=\"http:\/\/www.mik-el.com\/wp-content\/uploads\/2017\/04\/sessiz.png\" alt=\"\" width=\"279\" height=\"213\" \/><\/a>Elle m\u00fcdahelede kullan\u0131lan bile\u015fenler kap\u0131 kasas\u0131n\u0131n i\u00e7ine yerle\u015ftirilir,<\/li>\n<li>Kumanda sistemi ve s\u00fcr\u00fcc\u00fc kuyu i\u00e7indeki panodad\u0131r,<\/li>\n<li>\u0130ki pano, soketli ba\u011flant\u0131 ile birbirlerine kolayca ba\u011flan\u0131r,<\/li>\n<\/ul>\n<p><strong>Ek \u00d6zellikler,<\/strong><\/p>\n<ul class=\"urun-genel\">\n<li>Geri-al kumanda,<\/li>\n<li>Elle fren a\u00e7t\u0131rma,<\/li>\n<li>Sigortalar ve kesiciler,<\/li>\n<li>Kumanda sisteminin ve s\u00fcr\u00fcc\u00fcn\u00fcn men\u00fc ekranlar\u0131,<\/li>\n<\/ul>\n<p><strong>Kap\u0131 Kasas\u0131na Yerle\u015ftirilecek Karkas\u0131n Boyutlar\u0131,<\/strong><\/p>\n<ul class=\"urun-genel\">\n<li>Derinlik 13cm x geni\u015flik 11 cm x y\u00fckseklik 200 cm,<\/li>\n<\/ul>\n<p><strong>Avantajlar\u0131,<\/strong><\/p>\n<ul class=\"urun-genel\">\n<li>Makine dairesiz asans\u00f6rlerde kumanda panosunun yerle\u015ftirilmesi i\u00e7in en \u00fcst katta yer ayr\u0131lmas\u0131na ve haz\u0131rlanmas\u0131na gerek kalmaz,<\/li>\n<li>En \u00fcst bina kat\u0131nda esteti\u011fi bozan bir g\u00f6r\u00fcn\u00fcme yol a\u00e7maz,<\/li>\n<li>Kontakt\u00f6rs\u00fcz MD-STO s\u00fcr\u00fcc\u00fc sayesinde kuyu i\u00e7indeki panodan, binaya kontakt\u00f6r sesi yay\u0131lmaz,<\/li>\n<li>Geri-al \u00e7al\u0131\u015fmas\u0131, elle fren a\u00e7t\u0131rma, ana \u015falter ile g\u00fcc\u00fc kesme gibi i\u015flemler kuyuya girmeden kolayca yap\u0131labilir,<\/li>\n<li>Ayarlama ve te\u015fhis ama\u00e7l\u0131 men\u00fc eri\u015fimi kuyuya girmeden kolayca yap\u0131labilir,<\/li>\n<li>Kendi yedek g\u00fc\u00e7 kayna\u011f\u0131 (UPS) ar\u0131zalansa bile kap\u0131 kasas\u0131ndaki terminallerden ba\u015fka bir UPS veya harici bir 220VAC besleme ile fren a\u00e7t\u0131rma ve kata getirme i\u015flemleri ger\u00e7ekle\u015ftirilebilir,<\/li>\n<\/ul>\n<ul class=\"urun-genel\">\n<li>Harici 220VAC veya UPS i\u00e7in terminaller<\/li>\n<li>Kumanda sistemi ve MD-STO invertere eri\u015fim imkan\u0131 sa\u011flayan ortak ekran ve tu\u015f tak\u0131m\u0131<\/li>\n<li>Geri-al kumanda<\/li>\n<li>Elle fren a\u00e7t\u0131rma<\/li>\n<\/ul>\n\n<\/div>\n<div class=\"panel entry-content\" id=\"tab_dok?manlar-ve-sertifikalar\">\n\n<\/p>\n<p>Teknik Dok\u00fcmanlar ve Sertifikalar i\u00e7in&nbsp;<strong><a href=\"https:\/\/drive.google.com\/drive\/folders\/1GkdQpv-WD3qt-v3V4FqPlImsPJ66XTf4\">t\u0131klay\u0131n\u0131z\u2026<\/a><\/strong><\/p>\n<p>\n\n<\/div><\/div><\/div>\n\n","protected":false},"excerpt":{"rendered":"","protected":false},"author":1,"featured_media":0,"parent":163,"menu_order":0,"comment_status":"closed","ping_status":"closed","template":"page-right-sidebar.php","meta":{"ngg_post_thumbnail":0,"footnotes":""},"class_list":["post-1204","page","type-page","status-publish","hentry"],"aioseo_notices":[],"_links":{"self":[{"href":"https:\/\/www.mik-el.com\/index.php?rest_route=\/wp\/v2\/pages\/1204","targetHints":{"allow":["GET"]}}],"collection":[{"href":"https:\/\/www.mik-el.com\/index.php?rest_route=\/wp\/v2\/pages"}],"about":[{"href":"https:\/\/www.mik-el.com\/index.php?rest_route=\/wp\/v2\/types\/page"}],"author":[{"embeddable":true,"href":"https:\/\/www.mik-el.com\/index.php?rest_route=\/wp\/v2\/users\/1"}],"replies":[{"embeddable":true,"href":"https:\/\/www.mik-el.com\/index.php?rest_route=%2Fwp%2Fv2%2Fcomments&post=1204"}],"version-history":[{"count":10,"href":"https:\/\/www.mik-el.com\/index.php?rest_route=\/wp\/v2\/pages\/1204\/revisions"}],"predecessor-version":[{"id":2022,"href":"https:\/\/www.mik-el.com\/index.php?rest_route=\/wp\/v2\/pages\/1204\/revisions\/2022"}],"up":[{"embeddable":true,"href":"https:\/\/www.mik-el.com\/index.php?rest_route=\/wp\/v2\/pages\/163"}],"wp:attachment":[{"href":"https:\/\/www.mik-el.com\/index.php?rest_route=%2Fwp%2Fv2%2Fmedia&parent=1204"}],"curies":[{"name":"wp","href":"https:\/\/api.w.org\/{rel}","templated":true}]}}