{"id":1209,"date":"2019-03-17T19:45:29","date_gmt":"2019-03-17T16:45:29","guid":{"rendered":"http:\/\/www.mik-el.com\/?page_id=1209"},"modified":"2024-10-01T11:28:32","modified_gmt":"2024-10-01T08:28:32","slug":"sx-ultra-hidrolik","status":"publish","type":"page","link":"https:\/\/www.mik-el.com\/?page_id=1209","title":{"rendered":"SX ULTRA H\u0130DROL\u0130K"},"content":{"rendered":"\n<div class=\"row\"  id=\"row-710784886\">\n\n<div class=\"col medium-6 small-12 large-6\"  ><div class=\"col-inner\"  >\n\n<h1>SX ULTRA H\u0130DROL\u0130K<\/h1>\n<h3>Hidrolik Asans\u00f6rler i\u00e7in Kumanda Panosu<\/h3>\n<a href=\"mailto:satis@mik-el.com?subject=Teklif%20Talebi&#038;body=Merhaba,%0A%0ASX%20ULTRA%20H\u0130DROL\u0130K%20\u00fcr\u00fcn\u00fc%20hakk\u0131nda%20teklif%20almak%20istiyoruz.%0A%0AL\u00fctfen%20\u015firket%20ileti\u015fim%20bilgilerinizi%20a\u015fa\u011f\u0131ya%20yaz\u0131n\u0131z:\" target=\"_self\" class=\"button primary\"  style=\"border-radius:10px;\">\n    <span>Teklif \u0130ste<\/span>\n  <i class=\"icon-angle-right\" ><\/i><\/a>\n\n\n\n<\/div><\/div>\n<div class=\"col medium-6 small-12 large-6\"  ><div class=\"col-inner\"  >\n\n<p><a href=\"http:\/\/www.mik-el.com\/wp-content\/uploads\/2019\/04\/sx-ultra-hidrolik.png\"><img loading=\"lazy\" decoding=\"async\" class=\"alignleft size-full wp-image-1277\" src=\"http:\/\/www.mik-el.com\/wp-content\/uploads\/2019\/04\/sx-ultra-hidrolik.png\" alt=\"\" width=\"1000\" height=\"1000\" srcset=\"https:\/\/www.mik-el.com\/wp-content\/uploads\/2019\/04\/sx-ultra-hidrolik.png 1000w, https:\/\/www.mik-el.com\/wp-content\/uploads\/2019\/04\/sx-ultra-hidrolik-150x150.png 150w, https:\/\/www.mik-el.com\/wp-content\/uploads\/2019\/04\/sx-ultra-hidrolik-300x300.png 300w, https:\/\/www.mik-el.com\/wp-content\/uploads\/2019\/04\/sx-ultra-hidrolik-768x768.png 768w\" sizes=\"auto, (max-width: 1000px) 100vw, 1000px\" \/><\/a><\/p>\n\n<\/div><\/div>\n\n<\/div>\n\n\t\t<div class=\"tabbed-content\">\n\t\t\t\n\t\t\t<ul class=\"nav nav-tabs nav-uppercase nav-size-normal nav-left\"><li class=\"tab active has-icon\"><a href=\"#tab_genel\"><span>Genel<\/span><\/a><\/li>\n<li class=\"tab has-icon\"><a href=\"#tab_dok?manlar-ve-sertifikalar\"><span>Dok\u00fcmanlar ve Sertifikalar<\/span><\/a><\/li><\/ul><div class=\"tab-panels\"><div class=\"panel active entry-content\" id=\"tab_genel\">\n\n<ul class=\"urun-genel\">\n<li>Y\u0131ld\u0131z-\u00fc\u00e7gen, do\u011frudan ve Soft-Starter ile yolverme se\u00e7enekleri<\/li>\n<li>A3 (UCM) Valfi deste\u011fi<\/li>\n<li>12 saatte bir valf kontrol\u00fc<\/li>\n<li>Yard\u0131mc\u0131 motor ile seviye d\u00fczeltme<\/li>\n<li>Bir\u00e7ok pop\u00fcler hidrolik tahrik \u00fcnitesi ile uyumlu<br \/>&#8211; Bucher i-Valve<br \/>(Bucher i-Valve kontrol kart\u0131yla i\u015fbirli\u011fi ile UCM kontrol\u00fc)<br \/>&#8211; Bucher ELRV-A<br \/>&#8211; Kleemann EV100<br \/>&#8211; OMAR Soft Stop<br \/>&#8211; GMV 3010EN<br \/>&#8211; GMV 3010S<br \/>&#8211; IGVve di\u011fer onlarca model<\/li>\n<li>Enerji kesintilerinde 600VA UPS ile otomatik kurtarma<\/li>\n<\/ul>\n\n<\/div>\n<div class=\"panel entry-content\" id=\"tab_dok?manlar-ve-sertifikalar\">\n\n<\/p>\n<p>Teknik Dok\u00fcmanlar ve Sertifikalar i\u00e7in&nbsp;<strong><a href=\"https:\/\/drive.google.com\/drive\/folders\/1G5s4sJ35CD2aaAOsiZQxbRKsmKMWGRWY\">t\u0131klay\u0131n\u0131z\u2026<\/a><\/strong><\/p>\n<p>\n\n<\/div><\/div><\/div>\n\n","protected":false},"excerpt":{"rendered":"","protected":false},"author":1,"featured_media":0,"parent":163,"menu_order":0,"comment_status":"closed","ping_status":"closed","template":"page-right-sidebar.php","meta":{"ngg_post_thumbnail":0,"footnotes":""},"class_list":["post-1209","page","type-page","status-publish","hentry"],"aioseo_notices":[],"_links":{"self":[{"href":"https:\/\/www.mik-el.com\/index.php?rest_route=\/wp\/v2\/pages\/1209","targetHints":{"allow":["GET"]}}],"collection":[{"href":"https:\/\/www.mik-el.com\/index.php?rest_route=\/wp\/v2\/pages"}],"about":[{"href":"https:\/\/www.mik-el.com\/index.php?rest_route=\/wp\/v2\/types\/page"}],"author":[{"embeddable":true,"href":"https:\/\/www.mik-el.com\/index.php?rest_route=\/wp\/v2\/users\/1"}],"replies":[{"embeddable":true,"href":"https:\/\/www.mik-el.com\/index.php?rest_route=%2Fwp%2Fv2%2Fcomments&post=1209"}],"version-history":[{"count":10,"href":"https:\/\/www.mik-el.com\/index.php?rest_route=\/wp\/v2\/pages\/1209\/revisions"}],"predecessor-version":[{"id":2013,"href":"https:\/\/www.mik-el.com\/index.php?rest_route=\/wp\/v2\/pages\/1209\/revisions\/2013"}],"up":[{"embeddable":true,"href":"https:\/\/www.mik-el.com\/index.php?rest_route=\/wp\/v2\/pages\/163"}],"wp:attachment":[{"href":"https:\/\/www.mik-el.com\/index.php?rest_route=%2Fwp%2Fv2%2Fmedia&parent=1209"}],"curies":[{"name":"wp","href":"https:\/\/api.w.org\/{rel}","templated":true}]}}