{"id":1215,"date":"2019-03-17T19:52:38","date_gmt":"2019-03-17T16:52:38","guid":{"rendered":"http:\/\/www.mik-el.com\/?page_id=1215"},"modified":"2024-10-11T14:30:50","modified_gmt":"2024-10-11T11:30:50","slug":"sx-classic-mrl","status":"publish","type":"page","link":"https:\/\/www.mik-el.com\/?page_id=1215","title":{"rendered":"SX CLASSIC MRL"},"content":{"rendered":"\n<div class=\"row\"  id=\"row-208616448\">\n\n<div class=\"col medium-6 small-12 large-6\"  ><div class=\"col-inner\"  >\n\n<h1>SX CLASSIC MRL<\/h1>\n<h3>Makine Dairesiz Asans\u00f6rler i\u00e7in Kumanda Panosu<\/h3>\n<a href=\"mailto:satis@mik-el.com?subject=Teklif%20Talebi&#038;body=Merhaba,%0A%0ASX%20CLASSIC%20MRL%20\u00fcr\u00fcn\u00fc%20hakk\u0131nda%20teklif%20almak%20istiyoruz.%0A%0AL\u00fctfen%20\u015firket%20ileti\u015fim%20bilgilerinizi%20a\u015fa\u011f\u0131ya%20yaz\u0131n\u0131z:\" target=\"_self\" class=\"button primary\"  style=\"border-radius:10px;\">\n    <span>Teklif \u0130ste<\/span>\n  <i class=\"icon-angle-right\" ><\/i><\/a>\n\n\n\n<\/div><\/div>\n<div class=\"col medium-6 small-12 large-6\"  ><div class=\"col-inner\"  >\n\n<p><a href=\"http:\/\/www.mik-el.com\/wp-content\/uploads\/2019\/04\/sx-classic-mrl.png\"><img loading=\"lazy\" decoding=\"async\" class=\"alignleft size-full wp-image-1269\" src=\"http:\/\/www.mik-el.com\/wp-content\/uploads\/2019\/04\/sx-classic-mrl.png\" alt=\"\" width=\"1000\" height=\"1000\" srcset=\"https:\/\/www.mik-el.com\/wp-content\/uploads\/2019\/04\/sx-classic-mrl.png 1000w, https:\/\/www.mik-el.com\/wp-content\/uploads\/2019\/04\/sx-classic-mrl-150x150.png 150w, https:\/\/www.mik-el.com\/wp-content\/uploads\/2019\/04\/sx-classic-mrl-300x300.png 300w, https:\/\/www.mik-el.com\/wp-content\/uploads\/2019\/04\/sx-classic-mrl-768x768.png 768w\" sizes=\"auto, (max-width: 1000px) 100vw, 1000px\" \/><\/a><\/p>\n\n<\/div><\/div>\n\n<\/div>\n\n\t\t<div class=\"tabbed-content\">\n\t\t\t\n\t\t\t<ul class=\"nav nav-tabs nav-uppercase nav-size-normal nav-left\"><li class=\"tab active has-icon\"><a href=\"#tab_genel\"><span>Genel<\/span><\/a><\/li>\n<li class=\"tab has-icon\"><a href=\"#tab_dok?manlar-ve-sertifikalar\"><span>Dok\u00fcmanlar ve Sertifikalar<\/span><\/a><\/li><\/ul><div class=\"tab-panels\"><div class=\"panel active entry-content\" id=\"tab_genel\">\n\n<ul class=\"urun-genel\">\n<li>16 Dura\u011fa kadar tek buton, 9 dura\u011fa kadar \u00e7ift buton<\/li>\n<li>Revizyon kutusu ile can-bus \u00fczerinden seri haberle\u015fme<\/li>\n<li>Enkoderli kuyu kopyalama (ISC kart\u0131 ilavesiyle),<\/li>\n<li>Devreye almay\u0131 kolayla\u015ft\u0131ran fonksiyonlar<br \/>&#8211; Kap\u0131 a\u00e7man\u0131n iptali<br \/>&#8211; Rastgele i\u00e7 \u00e7a\u011fr\u0131 verme<br \/>&#8211; Kat \u00e7a\u011fr\u0131lar\u0131n\u0131n iptal edilmesi<\/li>\n<li>Ek \u00f6zellikler<br \/>&#8211; Dubleks asans\u00f6rlerde alttan ve \u00fcstten durak fark\u0131 ayarlayabilme,<br \/>&#8211; Bir katta otomatik kap\u0131, di\u011fer katlarda manuel kap\u0131 ile \u00e7al\u0131\u015fabilme,<\/li>\n<\/ul>\n\n<\/div>\n<div class=\"panel entry-content\" id=\"tab_dok?manlar-ve-sertifikalar\">\n\n<\/p>\n<p>Teknik Dok\u00fcmanlar ve Sertifikalar i\u00e7in&nbsp;<strong><a href=\"https:\/\/drive.google.com\/drive\/folders\/1gGa6IWBoubN7h17noG3PIFHwK3sFEEtU\">t\u0131klay\u0131n\u0131z\u2026<\/a><\/strong><\/p>\n<p>\n\n<\/div><\/div><\/div>\n\n","protected":false},"excerpt":{"rendered":"","protected":false},"author":1,"featured_media":0,"parent":163,"menu_order":0,"comment_status":"closed","ping_status":"closed","template":"page-right-sidebar.php","meta":{"ngg_post_thumbnail":0,"footnotes":""},"class_list":["post-1215","page","type-page","status-publish","hentry"],"aioseo_notices":[],"_links":{"self":[{"href":"https:\/\/www.mik-el.com\/index.php?rest_route=\/wp\/v2\/pages\/1215","targetHints":{"allow":["GET"]}}],"collection":[{"href":"https:\/\/www.mik-el.com\/index.php?rest_route=\/wp\/v2\/pages"}],"about":[{"href":"https:\/\/www.mik-el.com\/index.php?rest_route=\/wp\/v2\/types\/page"}],"author":[{"embeddable":true,"href":"https:\/\/www.mik-el.com\/index.php?rest_route=\/wp\/v2\/users\/1"}],"replies":[{"embeddable":true,"href":"https:\/\/www.mik-el.com\/index.php?rest_route=%2Fwp%2Fv2%2Fcomments&post=1215"}],"version-history":[{"count":10,"href":"https:\/\/www.mik-el.com\/index.php?rest_route=\/wp\/v2\/pages\/1215\/revisions"}],"predecessor-version":[{"id":2024,"href":"https:\/\/www.mik-el.com\/index.php?rest_route=\/wp\/v2\/pages\/1215\/revisions\/2024"}],"up":[{"embeddable":true,"href":"https:\/\/www.mik-el.com\/index.php?rest_route=\/wp\/v2\/pages\/163"}],"wp:attachment":[{"href":"https:\/\/www.mik-el.com\/index.php?rest_route=%2Fwp%2Fv2%2Fmedia&parent=1215"}],"curies":[{"name":"wp","href":"https:\/\/api.w.org\/{rel}","templated":true}]}}