{"id":1220,"date":"2019-03-17T20:07:17","date_gmt":"2019-03-17T17:07:17","guid":{"rendered":"http:\/\/www.mik-el.com\/?page_id=1220"},"modified":"2024-10-11T14:33:18","modified_gmt":"2024-10-11T11:33:18","slug":"akilli-butonyerler","status":"publish","type":"page","link":"https:\/\/www.mik-el.com\/?page_id=1220","title":{"rendered":"AKILLI BUTONYERLER"},"content":{"rendered":"\n<div class=\"row\"  id=\"row-1051451919\">\n\n<div class=\"col medium-6 small-12 large-6\"  ><div class=\"col-inner\"  >\n\n<h1>Seri Haberle\u015fmeli Ak\u0131ll\u0131 Kat ve Kabin Buton Yerler<\/h1>\n<a href=\"mailto:satis@mik-el.com?subject=Teklif%20Talebi&#038;body=Merhaba,%0A%0AAKILLI%20BUTONYERLER%20\u00fcr\u00fcn\u00fc%20hakk\u0131nda%20teklif%20almak%20istiyoruz.%0A%0AL\u00fctfen%20\u015firket%20ileti\u015fim%20bilgilerinizi%20a\u015fa\u011f\u0131ya%20yaz\u0131n\u0131z:\" target=\"_self\" class=\"button primary\"  style=\"border-radius:10px;\">\n    <span>Teklif \u0130ste<\/span>\n  <i class=\"icon-angle-right\" ><\/i><\/a>\n\n\n\n<\/div><\/div>\n<div class=\"col medium-6 small-12 large-6\"  ><div class=\"col-inner\"  >\n\n<p><a href=\"http:\/\/www.mik-el.com\/wp-content\/uploads\/2019\/04\/akilli-butonyerler.png\"><img loading=\"lazy\" decoding=\"async\" class=\"alignright size-full wp-image-1268\" src=\"http:\/\/www.mik-el.com\/wp-content\/uploads\/2019\/04\/akilli-butonyerler.png\" alt=\"\" width=\"1000\" height=\"1000\" data-wp-editing=\"1\" srcset=\"https:\/\/www.mik-el.com\/wp-content\/uploads\/2019\/04\/akilli-butonyerler.png 1000w, https:\/\/www.mik-el.com\/wp-content\/uploads\/2019\/04\/akilli-butonyerler-150x150.png 150w, https:\/\/www.mik-el.com\/wp-content\/uploads\/2019\/04\/akilli-butonyerler-300x300.png 300w, https:\/\/www.mik-el.com\/wp-content\/uploads\/2019\/04\/akilli-butonyerler-768x768.png 768w\" sizes=\"auto, (max-width: 1000px) 100vw, 1000px\" \/><\/a><\/p>\n\n<\/div><\/div>\n\n<\/div>\n\n\t\t<div class=\"tabbed-content\">\n\t\t\t\n\t\t\t<ul class=\"nav nav-tabs nav-uppercase nav-size-normal nav-left\"><li class=\"tab active has-icon\"><a href=\"#tab_genel\"><span>Genel<\/span><\/a><\/li>\n<li class=\"tab has-icon\"><a href=\"#tab_teknik-d?k?man\"><span>Teknik D\u00f6k\u00fcman<\/span><\/a><\/li><\/ul><div class=\"tab-panels\"><div class=\"panel active entry-content\" id=\"tab_genel\">\n\n<div>\n<div id=\"bir\">\n<h3>Mivox Seri Haberle\u015fmeli Kabin Butonyeri<\/h3>\n<ul class=\"urun-genel\">\n<li>Tam boy ve yar\u0131m boy kabin butonyeri se\u00e7enekleri,<\/li>\n<li>Dot-matris ve TFT LCD g\u00f6sterge se\u00e7enekleri,<\/li>\n<li>\u201cTak \u00c7al\u0131\u015ft\u0131r\u201d \u00f6zelli\u011fi sayesinde kolay ve basit devreye alma,<\/li>\n<li>Dahili interkom mod\u00fcl\u00fc<\/li>\n<\/ul>\n<h3>Mik-el SC24 Seri Haberle\u015fmeli Kabin Butonyeri Kart\u0131<\/h3>\n<ul class=\"urun-genel\">\n<li>24 dura\u011fa kadar kullan\u0131labilir,<\/li>\n<li>Kabin g\u00f6stergesi i\u00e7in Gray\/Binary kod \u00e7\u0131k\u0131\u015flar\u0131,<\/li>\n<li>Y\u00f6n oku \u00e7\u0131k\u0131\u015flar\u0131<\/li>\n<li>Kabin \u00e7a\u011fr\u0131lar\u0131 i\u00e7in ba\u011flant\u0131 giri\u015f\/\u00e7\u0131k\u0131\u015flar\u0131,<\/li>\n<li>\u0130nterkom ve\/veya telefon ba\u011flant\u0131s\u0131 i\u00e7in ba\u011flant\u0131 klemensleri,<\/li>\n<li>Vatman anahtar\u0131 ba\u011flant\u0131 giri\u015fi,<\/li>\n<li>Kap\u0131 a\u00e7ma ve kap\u0131 kapama butonu giri\u015f klemensleri<\/li>\n<li>A\u015f\u0131r\u0131 y\u00fck \u00e7\u0131k\u0131\u015f\u0131,<\/li>\n<li>Acil ayd\u0131nlatma ba\u011flant\u0131 klemensleri,<\/li>\n<li>Kabin fan\u0131 butonu giri\u015fi ve led \u00e7\u0131k\u0131\u015f\u0131,<\/li>\n<li>Alarm butonu ba\u011flant\u0131s\u0131,<\/li>\n<li>Anons mod\u00fcl\u00fc i\u00e7in hoparl\u00f6r ba\u011flant\u0131 klemensleri,<\/li>\n<li>K\u0131sa devre korumal\u0131 \u00e7\u0131k\u0131\u015flar,<\/li>\n<li>2 adet programlanabilir yedek giri\u015f ve \u00e7\u0131k\u0131\u015flar<\/li>\n<\/ul>\n<\/div>\n<\/div>\n<div><strong>Tek Soketle Kolay Ba\u011flant\u0131 <\/strong><strong>Ak\u0131ll\u0131 Kat Butonyeri Tan\u0131ma \u00d6zelli\u011fi<\/strong><br \/>Mik-el\u2019in \u00f6zel \u00e7\u00f6z\u00fcm\u00fc olan ak\u0131ll\u0131 kat butonyeri tan\u0131ma \u00f6zelli\u011fi sayesinde kat butonyerleri otomatik olarak adreslenir.<\/p>\n<p><strong>Zengin Model Se\u00e7ene\u011fi<\/strong><br \/>Simpleks ve dubleks asans\u00f6rler i\u00e7in Dot-matris, 7 segment ve TFT LCD g\u00f6sterge se\u00e7enekleri.<\/p>\n<h3>&nbsp;<\/h3>\n<h3>Mik-el Seri Haberle\u015fmeli Kat Kartlar\u0131 SL14, SL160<\/h3>\n<ul class=\"urun-genel\">\n<li>Farkl\u0131 kat butonyerlerinde kullan\u0131lmak \u00fczere tasarlanm\u0131\u015f, \u00fczerinde g\u00f6stergesi ve \u00e7a\u011fr\u0131 giri\u015f-\u00e7\u0131k\u0131\u015flar\u0131 bulunan seri haberle\u015fmeli kat kartlar\u0131d\u0131r.<\/li>\n<li>Dot-matris (SL160), 2&#215;7 segment (SL14)g\u00f6sterge se\u00e7enekleri,<\/li>\n<li>Simpleks ve dubleks asans\u00f6rler i\u00e7in tek d\u00fc\u011fmeli ve \u00e7ift d\u00fc\u011fmeli se\u00e7enekler<\/li>\n<\/ul>\n<h3>SL FCP<\/h3>\n<ul class=\"urun-genel\">\n<li>G\u00f6sterge ba\u011flant\u0131l\u0131 ak\u0131ll\u0131 kat kart\u0131<\/li>\n<li>Farkl\u0131 g\u00f6stergelerle kullan\u0131m i\u00e7in Gray\/Binary kod \u00e7\u0131k\u0131\u015f\u0131<\/li>\n<li>Me\u015fgul, Servis d\u0131\u015f\u0131, Bak\u0131m ve Y\u00f6n oklar\u0131 sinyal \u00e7\u0131k\u0131\u015flar\u0131<\/li>\n<li>Sesli uyar\u0131 i\u00e7in buzzer ba\u011flant\u0131s\u0131 \u00e7\u0131k\u0131\u015f\u0131<\/li>\n<\/ul>\n<h3>SL FAB<\/h3>\n<ul class=\"urun-genel\">\n<li>G\u00f6stergesiz ak\u0131ll\u0131 kat kart\u0131<\/li>\n<li>G\u00f6stergesiz butonlarda kullan\u0131m i\u00e7in ekonomik tasar\u0131m<\/li>\n<li>Y\u00f6n oklar\u0131 i\u00e7in \u00e7\u0131k\u0131\u015flar<\/li>\n<li>Sesli uyar\u0131 i\u00e7in kart \u00fczerinde dahili buzzer<\/li>\n<\/ul>\n<\/div>\n\n<\/div>\n<div class=\"panel entry-content\" id=\"tab_teknik-d?k?man\">\n\n<p>Teknik d\u00f6k\u00fcmanlar i\u00e7in&nbsp;<strong><a href=\"https:\/\/drive.google.com\/drive\/folders\/1cP-hUkF5j68I5tB47ki4ZTwmK-fpuBT3\">t\u0131klay\u0131n\u0131z\u2026<\/a><\/strong><\/p>\n\n<\/div><\/div><\/div>\n\n","protected":false},"excerpt":{"rendered":"","protected":false},"author":1,"featured_media":0,"parent":163,"menu_order":0,"comment_status":"closed","ping_status":"closed","template":"page-right-sidebar.php","meta":{"ngg_post_thumbnail":0,"footnotes":""},"class_list":["post-1220","page","type-page","status-publish","hentry"],"aioseo_notices":[],"_links":{"self":[{"href":"https:\/\/www.mik-el.com\/index.php?rest_route=\/wp\/v2\/pages\/1220","targetHints":{"allow":["GET"]}}],"collection":[{"href":"https:\/\/www.mik-el.com\/index.php?rest_route=\/wp\/v2\/pages"}],"about":[{"href":"https:\/\/www.mik-el.com\/index.php?rest_route=\/wp\/v2\/types\/page"}],"author":[{"embeddable":true,"href":"https:\/\/www.mik-el.com\/index.php?rest_route=\/wp\/v2\/users\/1"}],"replies":[{"embeddable":true,"href":"https:\/\/www.mik-el.com\/index.php?rest_route=%2Fwp%2Fv2%2Fcomments&post=1220"}],"version-history":[{"count":10,"href":"https:\/\/www.mik-el.com\/index.php?rest_route=\/wp\/v2\/pages\/1220\/revisions"}],"predecessor-version":[{"id":2027,"href":"https:\/\/www.mik-el.com\/index.php?rest_route=\/wp\/v2\/pages\/1220\/revisions\/2027"}],"up":[{"embeddable":true,"href":"https:\/\/www.mik-el.com\/index.php?rest_route=\/wp\/v2\/pages\/163"}],"wp:attachment":[{"href":"https:\/\/www.mik-el.com\/index.php?rest_route=%2Fwp%2Fv2%2Fmedia&parent=1220"}],"curies":[{"name":"wp","href":"https:\/\/api.w.org\/{rel}","templated":true}]}}