{"id":1555,"date":"2019-04-26T12:17:30","date_gmt":"2019-04-26T09:17:30","guid":{"rendered":"http:\/\/www.mik-el.com\/?page_id=1555"},"modified":"2019-04-26T12:17:30","modified_gmt":"2019-04-26T09:17:30","slug":"urunler-2","status":"publish","type":"page","link":"https:\/\/www.mik-el.com\/?page_id=1555","title":{"rendered":"\u00dcr\u00fcnler 2"},"content":{"rendered":"\n<div class=\"container section-title-container\" ><h3 class=\"section-title section-title-center\"><b><\/b><span class=\"section-title-main\" >Asans\u00f6r Kumanda Panolar\u0131 &amp; Ak\u0131ll\u0131 Butonyerler &amp; Haz\u0131r Tesisat<\/span><b><\/b><\/h3><\/div><!-- .section-title -->\n\n<div class=\"row\"  id=\"row-697049495\">\n\n<div class=\"col medium-3 small-6 large-3\"  ><div class=\"col-inner\"  >\n\n\t<div class=\"box has-hover   has-hover box-text-bottom\" >\n\n\t\t<div class=\"box-image\" >\n\t\t\t<a href=\"http:\/\/www.mik-el.com\/?page_id=1199\" target=\"_self\" >\t\t\t<div class=\"image-zoom\" >\n\t\t\t\t<img loading=\"lazy\" decoding=\"async\" width=\"1000\" height=\"1000\" src=\"https:\/\/www.mik-el.com\/wp-content\/uploads\/2019\/04\/CP-U-STO-MRL.png\" class=\"attachment- size-\" alt=\"\" srcset=\"https:\/\/www.mik-el.com\/wp-content\/uploads\/2019\/04\/CP-U-STO-MRL.png 1000w, https:\/\/www.mik-el.com\/wp-content\/uploads\/2019\/04\/CP-U-STO-MRL-150x150.png 150w, https:\/\/www.mik-el.com\/wp-content\/uploads\/2019\/04\/CP-U-STO-MRL-300x300.png 300w, https:\/\/www.mik-el.com\/wp-content\/uploads\/2019\/04\/CP-U-STO-MRL-768x768.png 768w\" sizes=\"auto, (max-width: 1000px) 100vw, 1000px\" \/>\t\t\t\t\t\t\t\t\t\t\t<\/div>\n\t\t\t<\/a>\t\t<\/div><!-- box-image -->\n\n\t\t<div class=\"box-text text-center\" >\n\t\t\t<div class=\"box-text-inner\">\n\t\t\t\t\n\n<\/p>\n<h4>CP U-STO MRL<br \/>\n<\/h4>\n<p>Makine Dairesiz Asans\u00f6rler i\u00e7in Kumanda Panosu<\/p>\n\n\t\t\t<\/div><!-- box-text-inner -->\n\t\t<\/div><!-- box-text -->\n\t<\/div><!-- .box  -->\n\t\n\n<\/div><\/div>\n<div class=\"col medium-3 small-6 large-3\"  ><div class=\"col-inner\"  >\n\n\t<div class=\"box has-hover   has-hover box-text-bottom\" >\n\n\t\t<div class=\"box-image\" >\n\t\t\t<a href=\"http:\/\/www.mik-el.com\/?page_id=1204\" target=\"_self\" >\t\t\t<div class=\"image-zoom\" >\n\t\t\t\t<img loading=\"lazy\" decoding=\"async\" width=\"1000\" height=\"1000\" src=\"https:\/\/www.mik-el.com\/wp-content\/uploads\/2019\/04\/CP-U-STO-SLIM.png\" class=\"attachment- size-\" alt=\"\" srcset=\"https:\/\/www.mik-el.com\/wp-content\/uploads\/2019\/04\/CP-U-STO-SLIM.png 1000w, https:\/\/www.mik-el.com\/wp-content\/uploads\/2019\/04\/CP-U-STO-SLIM-150x150.png 150w, https:\/\/www.mik-el.com\/wp-content\/uploads\/2019\/04\/CP-U-STO-SLIM-300x300.png 300w, https:\/\/www.mik-el.com\/wp-content\/uploads\/2019\/04\/CP-U-STO-SLIM-768x768.png 768w\" sizes=\"auto, (max-width: 1000px) 100vw, 1000px\" \/>\t\t\t\t\t\t\t\t\t\t\t<\/div>\n\t\t\t<\/a>\t\t<\/div><!-- box-image -->\n\n\t\t<div class=\"box-text text-center\" >\n\t\t\t<div class=\"box-text-inner\">\n\t\t\t\t\n\n<\/p>\n<h4>CP U-STO SLIM<\/h4>\n<p>Kap\u0131 Kasas\u0131nda Kumanda Panosu<\/p>\n\n\t\t\t<\/div><!-- box-text-inner -->\n\t\t<\/div><!-- box-text -->\n\t<\/div><!-- .box  -->\n\t\n\n<\/div><\/div>\n<div class=\"col medium-3 small-6 large-3\"  ><div class=\"col-inner\"  >\n\n\t<div class=\"box has-hover   has-hover box-text-bottom\" >\n\n\t\t<div class=\"box-image\" >\n\t\t\t<a href=\"http:\/\/www.mik-el.com\/?page_id=1202\" target=\"_self\" >\t\t\t<div class=\"image-zoom\" >\n\t\t\t\t<img loading=\"lazy\" decoding=\"async\" width=\"1000\" height=\"1000\" src=\"https:\/\/www.mik-el.com\/wp-content\/uploads\/2019\/04\/CP-U-STO-MR.png\" class=\"attachment- size-\" alt=\"\" srcset=\"https:\/\/www.mik-el.com\/wp-content\/uploads\/2019\/04\/CP-U-STO-MR.png 1000w, https:\/\/www.mik-el.com\/wp-content\/uploads\/2019\/04\/CP-U-STO-MR-150x150.png 150w, https:\/\/www.mik-el.com\/wp-content\/uploads\/2019\/04\/CP-U-STO-MR-300x300.png 300w, https:\/\/www.mik-el.com\/wp-content\/uploads\/2019\/04\/CP-U-STO-MR-768x768.png 768w\" sizes=\"auto, (max-width: 1000px) 100vw, 1000px\" \/>\t\t\t\t\t\t\t\t\t\t\t<\/div>\n\t\t\t<\/a>\t\t<\/div><!-- box-image -->\n\n\t\t<div class=\"box-text text-center\" >\n\t\t\t<div class=\"box-text-inner\">\n\t\t\t\t\n\n<\/p>\n<h4>CP U-STO MR<br \/>\n<\/h4>\n<p>Makine Dairesiz Asans\u00f6rler i\u00e7in Kumanda Panosu<\/p>\n\n\t\t\t<\/div><!-- box-text-inner -->\n\t\t<\/div><!-- box-text -->\n\t<\/div><!-- .box  -->\n\t\n\n<\/div><\/div>\n<div class=\"col medium-3 small-6 large-3\"  ><div class=\"col-inner\"  >\n\n\t<div class=\"box has-hover   has-hover box-text-bottom\" >\n\n\t\t<div class=\"box-image\" >\n\t\t\t<a href=\"http:\/\/www.mik-el.com\/?page_id=1209\" target=\"_self\" >\t\t\t<div class=\"image-zoom\" >\n\t\t\t\t<img loading=\"lazy\" decoding=\"async\" width=\"1000\" height=\"1000\" src=\"https:\/\/www.mik-el.com\/wp-content\/uploads\/2019\/04\/sx-ultra-hidrolik.png\" class=\"attachment- size-\" alt=\"\" srcset=\"https:\/\/www.mik-el.com\/wp-content\/uploads\/2019\/04\/sx-ultra-hidrolik.png 1000w, https:\/\/www.mik-el.com\/wp-content\/uploads\/2019\/04\/sx-ultra-hidrolik-150x150.png 150w, https:\/\/www.mik-el.com\/wp-content\/uploads\/2019\/04\/sx-ultra-hidrolik-300x300.png 300w, https:\/\/www.mik-el.com\/wp-content\/uploads\/2019\/04\/sx-ultra-hidrolik-768x768.png 768w\" sizes=\"auto, (max-width: 1000px) 100vw, 1000px\" \/>\t\t\t\t\t\t\t\t\t\t\t<\/div>\n\t\t\t<\/a>\t\t<\/div><!-- box-image -->\n\n\t\t<div class=\"box-text text-center\" >\n\t\t\t<div class=\"box-text-inner\">\n\t\t\t\t\n\n<\/p>\n<h4>SX ULTRA H\u0130DROL\u0130K<br \/>\n<\/h4>\n<p>Hidrolik Asans\u00f6rler i\u00e7in Kumanda Panosu<\/p>\n\n\t\t\t<\/div><!-- box-text-inner -->\n\t\t<\/div><!-- box-text -->\n\t<\/div><!-- .box  -->\n\t\n\n<\/div><\/div>\n\n<\/div>\n<div class=\"row\"  id=\"row-707701221\">\n\n<div class=\"col medium-3 small-6 large-3\"  ><div class=\"col-inner\"  >\n\n\t<div class=\"box has-hover   has-hover box-text-bottom\" >\n\n\t\t<div class=\"box-image\" >\n\t\t\t<a href=\"http:\/\/www.mik-el.com\/?page_id=1215\" target=\"_self\" >\t\t\t<div class=\"image-zoom\" >\n\t\t\t\t<img loading=\"lazy\" decoding=\"async\" width=\"1000\" height=\"1000\" src=\"https:\/\/www.mik-el.com\/wp-content\/uploads\/2019\/04\/sx-classic-mrl.png\" class=\"attachment- size-\" alt=\"\" srcset=\"https:\/\/www.mik-el.com\/wp-content\/uploads\/2019\/04\/sx-classic-mrl.png 1000w, https:\/\/www.mik-el.com\/wp-content\/uploads\/2019\/04\/sx-classic-mrl-150x150.png 150w, https:\/\/www.mik-el.com\/wp-content\/uploads\/2019\/04\/sx-classic-mrl-300x300.png 300w, https:\/\/www.mik-el.com\/wp-content\/uploads\/2019\/04\/sx-classic-mrl-768x768.png 768w\" sizes=\"auto, (max-width: 1000px) 100vw, 1000px\" \/>\t\t\t\t\t\t\t\t\t\t\t<\/div>\n\t\t\t<\/a>\t\t<\/div><!-- box-image -->\n\n\t\t<div class=\"box-text text-center\" >\n\t\t\t<div class=\"box-text-inner\">\n\t\t\t\t\n\n<\/p>\n<h4>SX CLASSIC MRL<br \/>\n<\/h4>\n<p>Makine Dairesiz Asans\u00f6rler i\u00e7in Kumanda Panosu<\/p>\n\n\t\t\t<\/div><!-- box-text-inner -->\n\t\t<\/div><!-- box-text -->\n\t<\/div><!-- .box  -->\n\t\n\n<\/div><\/div>\n<div class=\"col medium-3 small-6 large-3\"  ><div class=\"col-inner\"  >\n\n\t<div class=\"box has-hover   has-hover box-text-bottom\" >\n\n\t\t<div class=\"box-image\" >\n\t\t\t<a href=\"http:\/\/www.mik-el.com\/?page_id=1217\" target=\"_self\" >\t\t\t<div class=\"image-zoom\" >\n\t\t\t\t<img loading=\"lazy\" decoding=\"async\" width=\"1000\" height=\"1000\" src=\"https:\/\/www.mik-el.com\/wp-content\/uploads\/2019\/04\/sx-classic-mr.png\" class=\"attachment- size-\" alt=\"\" srcset=\"https:\/\/www.mik-el.com\/wp-content\/uploads\/2019\/04\/sx-classic-mr.png 1000w, https:\/\/www.mik-el.com\/wp-content\/uploads\/2019\/04\/sx-classic-mr-150x150.png 150w, https:\/\/www.mik-el.com\/wp-content\/uploads\/2019\/04\/sx-classic-mr-300x300.png 300w, https:\/\/www.mik-el.com\/wp-content\/uploads\/2019\/04\/sx-classic-mr-768x768.png 768w\" sizes=\"auto, (max-width: 1000px) 100vw, 1000px\" \/>\t\t\t\t\t\t\t\t\t\t\t<\/div>\n\t\t\t<\/a>\t\t<\/div><!-- box-image -->\n\n\t\t<div class=\"box-text text-center\" >\n\t\t\t<div class=\"box-text-inner\">\n\t\t\t\t\n\n<\/p>\n<h4>CP SX CLASSIC MR<\/h4>\n<p>Makine Daireli Asans\u00f6rler i\u00e7in Kumanda Panosu<\/p>\n\n\t\t\t<\/div><!-- box-text-inner -->\n\t\t<\/div><!-- box-text -->\n\t<\/div><!-- .box  -->\n\t\n\n<\/div><\/div>\n<div class=\"col medium-3 small-6 large-3\"  ><div class=\"col-inner\"  >\n\n\t<div class=\"box has-hover   has-hover box-text-bottom\" >\n\n\t\t<div class=\"box-image\" >\n\t\t\t<a href=\"http:\/\/www.mik-el.com\/?page_id=1220\" target=\"_self\" >\t\t\t<div class=\"image-zoom\" >\n\t\t\t\t<img loading=\"lazy\" decoding=\"async\" width=\"1000\" height=\"1000\" src=\"https:\/\/www.mik-el.com\/wp-content\/uploads\/2019\/04\/akilli-butonyerler-1.png\" class=\"attachment- size-\" alt=\"\" srcset=\"https:\/\/www.mik-el.com\/wp-content\/uploads\/2019\/04\/akilli-butonyerler-1.png 1000w, https:\/\/www.mik-el.com\/wp-content\/uploads\/2019\/04\/akilli-butonyerler-1-150x150.png 150w, https:\/\/www.mik-el.com\/wp-content\/uploads\/2019\/04\/akilli-butonyerler-1-300x300.png 300w, https:\/\/www.mik-el.com\/wp-content\/uploads\/2019\/04\/akilli-butonyerler-1-768x768.png 768w\" sizes=\"auto, (max-width: 1000px) 100vw, 1000px\" \/>\t\t\t\t\t\t\t\t\t\t\t<\/div>\n\t\t\t<\/a>\t\t<\/div><!-- box-image -->\n\n\t\t<div class=\"box-text text-center\" >\n\t\t\t<div class=\"box-text-inner\">\n\t\t\t\t\n\n<\/p>\n<h4>BUTONYERLER<br \/>\n<\/h4>\n<p>Seri Haberle\u015fmeli Ak\u0131ll\u0131 Kat ve Kabin Buton Yerler<\/p>\n\n\t\t\t<\/div><!-- box-text-inner -->\n\t\t<\/div><!-- box-text -->\n\t<\/div><!-- .box  -->\n\t\n\n<\/div><\/div>\n<div class=\"col medium-3 small-6 large-3\"  ><div class=\"col-inner\"  >\n\n\t<div class=\"box has-hover   has-hover box-text-bottom\" >\n\n\t\t<div class=\"box-image\" >\n\t\t\t<a href=\"http:\/\/www.mik-el.com\/?page_id=1237\" target=\"_self\" >\t\t\t<div class=\"image-zoom\" >\n\t\t\t\t<img loading=\"lazy\" decoding=\"async\" width=\"1000\" height=\"1000\" src=\"https:\/\/www.mik-el.com\/wp-content\/uploads\/2019\/04\/sistem.png\" class=\"attachment- size-\" alt=\"\" srcset=\"https:\/\/www.mik-el.com\/wp-content\/uploads\/2019\/04\/sistem.png 1000w, https:\/\/www.mik-el.com\/wp-content\/uploads\/2019\/04\/sistem-150x150.png 150w, https:\/\/www.mik-el.com\/wp-content\/uploads\/2019\/04\/sistem-300x300.png 300w, https:\/\/www.mik-el.com\/wp-content\/uploads\/2019\/04\/sistem-768x768.png 768w\" sizes=\"auto, (max-width: 1000px) 100vw, 1000px\" \/>\t\t\t\t\t\t\t\t\t\t\t<\/div>\n\t\t\t<\/a>\t\t<\/div><!-- box-image -->\n\n\t\t<div class=\"box-text text-center\" >\n\t\t\t<div class=\"box-text-inner\">\n\t\t\t\t\n\n<\/p>\n<h4>HAZIR TES\u0130SAT<br \/>\n<\/h4>\n<p>T\u00fcm ekipmanlar\u0131 ile haz\u0131rlanm\u0131\u015f haz\u0131r tesisat sistemi.<\/p>\n\n\t\t\t<\/div><!-- box-text-inner -->\n\t\t<\/div><!-- box-text -->\n\t<\/div><!-- .box  -->\n\t\n\n<\/div><\/div>\n\n<\/div>\n<div class=\"container section-title-container\" ><h3 class=\"section-title section-title-center\"><b><\/b><span class=\"section-title-main\" >Asans\u00f6r Kumanda Sistemleri ve S\u00fcr\u00fcc\u00fcler<\/span><b><\/b><\/h3><\/div><!-- .section-title -->\n\n<div class=\"row\"  id=\"row-1827420880\">\n\n<div class=\"col medium-3 small-6 large-3\"  ><div class=\"col-inner\"  >\n\n\t<div class=\"box has-hover   has-hover box-text-bottom\" >\n\n\t\t<div class=\"box-image\" >\n\t\t\t<a href=\"http:\/\/www.mik-el.com\/?page_id=1155\" target=\"_self\" >\t\t\t<div class=\"image-zoom\" >\n\t\t\t\t<img loading=\"lazy\" decoding=\"async\" width=\"1000\" height=\"1000\" src=\"https:\/\/www.mik-el.com\/wp-content\/uploads\/2019\/04\/u-sto.png\" class=\"attachment- size-\" alt=\"\" srcset=\"https:\/\/www.mik-el.com\/wp-content\/uploads\/2019\/04\/u-sto.png 1000w, https:\/\/www.mik-el.com\/wp-content\/uploads\/2019\/04\/u-sto-150x150.png 150w, https:\/\/www.mik-el.com\/wp-content\/uploads\/2019\/04\/u-sto-300x300.png 300w, https:\/\/www.mik-el.com\/wp-content\/uploads\/2019\/04\/u-sto-768x768.png 768w\" sizes=\"auto, (max-width: 1000px) 100vw, 1000px\" \/>\t\t\t\t\t\t\t\t\t\t\t<\/div>\n\t\t\t<\/a>\t\t<\/div><!-- box-image -->\n\n\t\t<div class=\"box-text text-center\" >\n\t\t\t<div class=\"box-text-inner\">\n\t\t\t\t\n\n<\/p>\n<h4>U-STO<\/h4>\n<p>Kontakt\u00f6rs\u00fcz T\u00fcmle\u015fik Asans\u00f6r Kumanda ve S\u00fcr\u00fcc\u00fcs\u00fc<\/p>\n\n\t\t\t<\/div><!-- box-text-inner -->\n\t\t<\/div><!-- box-text -->\n\t<\/div><!-- .box  -->\n\t\n\n<\/div><\/div>\n<div class=\"col medium-3 small-6 large-3\"  ><div class=\"col-inner\"  >\n\n\t<div class=\"box has-hover   has-hover box-text-bottom\" >\n\n\t\t<div class=\"box-image\" >\n\t\t\t<a href=\"http:\/\/www.mik-el.com\/?page_id=1170\" target=\"_self\" >\t\t\t<div class=\"image-zoom\" >\n\t\t\t\t<img loading=\"lazy\" decoding=\"async\" width=\"1000\" height=\"1000\" src=\"https:\/\/www.mik-el.com\/wp-content\/uploads\/2019\/04\/sx-ultra-seri.png\" class=\"attachment- size-\" alt=\"\" srcset=\"https:\/\/www.mik-el.com\/wp-content\/uploads\/2019\/04\/sx-ultra-seri.png 1000w, https:\/\/www.mik-el.com\/wp-content\/uploads\/2019\/04\/sx-ultra-seri-150x150.png 150w, https:\/\/www.mik-el.com\/wp-content\/uploads\/2019\/04\/sx-ultra-seri-300x300.png 300w, https:\/\/www.mik-el.com\/wp-content\/uploads\/2019\/04\/sx-ultra-seri-768x768.png 768w\" sizes=\"auto, (max-width: 1000px) 100vw, 1000px\" \/>\t\t\t\t\t\t\t\t\t\t\t<\/div>\n\t\t\t<\/a>\t\t<\/div><!-- box-image -->\n\n\t\t<div class=\"box-text text-center\" >\n\t\t\t<div class=\"box-text-inner\">\n\t\t\t\t\n\n<\/p>\n<h4>Mikronik SX Ultra Seri<\/h4>\n<p>Halatl\u0131 ve Hidrolik Asans\u00f6rler i\u00e7in Kumanda Sistemi<\/p>\n\n\t\t\t<\/div><!-- box-text-inner -->\n\t\t<\/div><!-- box-text -->\n\t<\/div><!-- .box  -->\n\t\n\n<\/div><\/div>\n<div class=\"col medium-3 small-6 large-3\"  ><div class=\"col-inner\"  >\n\n\t<div class=\"box has-hover   has-hover box-text-bottom\" >\n\n\t\t<div class=\"box-image\" >\n\t\t\t<a href=\"http:\/\/www.mik-el.com\/?page_id=1176\" target=\"_self\" >\t\t\t<div class=\"image-zoom\" >\n\t\t\t\t<img loading=\"lazy\" decoding=\"async\" width=\"1000\" height=\"1000\" src=\"https:\/\/www.mik-el.com\/wp-content\/uploads\/2019\/04\/sx-ultra-paralel.png\" class=\"attachment- size-\" alt=\"\" srcset=\"https:\/\/www.mik-el.com\/wp-content\/uploads\/2019\/04\/sx-ultra-paralel.png 1000w, https:\/\/www.mik-el.com\/wp-content\/uploads\/2019\/04\/sx-ultra-paralel-150x150.png 150w, https:\/\/www.mik-el.com\/wp-content\/uploads\/2019\/04\/sx-ultra-paralel-300x300.png 300w, https:\/\/www.mik-el.com\/wp-content\/uploads\/2019\/04\/sx-ultra-paralel-768x768.png 768w\" sizes=\"auto, (max-width: 1000px) 100vw, 1000px\" \/>\t\t\t\t\t\t\t\t\t\t\t<\/div>\n\t\t\t<\/a>\t\t<\/div><!-- box-image -->\n\n\t\t<div class=\"box-text text-center\" >\n\t\t\t<div class=\"box-text-inner\">\n\t\t\t\t\n\n<\/p>\n<h4>Mikronik SX Ultra Paralel<\/h4>\n<p>Halatl\u0131 ve Hidrolik Asans\u00f6rler i\u00e7in Kumanda Sistemi<\/p>\n\n\t\t\t<\/div><!-- box-text-inner -->\n\t\t<\/div><!-- box-text -->\n\t<\/div><!-- .box  -->\n\t\n\n<\/div><\/div>\n<div class=\"col medium-3 small-6 large-3\"  ><div class=\"col-inner\"  >\n\n\t<div class=\"box has-hover   has-hover box-text-bottom\" >\n\n\t\t<div class=\"box-image\" >\n\t\t\t<a href=\"http:\/\/www.mik-el.com\/?page_id=1178\" target=\"_self\" >\t\t\t<div class=\"image-zoom\" >\n\t\t\t\t<img loading=\"lazy\" decoding=\"async\" width=\"1000\" height=\"1000\" src=\"https:\/\/www.mik-el.com\/wp-content\/uploads\/2019\/04\/sx-classic.png\" class=\"attachment- size-\" alt=\"\" srcset=\"https:\/\/www.mik-el.com\/wp-content\/uploads\/2019\/04\/sx-classic.png 1000w, https:\/\/www.mik-el.com\/wp-content\/uploads\/2019\/04\/sx-classic-150x150.png 150w, https:\/\/www.mik-el.com\/wp-content\/uploads\/2019\/04\/sx-classic-300x300.png 300w, https:\/\/www.mik-el.com\/wp-content\/uploads\/2019\/04\/sx-classic-768x768.png 768w\" sizes=\"auto, (max-width: 1000px) 100vw, 1000px\" \/>\t\t\t\t\t\t\t\t\t\t\t<\/div>\n\t\t\t<\/a>\t\t<\/div><!-- box-image -->\n\n\t\t<div class=\"box-text text-center\" >\n\t\t\t<div class=\"box-text-inner\">\n\t\t\t\t\n\n<\/p>\n<h4>Mikronik SX Classic<\/h4>\n<p>Halatl\u0131 ve Hidrolik Asans\u00f6rler i\u00e7in Kumanda Sistemi<\/p>\n\n\t\t\t<\/div><!-- box-text-inner -->\n\t\t<\/div><!-- box-text -->\n\t<\/div><!-- .box  -->\n\t\n\n<\/div><\/div>\n\n<\/div>\n<div class=\"row\"  id=\"row-1431153749\">\n\n<div class=\"col medium-3 small-6 large-3\"  ><div class=\"col-inner\"  >\n\n\t<div class=\"box has-hover   has-hover box-text-bottom\" >\n\n\t\t<div class=\"box-image\" style=\"width:89%;\">\n\t\t\t<a href=\"http:\/\/www.mik-el.com\/?page_id=1187\" target=\"_self\" >\t\t\t<div class=\"image-zoom\" >\n\t\t\t\t<img loading=\"lazy\" decoding=\"async\" width=\"1000\" height=\"1000\" src=\"https:\/\/www.mik-el.com\/wp-content\/uploads\/2019\/04\/mp-20-1.png\" class=\"attachment- size-\" alt=\"\" srcset=\"https:\/\/www.mik-el.com\/wp-content\/uploads\/2019\/04\/mp-20-1.png 1000w, https:\/\/www.mik-el.com\/wp-content\/uploads\/2019\/04\/mp-20-1-150x150.png 150w, https:\/\/www.mik-el.com\/wp-content\/uploads\/2019\/04\/mp-20-1-300x300.png 300w, https:\/\/www.mik-el.com\/wp-content\/uploads\/2019\/04\/mp-20-1-768x768.png 768w\" sizes=\"auto, (max-width: 1000px) 100vw, 1000px\" \/>\t\t\t\t\t\t\t\t\t\t\t<\/div>\n\t\t\t<\/a>\t\t<\/div><!-- box-image -->\n\n\t\t<div class=\"box-text text-center\" >\n\t\t\t<div class=\"box-text-inner\">\n\t\t\t\t\n\n<\/p>\n<h4>MP-20<\/h4>\n<p>Hassas Kat Ayar\u0131 ve Kilit K\u00f6pr\u00fcleme B\u00f6lgesi (ML) i\u00e7in Manyetik Sens\u00f6r<\/p>\n\n\t\t\t<\/div><!-- box-text-inner -->\n\t\t<\/div><!-- box-text -->\n\t<\/div><!-- .box  -->\n\t\n\n<\/div><\/div>\n<div class=\"col medium-3 small-6 large-3\"  ><div class=\"col-inner\"  >\n\n\t<div class=\"box has-hover   has-hover box-text-bottom\" >\n\n\t\t<div class=\"box-image\" >\n\t\t\t<a href=\"http:\/\/www.mik-el.com\/?page_id=945\" target=\"_self\" >\t\t\t<div class=\"image-zoom\" >\n\t\t\t\t<img loading=\"lazy\" decoding=\"async\" width=\"1200\" height=\"1067\" src=\"https:\/\/www.mik-el.com\/wp-content\/uploads\/2019\/04\/mdsto.png\" class=\"attachment- size-\" alt=\"\" srcset=\"https:\/\/www.mik-el.com\/wp-content\/uploads\/2019\/04\/mdsto.png 1200w, https:\/\/www.mik-el.com\/wp-content\/uploads\/2019\/04\/mdsto-300x267.png 300w, https:\/\/www.mik-el.com\/wp-content\/uploads\/2019\/04\/mdsto-768x683.png 768w, https:\/\/www.mik-el.com\/wp-content\/uploads\/2019\/04\/mdsto-1024x911.png 1024w\" sizes=\"auto, (max-width: 1200px) 100vw, 1200px\" \/>\t\t\t\t\t\t\t\t\t\t\t<\/div>\n\t\t\t<\/a>\t\t<\/div><!-- box-image -->\n\n\t\t<div class=\"box-text text-center\" >\n\t\t\t<div class=\"box-text-inner\">\n\t\t\t\t\n\n<\/p>\n<h4>MD-STO<\/h4>\n<p>Kontakt\u00f6r Gerektirmeyen Asans\u00f6r \u0130nverteri<\/p>\n\n\t\t\t<\/div><!-- box-text-inner -->\n\t\t<\/div><!-- box-text -->\n\t<\/div><!-- .box  -->\n\t\n\n<\/div><\/div>\n<div class=\"col medium-3 small-6 large-3\"  ><div class=\"col-inner\"  >\n\n\t<div class=\"box has-hover   has-hover box-text-bottom\" >\n\n\t\t<div class=\"box-image\" >\n\t\t\t<a href=\"http:\/\/www.mik-el.com\/?page_id=220\" target=\"_self\" >\t\t\t<div class=\"image-zoom\" >\n\t\t\t\t<img loading=\"lazy\" decoding=\"async\" width=\"360\" height=\"320\" src=\"https:\/\/www.mik-el.com\/wp-content\/uploads\/2019\/04\/l1000a.png\" class=\"attachment- size-\" alt=\"\" srcset=\"https:\/\/www.mik-el.com\/wp-content\/uploads\/2019\/04\/l1000a.png 360w, https:\/\/www.mik-el.com\/wp-content\/uploads\/2019\/04\/l1000a-300x267.png 300w\" sizes=\"auto, (max-width: 360px) 100vw, 360px\" \/>\t\t\t\t\t\t\t\t\t\t\t<\/div>\n\t\t\t<\/a>\t\t<\/div><!-- box-image -->\n\n\t\t<div class=\"box-text text-center\" >\n\t\t\t<div class=\"box-text-inner\">\n\t\t\t\t\n\n<\/p>\n<h4>YASKAWA L1000A<\/h4>\n<p>VVVF H\u0131z Kontrol Cihaz\u0131<\/p>\n\n\t\t\t<\/div><!-- box-text-inner -->\n\t\t<\/div><!-- box-text -->\n\t<\/div><!-- .box  -->\n\t\n\n<\/div><\/div>\n<div class=\"col medium-3 small-6 large-3\"  ><div class=\"col-inner\"  >\n\n\n<\/div><\/div>\n\n<\/div>\n\n","protected":false},"excerpt":{"rendered":"","protected":false},"author":1,"featured_media":0,"parent":0,"menu_order":0,"comment_status":"closed","ping_status":"closed","template":"","meta":{"ngg_post_thumbnail":0,"footnotes":""},"class_list":["post-1555","page","type-page","status-publish","hentry"],"aioseo_notices":[],"_links":{"self":[{"href":"https:\/\/www.mik-el.com\/index.php?rest_route=\/wp\/v2\/pages\/1555","targetHints":{"allow":["GET"]}}],"collection":[{"href":"https:\/\/www.mik-el.com\/index.php?rest_route=\/wp\/v2\/pages"}],"about":[{"href":"https:\/\/www.mik-el.com\/index.php?rest_route=\/wp\/v2\/types\/page"}],"author":[{"embeddable":true,"href":"https:\/\/www.mik-el.com\/index.php?rest_route=\/wp\/v2\/users\/1"}],"replies":[{"embeddable":true,"href":"https:\/\/www.mik-el.com\/index.php?rest_route=%2Fwp%2Fv2%2Fcomments&post=1555"}],"version-history":[{"count":2,"href":"https:\/\/www.mik-el.com\/index.php?rest_route=\/wp\/v2\/pages\/1555\/revisions"}],"predecessor-version":[{"id":1557,"href":"https:\/\/www.mik-el.com\/index.php?rest_route=\/wp\/v2\/pages\/1555\/revisions\/1557"}],"wp:attachment":[{"href":"https:\/\/www.mik-el.com\/index.php?rest_route=%2Fwp%2Fv2%2Fmedia&parent=1555"}],"curies":[{"name":"wp","href":"https:\/\/api.w.org\/{rel}","templated":true}]}}