{"id":1699,"date":"2020-12-11T16:56:22","date_gmt":"2020-12-11T13:56:22","guid":{"rendered":"https:\/\/www.mik-el.com\/?page_id=1699"},"modified":"2020-12-11T16:57:41","modified_gmt":"2020-12-11T13:57:41","slug":"policy","status":"publish","type":"page","link":"https:\/\/www.mik-el.com\/?page_id=1699","title":{"rendered":"policy"},"content":{"rendered":"\n<div class=\"row align-bottom align-center\"  id=\"row-1697157290\">\n\n<div class=\"col medium-10 small-12 large-10\"  ><div class=\"col-inner\"  >\n\n<p><!--\nspan.cls_003{font-family:Arial,serif;font-size:12.1px;color:rgb(0,0,0);font-weight:bold;font-style:normal;text-decoration: none}\ndiv.cls_003{font-family:Arial,serif;font-size:12.1px;color:rgb(0,0,0);font-weight:bold;font-style:normal;text-decoration: none}\nspan.cls_004{font-family:Arial,serif;font-size:12.1px;color:rgb(0,0,0);font-weight:normal;font-style:normal;text-decoration: none}\ndiv.cls_004{font-family:Arial,serif;font-size:12.1px;color:rgb(0,0,0);font-weight:normal;font-style:normal;text-decoration: none}\nspan.cls_005{font-family:Arial,serif;font-size:13.0px;color:rgb(0,0,0);font-weight:normal;font-style:normal;text-decoration: none}\ndiv.cls_005{font-family:Arial,serif;font-size:13.0px;color:rgb(0,0,0);font-weight:normal;font-style:normal;text-decoration: none}\nspan.cls_002{font-family:\"Calibri\",serif;font-size:10.9px;color:rgb(0,0,0);font-weight:normal;font-style:normal;text-decoration: none}\ndiv.cls_002{font-family:\"Calibri\",serif;font-size:10.9px;color:rgb(0,0,0);font-weight:normal;font-style:normal;text-decoration: none}\nspan.cls_007{font-family:Arial,serif;font-size:10.9px;color:rgb(0,0,0);font-weight:normal;font-style:normal;text-decoration: none}\ndiv.cls_007{font-family:Arial,serif;font-size:10.9px;color:rgb(0,0,0);font-weight:normal;font-style:normal;text-decoration: none}\nspan.cls_008{font-family:Arial,serif;font-size:12.1px;color:rgb(0,0,255);font-weight:normal;font-style:normal;text-decoration: none}\ndiv.cls_008{font-family:Arial,serif;font-size:12.1px;color:rgb(0,0,255);font-weight:normal;font-style:normal;text-decoration: none}\n--><\/p>\n<div class=\"page\" title=\"Page 1\">\n<div class=\"layoutArea\">\n<div class=\"column\">\n<p style=\"text-align: center;\"><strong>KI\u0307S\u0327I\u0307SEL VERI\u0307LERI\u0307N KORUNMASI KANUNU <\/strong><\/p>\n<p style=\"text-align: center;\"><strong>KAPSAMINDA AYDINLATMA METNI\u0307<\/strong><\/p>\n<p>&nbsp;<\/p>\n<p><strong>G\u0130R\u0130\u015e<\/strong><\/p>\n<\/div>\n<\/div>\n<div class=\"layoutArea\">\n<div class=\"column\">\n<p>Kis\u0327isel verilerin is\u0327lenmesinde bas\u0327ta o\u0308zel hayat\u0131n gizlilig\u0306i olmak u\u0308zere kis\u0327ilerin temel hak ve o\u0308zgu\u0308rlu\u0308klerinin korunmas\u0131n\u0131 amac\u0327layan 7 Nisan 2016 tarihli ve 29677 Say\u0131l\u0131 Resmi\u0302 Gazete\u2019de yay\u0131mlanan 6698 say\u0131l\u0131 Kis\u0327isel Verilerin Korunmas\u0131 Kanunu (\u201cKVKK\u201d)\u2019nun \u201cVeri Sorumlusunun Ayd\u0131nlatma Yu\u0308ku\u0308mlu\u0308lu\u0308g\u0306u\u0308\u201d bas\u0327l\u0131kl\u0131 10. maddesi ile 10 Mart 2018 tarih ve 30356 say\u0131l\u0131 Resmi Gazete\u2019de yay\u0131mlanan Ayd\u0131nlatma Yu\u0308ku\u0308mlu\u0308lu\u0308g\u0306u\u0308nu\u0308n Yerine Getirilmesinde Uyulacak Usul ve Esaslar Hakk\u0131nda Teblig\u0306\u2019i uyar\u0131nca is\u0327bu Ayd\u0131nlatma Metni ile S\u0327irketimiz Mik-el Elektronik San ve Tic. Ltd. S\u0327ti. (\u201cMik-el Elektronik\u201d veya \u201cS\u0327irket\u201d) taraf\u0131ndan is\u0327lenen kis\u0327isel verileriniz hakk\u0131nda sizleri bilgilendirmeyi hedeflemekteyiz.<\/p>\n<p>&nbsp;<\/p>\n<p><strong>1. TANIMLAR<\/strong><\/p>\n<p>I\u0307s\u0327bu Ayd\u0131nlatma metninde gec\u0327enler ;<\/p>\n<p>Kis\u0327isel Veri : Kimlig\u0306i belirli veya belirlenebilir gerc\u0327ek kis\u0327iye ilis\u0327kin her tu\u0308rlu\u0308 bilgi ve verilerin herhangi bir s\u0327ekilde bir gerc\u0327ek kis\u0327iyle ilis\u0327kilendirilmesi suretiyle , o kis\u0327inin tan\u0131mlanabilir hale getiren veriyi ,<\/p>\n<p>Kis\u0327isel Verilerin Korunmas\u0131 Kanunu ( KVKK ) : 7 Nisan 2016 tarihli ve 29677 Say\u0131l\u0131 Resmi\u0302 Gazete\u2019de yay\u0131mlanan 6698 say\u0131l\u0131 Kis\u0327isel Verilerin Korunmas\u0131 Kanununu,<\/p>\n<p>Mik-el Elektronik : Mik-el Elektronik Sanayi ve Ticaret Limited S\u0327irketi\u2019ni ,<br>Veri I\u0307s\u0327leyen : Veri Sorumlusunun verdig\u0306i yetkiye dayanarak onun ad\u0131na Kis\u0327isel<\/p>\n<p>Verileri is\u0327leyen gerc\u0327ek ve tu\u0308zel kis\u0327iyi ,<\/p>\n<p>Veri Sorumlusu : Kis\u0327isel Verilerin is\u0327leme amac\u0327lar\u0131n\u0131 ve vas\u0131talar\u0131n\u0131 belirleyen , veri kay\u0131t sisteminin kurulmas\u0131ndan ve yo\u0308netilmesinden sorumlu olan gerc\u0327ek veya tu\u0308zel kis\u0327iyi ifade eder.<\/p>\n<p>&nbsp;<\/p>\n<p><strong>2. VERI\u0307 SORUMLUSUNUN KI\u0307MLI\u0307G\u0306I\u0307<\/strong><\/p>\n<p>Mik-el Elektronik, KVKK ve ilgili du\u0308zenlemeler kapsam\u0131nda \u201cVeri Sorumlusu\u201d s\u0131fat\u0131n\u0131 haiz olup taraf\u0131m\u0131za as\u0327ag\u0306\u0131da yer verilen iletis\u0327im bilgileri arac\u0131l\u0131g\u0306\u0131yla ulas\u0327man\u0131z mu\u0308mku\u0308ndu\u0308r.<\/p>\n<p>Adres : 100. Y\u0131l Mah. Matbaac\u0131lar Sitesi Yolu No:56 Bag\u0306c\u0131lar \/ I\u0307stanbul &#8211; TU\u0308RKI\u0307YE Telefon : +90 212 629 00 08<br>Fax : +90 212 629 11 35<br>E-Posta : mik-el@mik-el.com<\/p>\n<\/div>\n<\/div>\n<div class=\"layoutArea\">\n<div class=\"column\">\n<p>&nbsp;<\/p>\n<\/div>\n<\/div>\n<\/div>\n<div class=\"page\" title=\"Page 2\">\n<div class=\"layoutArea\">\n<div class=\"column\">\n<p>&nbsp;<\/p>\n<p><strong>3. I\u0307S\u0327LENEN KI\u0307S\u0327I\u0307SEL VERI\u0307LER<\/strong><\/p>\n<\/div>\n<\/div>\n<div class=\"layoutArea\">\n<div class=\"column\">\n<div class=\"page\" title=\"Page 2\">\n<div class=\"layoutArea\">\n<div class=\"column\">\n<p>&nbsp;<\/p>\n<\/div>\n<\/div>\n<div class=\"layoutArea\">\n<div class=\"column\">\n<p>Mik-el Elektronik ile ilis\u0327kiniz kapsam\u0131nda as\u0327ag\u0306\u0131daki kis\u0327isel verileriniz is\u0327lenmektedir.<\/p>\n<p>(i) Kimlik Bilgileriniz: isim-soy isim, T.C. Kimlik numaras\u0131, dog\u0306um yeri, dog\u0306um tarihi, nu\u0308fus cu\u0308zdan\u0131, kimlik numaras\u0131, pasaport;<\/p>\n<p>(ii) Iletis\u0327im Bilgileriniz: is\u0327yeri adresi, ev adresi, e-posta, telefon, cep telefonu, ikametga\u0302h, sosyal medya hesaplar\u0131;<\/p>\n<p>(iii) <span style=\"font-size: 14.4px;\">I\u0307s\u0327 ve Profesyonel Yas\u0327am Bilgileri: is\u0327 bilgileri, eg\u0306itim bilgileri, davran\u0131s\u0327sal bilgiler;<\/span><\/p>\n<div class=\"page\" title=\"Page 2\">\n<div class=\"layoutArea\">\n<div class=\"column\">\n<p>(iv) <span style=\"font-size: 14.4px;\">O\u0308deme Bilgileriniz: Banka hesap bilgileri, kart bilgileri.<\/span><\/p>\n<\/div>\n<\/div>\n<\/div>\n<\/div>\n<\/div>\n<div class=\"layoutArea\">\n<div class=\"column\">&nbsp;<\/div>\n<\/div>\n<\/div>\n<\/div>\n<\/div>\n<div class=\"layoutArea\">\n<div class=\"column\">\n<p>&nbsp;<\/p>\n<p><strong>4. KI\u0307S\u0327I\u0307SEL VERI\u0307LERI\u0307N I\u0307S\u0327LENME AMAC\u0327LARI<\/strong><\/p>\n<p>Mik-el Elektronik ile ilis\u0327kiniz kapsam\u0131nda elde edilen kis\u0327isel verileriniz Kis\u0327isel Verilerin Korunmas\u0131 Kanunu\u2019nun 4. , 5. , 6. Maddeleri uyar\u0131nca as\u0327ag\u0306\u0131da yer verilen amac\u0327larla is\u0327lenmektedir:<\/p>\n<ul>\n<li>\n<p>Mu\u0308s\u0327terimiz ic\u0327in kay\u0131t ve e-ticaret hesab\u0131 olus\u0327turma su\u0308rec\u0327lerinin yu\u0308ru\u0308tu\u0308lmesi,<\/p>\n<\/li>\n<li>\n<p>Yeni mu\u0308s\u0327terilerimiz ic\u0327in cari kart\u0131 olus\u0327turulmas\u0131,<\/p>\n<\/li>\n<li>\n<p>Mu\u0308s\u0327terilerimiz, tedarikc\u0327ilerimiz ve bunlar\u0131n kontak kis\u0327ilerinin iletis\u0327im bilgilerinin<\/p>\n<p>saklanmas\u0131 ve ilgili kis\u0327ilerle bu kanallardan iletis\u0327ime gec\u0327ilmesi,<\/p>\n<\/li>\n<li>\n<p>Mu\u0308s\u0327terilerimiz ile bilgilendirme amac\u0327l\u0131 mail paylas\u0327\u0131m\u0131 yap\u0131lmas\u0131,<\/p>\n<\/li>\n<li>\n<p>Mu\u0308s\u0327terilerimiz ile e-posta yoluyla fatura paylas\u0327\u0131lmas\u0131,<\/p>\n<\/li>\n<li>\n<p>Mu\u0308s\u0327terilerimiz ic\u0327in yurtic\u0327i ve seyahat organizasyonu yap\u0131lmas\u0131,<\/p>\n<\/li>\n<li>\n<p>Mu\u0308s\u0327terilerimiz ic\u0327in fatura ve irsaliyelerin bas\u0131m\u0131 su\u0308rec\u0327lerinin yu\u0308ru\u0308tu\u0308lmesi,<\/p>\n<\/li>\n<li>\n<p>Mu\u0308s\u0327terilerimize depolar\u0131m\u0131zdan u\u0308ru\u0308n teslimi yap\u0131lmas\u0131,<\/p>\n<\/li>\n<li>\n<p>Fuara ziyarete gelen mu\u0308s\u0327terimizin bilgilerinin kaydedilmesi,<\/p>\n<\/li>\n<li>\n<p>Web sitemiz arac\u0131l\u0131g\u0306\u0131 ile mu\u0308s\u0327terilerimizin bilgilerinin kaydedilmesi,<\/p>\n<\/li>\n<li>\n<p>Pazarlama sat\u0131s\u0327 faaliyetleri amac\u0131yla mu\u0308s\u0327teri bilgilerinin veri taban\u0131m\u0131za<\/p>\n<p>kaydedilmesi,<\/p>\n<\/li>\n<li>\n<p>Teklif haz\u0131rlama su\u0308recimizin yu\u0308ru\u0308tu\u0308lmesi ve teklifimizin potansiyel<\/p>\n<p>mu\u0308s\u0327terilerimize iletmesi,<\/p>\n<\/li>\n<li>\n<p>Siparis\u0327 teyidi su\u0308recinin yu\u0308ru\u0308tu\u0308lmesi,<\/p>\n<\/li>\n<li>\n<p>Sat\u0131s\u0327 destek ekibimizle mu\u0308s\u0327terilerimizin bilgilerinin paylas\u0327\u0131lmas\u0131,<\/p>\n<\/li>\n<li>\n<p>U\u0308ru\u0308nlerimiz ile ilgilenen bir mu\u0308s\u0327terilerimizin Mik-el Elektronik bayisine<\/p>\n<p>yo\u0308nlendirilmesi,<\/p>\n<\/li>\n<li>\n<p>S\u0327irketimizin tan\u0131t\u0131m\u0131 ve pazarlama faaliyetlerinin gerc\u0327ekles\u0327tirilmesi amac\u0131yla<\/p>\n<p>siz mu\u0308s\u0327terilerimize ziyaretlerin gerc\u0327ekles\u0327tirilmesi ve bu ziyaret kay\u0131tlar\u0131n\u0131n<\/p>\n<p>CRM program\u0131m\u0131zda kay\u0131t alt\u0131na al\u0131nmas\u0131,<\/p>\n<\/li>\n<li>\n<p>Sat\u0131s\u0327 sonras\u0131 iade ve deg\u0306is\u0327im su\u0308rec\u0327lerinin yu\u0308ru\u0308tu\u0308lmesi,<\/p>\n<\/li>\n<li><span style=\"font-size: 14.4px;\">Mu\u0308s\u0327terilerin yas\u0327ad\u0131g\u0306\u0131 teknik sorunu c\u0327o\u0308zmek amac\u0131yla mu\u0308s\u0327teri&nbsp; &nbsp; &nbsp; &nbsp; &nbsp; &nbsp; &nbsp;bilgisayarlar\u0131na uzaktan eris\u0327imin sag\u0306lanmas\u0131,<\/span><\/li>\n<li>Mu\u0308s\u0327terilerimize bedelsiz olarak verdig\u0306imiz yaz\u0131c\u0131lar\u0131m\u0131z ic\u0327in so\u0308zles\u0327me haz\u0131rlanmas\u0131,<\/li>\n<li>Bayilerimiz ile so\u0308zles\u0327me su\u0308rec\u0327lerimizin y\u0131ll\u0131k olarak yu\u0308ru\u0308tu\u0308lmesi.<\/li>\n<\/ul>\n<\/div>\n<\/div>\n<div class=\"layoutArea\">\n<div class=\"column\">&nbsp;<\/div>\n<\/div>\n<\/div>\n<div class=\"page\" title=\"Page 3\">\n<div class=\"layoutArea\">\n<div class=\"column\">\n<p>&nbsp;<\/p>\n<p><strong>5. I\u0307S\u0327LENEN KI\u0307S\u0327I\u0307SEL VERI\u0307LERI\u0307N AKTARIMI<\/strong><\/p>\n<\/div>\n<\/div>\n<div class=\"layoutArea\">\n<div class=\"column\">\n<p>Kis\u0327isel verileriniz, Kis\u0327isel verilerin Korunmas\u0131 Kanun\u2019un kis\u0327isel verilerin aktar\u0131lmas\u0131 ve yurtd\u0131s\u0327\u0131na aktar\u0131lmas\u0131na ilis\u0327kin 8. Ve 9. Maddelerinde du\u0308zenlenen hu\u0308ku\u0308mleri kapsam\u0131nda is\u0327bu Ayd\u0131nlatma Metni\u2019nin 4. maddesinde yer alan amac\u0327larla; yetkili bayilerimiz ve is\u0327 ortaklar\u0131m\u0131z, yurt d\u0131s\u0327\u0131 grup s\u0327irketlerimiz, ilis\u0327kili oldug\u0306umuz u\u0308c\u0327u\u0308ncu\u0308 taraf gerc\u0327ek ve tu\u0308zel kis\u0327ilere, hizmet sag\u0306lay\u0131c\u0131 firmalar ve yetkilileri, yurt ic\u0327indeki resmi kurum ve kurulus\u0327lar, konsolosluklar, mahkemeler ve icra mu\u0308du\u0308rlu\u0308kleri, bankalar, tedarikc\u0327iler ve destek hizmeti sag\u0306lay\u0131c\u0131lar\u0131na aktar\u0131labilmektedir.<\/p>\n<p>&nbsp;<\/p>\n<p><strong>6. KI\u0307S\u0327I\u0307SEL VERI\u0307LERI\u0307N TOPLANMA YO\u0308NTEMLERI\u0307 VE HUKUKI\u0307 SEBEPLERI\u0307<\/strong><\/p>\n<p>Kis\u0327isel verilerinizi Mik-el Elektronik ile hukuki ilis\u0327kinizin kurulmas\u0131 esnas\u0131nda ve so\u0308z konusu ilis\u0327kinin devam\u0131 su\u0308resince sizlerden, u\u0308c\u0327u\u0308ncu\u0308 kis\u0327ilerden ve yasal mercilerden olmak kayd\u0131yla; internet, telefon, e-posta arac\u0131l\u0131g\u0306\u0131yla ve fiziki, yaz\u0131l\u0131, so\u0308zlu\u0308 ve elektronik mecralardan, yukar\u0131da bahsi gec\u0327en amac\u0327lar dahilinde Kis\u0327isel Verilerin Korunmas\u0131 Kanun\u2019un 5, 6 ve 8.madde hu\u0308ku\u0308mlerinde say\u0131lan ve as\u0327ag\u0306\u0131da yer verilen hukuka uygunluk sebeplerine dayan\u0131larak toplanmakta, saklanmakta ve is\u0327lenmektedir.<\/p>\n<ul>\n<li>\n<p>Ac\u0327\u0131k r\u0131zan\u0131z\u0131n bulunmas\u0131,<\/p>\n<\/li>\n<li>\n<p>I\u0307s\u0327 Kanunu, I\u0307s\u0327 Sag\u0306l\u0131g\u0306\u0131 ve Gu\u0308venlig\u0306i Kanunu, Sosyal Sigortalar ve Genel<\/p>\n<p>Sag\u0306l\u0131k Sigortas\u0131 Kanunu, Borc\u0327lar Kanunu, Vergi Usul Kanunu, Tu\u0308rk Ticaret Kanunu, Kimlik Bildirme Kanunu, Gelir Vergisi Kanunu, Kurumlar Vergisi Kanunu, C\u0327ek Kanunu, Bireysel Emeklilik Tasarruf ve Yat\u0131r\u0131m Sistemi Kanunu olmak u\u0308zere S\u0327irketimizin tabi oldug\u0306u mevzuatta ac\u0327\u0131kc\u0327a o\u0308ngo\u0308ru\u0308lmu\u0308s\u0327 olmas\u0131,<\/p>\n<\/li>\n<li>\n<p>Mu\u0308s\u0327terilerin tan\u0131nmas\u0131na ilis\u0327kin ulusal ve uluslararas\u0131 alandaki ilke ve esaslara uyum sag\u0306lamak, mevzuat ve resmi otoritelerce o\u0308ngo\u0308ru\u0308len bilgi saklama, raporlama, bilgilendirme yu\u0308ku\u0308mlu\u0308lu\u0308klerine uymak,<\/p>\n<\/li>\n<li>\n<p>Bir so\u0308zles\u0327menin kurulmas\u0131 veya ifas\u0131yla dog\u0306rudan dog\u0306ruya ilgili olmas\u0131 kayd\u0131yla, so\u0308zles\u0327menin taraflar\u0131na ait kis\u0327isel verilerin is\u0327lenmesinin gerekli olmas\u0131, talep edilen u\u0308ru\u0308n ve hizmetleri sunabilmek ve akdettig\u0306iniz so\u0308zles\u0327melerinin gereg\u0306inin yerine getirilmesi,<\/p>\n<\/li>\n<li>\n<div class=\"page\" title=\"Page 4\">\n<div class=\"layoutArea\">\n<div class=\"column\">\n<p>Hukuki yu\u0308ku\u0308mlu\u0308lu\u0308g\u0306u\u0308n yerine getirebilmesi ic\u0327in zorunlu olmas\u0131,<\/p>\n<\/div>\n<\/div>\n<\/div>\n<\/li>\n<li>\n<div class=\"page\" title=\"Page 4\">\n<div class=\"layoutArea\">\n<div class=\"column\">\n<p>I\u0307lgili kis\u0327inin kendisi taraf\u0131ndan aleniles\u0327tirilmis\u0327 olmas\u0131,<\/p>\n<\/div>\n<\/div>\n<\/div>\n<\/li>\n<li>\n<div class=\"page\" title=\"Page 4\">\n<div class=\"layoutArea\">\n<div class=\"column\">\n<p>Bir hakk\u0131n tesisi, kullan\u0131lmas\u0131 veya korunmas\u0131 ic\u0327in veri is\u0327lemenin zorunlu olmas\u0131,<\/p>\n<\/div>\n<\/div>\n<\/div>\n<\/li>\n<li>\n<div class=\"page\" title=\"Page 4\">\n<div class=\"layoutArea\">\n<div class=\"column\">\n<p>I\u0307lgili kis\u0327inin temel hak ve o\u0308zgu\u0308rlu\u0308klerine zarar vermemek kayd\u0131yla, veri sorumlusunun mes\u0327ru menfaatleri ic\u0327in veri is\u0327lenmesinin zorunlu olmas\u0131.<\/p>\n<\/div>\n<\/div>\n<\/div>\n<\/li>\n<li>\n<div class=\"page\" title=\"Page 4\">\n<div class=\"layoutArea\">\n<div class=\"column\">\n<p>O\u0308zel nitelikli kis\u0327isel verileriniz ise as\u0327ag\u0306\u0131daki hukuka uygunluk sebeplerine dayan\u0131larak toplanmakta, saklanmakta ve is\u0327lenmektedir:<\/p>\n<\/div>\n<\/div>\n<\/div>\n<\/li>\n<li>\n<div class=\"page\" title=\"Page 4\">\n<div class=\"layoutArea\">\n<div class=\"column\">\n<p>Ac\u0327\u0131k r\u0131zan\u0131z\u0131n bulunmas\u0131,<\/p>\n<\/div>\n<\/div>\n<\/div>\n<\/li>\n<li>\n<div class=\"page\" title=\"Page 4\">\n<div class=\"layoutArea\">\n<div class=\"column\">\n<p>Sag\u0306l\u0131k d\u0131s\u0327\u0131ndaki kis\u0327isel veriler, kanunlarda o\u0308ngo\u0308ru\u0308len hallerde ac\u0327\u0131k r\u0131zas\u0131 aranmaks\u0131z\u0131n,<\/p>\n<\/div>\n<\/div>\n<\/div>\n<\/li>\n<li>\n<div class=\"page\" title=\"Page 4\">\n<div class=\"layoutArea\">\n<div class=\"column\">\n<p>Sag\u0306l\u0131g\u0306a ilis\u0327kin kis\u0327isel veriler ise ancak kamu sag\u0306l\u0131g\u0306\u0131n\u0131n korunmas\u0131, koruyucu hekimlik, t\u0131bbi\u0302 tes\u0327his, tedavi ve bak\u0131m hizmetlerinin yu\u0308ru\u0308tu\u0308lmesi, sag\u0306l\u0131k hizmetleri ile finansman\u0131n\u0131n planlanmas\u0131 ve yo\u0308netimi amac\u0131yla, s\u0131r saklama yu\u0308ku\u0308mlu\u0308lu\u0308g\u0306u\u0308 alt\u0131nda bulunan kis\u0327iler veya yetkili kurum ve kurulus\u0327lar taraf\u0131ndan ilgilinin ac\u0327\u0131k r\u0131zas\u0131 aranmaks\u0131z\u0131n.<\/p>\n<\/div>\n<\/div>\n<\/div>\n<\/li>\n<\/ul>\n<\/div>\n<\/div>\n<div class=\"layoutArea\">\n<div class=\"column\">\n<p>&nbsp;<\/p>\n<p>&nbsp;<\/p>\n<\/div>\n<\/div>\n<\/div>\n<div class=\"page\" title=\"Page 4\">\n<div class=\"layoutArea\">\n<div class=\"column\">\n<p><strong>7. <span style=\"font-size: 14.4px;\">KI\u0307S\u0327I\u0307SEL VERI\u0307SI\u0307 I\u0307S\u0327LENEN I\u0307LGI\u0307LI\u0307 KI\u0307S\u0327I\u0307NI\u0307N HAKLARI<\/span><\/strong><\/p>\n<\/div>\n<\/div>\n<div class=\"layoutArea\">\n<div class=\"column\">\n<p>Kanun\u2019un 11. maddesi hu\u0308ku\u0308mleri uyar\u0131nca kis\u0327isel verilerinizle ilis\u0327ki olarak as\u0327ag\u0306\u0131daki haklar\u0131n\u0131z bulunmaktad\u0131r.<\/p>\n<ul>\n<li>\n<p>Kis\u0327isel veri is\u0327lenip is\u0327lenmedig\u0306ini o\u0308g\u0306renme,<\/p>\n<\/li>\n<li>\n<p>Kis\u0327isel verileri is\u0327lenmis\u0327se buna ilis\u0327kin bilgi talep etme,<\/p>\n<\/li>\n<li>\n<p>Kis\u0327isel verilerin is\u0327lenme amac\u0131n\u0131 ve bunlar\u0131n amac\u0131na uygun kullan\u0131l\u0131p<\/p>\n<p>kullan\u0131lmad\u0131g\u0306\u0131n\u0131 o\u0308g\u0306renme,<\/p>\n<\/li>\n<li>\n<p>Yurt ic\u0327inde veya yurt d\u0131s\u0327\u0131nda kis\u0327isel verilerin aktar\u0131ld\u0131g\u0306\u0131 u\u0308c\u0327u\u0308ncu\u0308 kis\u0327ileri<\/p>\n<p>bilme,<\/p>\n<\/li>\n<li>\n<p>Kis\u0327isel verilerin eksik veya yanl\u0131s\u0327 is\u0327lenmis\u0327 olmas\u0131 ha\u0302linde bunlar\u0131n<\/p>\n<p>du\u0308zeltilmesini isteme,<\/p>\n<\/li>\n<li>\n<p>Kis\u0327isel verilerin silinmesini veya yok edilmesini isteme,<\/p>\n<\/li>\n<li>\n<p>Kis\u0327isel verilerin du\u0308zeltilmesi, silinmesi ya da yok edilmesi halinde bu<\/p>\n<p>is\u0327lemlerin kis\u0327isel verilerin aktar\u0131ld\u0131g\u0306\u0131 u\u0308c\u0327u\u0308ncu\u0308 kis\u0327ilere bildirilmesini isteme,<\/p>\n<\/li>\n<li>\n<p>I\u0307s\u0327lenen verilerin mu\u0308nhas\u0131ran otomatik sistemler vas\u0131tas\u0131yla analiz edilmesi suretiyle kis\u0327inin kendisi aleyhine bir sonucun ortaya c\u0327\u0131kmas\u0131na itiraz etme,<\/p>\n<\/li>\n<li>\n<p>Kis\u0327isel verilerin kanuna ayk\u0131r\u0131 olarak is\u0327lenmesi sebebiyle zarara ug\u0306ramas\u0131 ha\u0302linde zarar\u0131n giderilmesini talep etme.<br>Haklar\u0131na sahiptir.<\/p>\n<\/li>\n<\/ul>\n<\/div>\n<\/div>\n<div class=\"layoutArea\">\n<div class=\"column\">&nbsp;<\/div>\n<\/div>\n<\/div>\n<div class=\"page\" title=\"Page 5\">\n<div class=\"layoutArea\">\n<div class=\"column\">\n<p>&nbsp;<\/p>\n<p><strong>8. HAK VE TALEPLERI\u0307NI\u0307Z I\u0307C\u0327I\u0307N BI\u0307ZI\u0307MLE I\u0307LETI\u0307S\u0327I\u0307ME GEC\u0327MEK I\u0307STERSENI\u0307Z<\/strong><\/p>\n<\/div>\n<\/div>\n<div class=\"layoutArea\">\n<div class=\"column\">\n<p>I\u0307lgili kanun ve sair mevzuat dahilinde o\u0308ngo\u0308ru\u0308len yasal haklar\u0131n\u0131z uyar\u0131nca taleplerinizi dilekc\u0327e ile yukar\u0131da yer verilen adresimize bizzat elden iletebilir, noter kanal\u0131yla ulas\u0327t\u0131rabilirsiniz. Bunun yan\u0131nda, \u201cVeri Sorumlusuna Bas\u0327vuru Usul ve Esaslar\u0131 Hakk\u0131na Teblig\u0306\u201din 5. maddesi uyar\u0131ca kay\u0131tl\u0131 elektronik posta (KEP) adresi, gu\u0308venli elektronik imza, mobil imza ya da S\u0327irketimize daha o\u0308nce bildirdig\u0306iniz ve sistemlerimizde kay\u0131tl\u0131 bulunan elektronik posta adresini kullanmak suretiyle mik-el@mik-el.com adresine iletebilirsiniz. O\u0308rnek bas\u0327vuru formuna www.mik-el.com.\/kvkkbasvuru arac\u0131l\u0131g\u0306\u0131yla ulas\u0327abilirsiniz.<br>Bu kapsamda yap\u0131lacak olan bas\u0327vurular taraf\u0131m\u0131zdan yap\u0131lacak kimlik dog\u0306rulamas\u0131n\u0131 takiben kabul edilecek olup, talepleriniz, talebin nitelig\u0306ine go\u0308re en k\u0131sa su\u0308rede ve en gec\u0327 30 gu\u0308n ic\u0327inde sonuc\u0327land\u0131r\u0131lacakt\u0131r. Bas\u0327vuruya yaz\u0131l\u0131 olarak cevap verilmesi durumunda, 10 sayfaya kadar u\u0308cret al\u0131nmayacak olup 10 sayfan\u0131n u\u0308zerindeki her sayfa ic\u0327in 1 Tu\u0308rk Liras\u0131 is\u0327lem u\u0308creti al\u0131nabilecektir. Bas\u0327vuruya cevab\u0131n CD, flash bellek, SD kart gibi bir kay\u0131t ortam\u0131nda verilmesi halinde ise kay\u0131t ortam\u0131n\u0131n maliyeti tutar\u0131nda bir u\u0308cret talep edilebilecektir.<\/p>\n<\/div>\n<\/div>\n<div class=\"layoutArea\">\n<div class=\"column\">\n<p>V1.00<\/p>\n<\/div>\n<\/div>\n<\/div>\n\n<\/div><\/div>\n\n\n<style scope=\"scope\">\n\n#row-1697157290 > .col > .col-inner {\n  padding: 0px 0px 0px 0px;\n}\n<\/style>\n<\/div>\n","protected":false},"excerpt":{"rendered":"","protected":false},"author":1,"featured_media":0,"parent":0,"menu_order":0,"comment_status":"closed","ping_status":"closed","template":"","meta":{"ngg_post_thumbnail":0,"footnotes":""},"class_list":["post-1699","page","type-page","status-publish","hentry"],"aioseo_notices":[],"_links":{"self":[{"href":"https:\/\/www.mik-el.com\/index.php?rest_route=\/wp\/v2\/pages\/1699","targetHints":{"allow":["GET"]}}],"collection":[{"href":"https:\/\/www.mik-el.com\/index.php?rest_route=\/wp\/v2\/pages"}],"about":[{"href":"https:\/\/www.mik-el.com\/index.php?rest_route=\/wp\/v2\/types\/page"}],"author":[{"embeddable":true,"href":"https:\/\/www.mik-el.com\/index.php?rest_route=\/wp\/v2\/users\/1"}],"replies":[{"embeddable":true,"href":"https:\/\/www.mik-el.com\/index.php?rest_route=%2Fwp%2Fv2%2Fcomments&post=1699"}],"version-history":[{"count":5,"href":"https:\/\/www.mik-el.com\/index.php?rest_route=\/wp\/v2\/pages\/1699\/revisions"}],"predecessor-version":[{"id":1705,"href":"https:\/\/www.mik-el.com\/index.php?rest_route=\/wp\/v2\/pages\/1699\/revisions\/1705"}],"wp:attachment":[{"href":"https:\/\/www.mik-el.com\/index.php?rest_route=%2Fwp%2Fv2%2Fmedia&parent=1699"}],"curies":[{"name":"wp","href":"https:\/\/api.w.org\/{rel}","templated":true}]}}