{"id":1718,"date":"2021-01-04T09:35:16","date_gmt":"2021-01-04T06:35:16","guid":{"rendered":"https:\/\/www.mik-el.com\/?page_id=1718"},"modified":"2023-09-22T12:41:39","modified_gmt":"2023-09-22T09:41:39","slug":"mobil-servis","status":"publish","type":"page","link":"https:\/\/www.mik-el.com\/?page_id=1718","title":{"rendered":"Mobil Servis"},"content":{"rendered":"\n<h1>Mobil Servis<\/h1>\n<p><a href=\"https:\/\/www.mik-el.com\/wp-content\/uploads\/2021\/01\/appjpg-scaled.jpg\"><img loading=\"lazy\" decoding=\"async\" class=\" wp-image-1722 alignright\" src=\"https:\/\/www.mik-el.com\/wp-content\/uploads\/2021\/01\/appjpg-scaled.jpg\" alt=\"\" width=\"485\" height=\"390\" srcset=\"https:\/\/www.mik-el.com\/wp-content\/uploads\/2021\/01\/appjpg-scaled.jpg 2560w, https:\/\/www.mik-el.com\/wp-content\/uploads\/2021\/01\/appjpg-300x241.jpg 300w, https:\/\/www.mik-el.com\/wp-content\/uploads\/2021\/01\/appjpg-1024x823.jpg 1024w, https:\/\/www.mik-el.com\/wp-content\/uploads\/2021\/01\/appjpg-768x618.jpg 768w, https:\/\/www.mik-el.com\/wp-content\/uploads\/2021\/01\/appjpg-1536x1235.jpg 1536w, https:\/\/www.mik-el.com\/wp-content\/uploads\/2021\/01\/appjpg-2048x1647.jpg 2048w\" sizes=\"auto, (max-width: 485px) 100vw, 485px\" \/><\/a>De\u011ferli m\u00fc\u015fterilerimiz, sizlere daha h\u0131zl\u0131 ve daha etkin bir teknik destek hizmeti verebilmek amac\u0131yla kolay kullan\u0131ml\u0131 bir mobil uygulama haz\u0131rlad\u0131k. Bu uygulama sayesinde ihtiyac\u0131n\u0131z olan teknik destek dok\u00fcmanlar\u0131n\u0131, destek videolar\u0131n\u0131 ve di\u011fer dok\u00fcmanlar\u0131 kolayca bulabilecek ve gerekti\u011finde telefondan canl\u0131 destek almak i\u00e7in \u00c7a\u011fr\u0131 Merkezimize bir dokunu\u015fla istek girebileceksiniz.<\/p>\n<p>\u00c7a\u011fr\u0131 merkezine eri\u015fim i\u00e7in uygulama i\u00e7inde bir defa kay\u0131t olman\u0131z yeterlidir. B\u00f6ylece \u00c7a\u011fr\u0131 Merkezimize her ula\u015ft\u0131\u011f\u0131n\u0131zda ayr\u0131ca isim, firma, telefon numaras\u0131, e-mail adresi gibi bilgileri vermek zorunda kalmayacaks\u0131n\u0131z. Mobil Uygulama i\u00e7inden \u00c7a\u011fr\u0131 Merkezimize istek verenler \u00f6ncelikli olarak ve daha h\u0131zl\u0131 canl\u0131 destek alabileceklerdir. 1 \u015eubat 2021 tarihinden itibaren \u00c7a\u011fr\u0131 Merkezimize art\u0131k telefon aramas\u0131yla ula\u015f\u0131m m\u00fcmk\u00fcn olmayacakt\u0131r.<\/p>\n<p>Web i\u00e7in ; <a href=\"https:\/\/mobilservis.mik-el.com\">https:\/\/mobilservis.mik-el.com<\/a> ,<\/p>\n<p>Uygulamay\u0131 Android i\u00e7in&nbsp;<a class=\"daria-goto-anchor\" href=\"https:\/\/play.google.com\/store\/apps\/details?id=com.mikel.mobilservis\" target=\"_blank\" rel=\"noopener noreferrer\" data-vdir-href=\"https:\/\/mail.yandex.com.tr\/re.jsx?uid=1130000019155939&amp;c=LIZA&amp;cv=23.16.0&amp;mid=174514485560622103&amp;h=a,lzUQQPMr3PiOvT4EW-hVhw&amp;l=aHR0cHM6Ly9wbGF5Lmdvb2dsZS5jb20vc3RvcmUvYXBwcy9kZXRhaWxzP2lkPWNvbS5taWtlbC5tb2JpbHNlcnZpcw\" data-orig-href=\"https:\/\/play.google.com\/store\/apps\/details?id=com.mikel.mobilservis\">https:\/\/play.google.com\/store\/apps\/details?id=com.mikel.mobilservis<\/a> ,<\/p>\n<p>IoS i\u00e7in&nbsp;<a class=\"daria-goto-anchor\" href=\"https:\/\/itunes.apple.com\/WebObjects\/MZStore.woa\/wa\/viewSoftware?id=1544325856\" target=\"_blank\" rel=\"noopener noreferrer\" data-vdir-href=\"https:\/\/mail.yandex.com.tr\/re.jsx?uid=1130000019155939&amp;c=LIZA&amp;cv=23.16.0&amp;mid=174514485560622103&amp;h=a,93hkkNZR9FPbF2Xspz6_gQ&amp;l=aHR0cHM6Ly9pdHVuZXMuYXBwbGUuY29tL1dlYk9iamVjdHMvTVpTdG9yZS53b2Evd2Evdmlld1NvZnR3YXJlP2lkPTE1NDQzMjU4NTY\" data-orig-href=\"https:\/\/itunes.apple.com\/WebObjects\/MZStore.woa\/wa\/viewSoftware?id=1544325856\">https:\/\/itunes.apple.com\/WebObjects\/MZStore.woa\/wa\/viewSoftware?id=1544325856<\/a> den telefonunuza indirerek kullanabilirsiniz.<\/p>\n<h3>Servis talebi olu\u015fturmak i\u00e7in videodaki ad\u0131mlar\u0131 izleyiniz.<\/h3>\n<div class=\"video video-fit mb\" style=\"padding-top:56.25%;\"><iframe loading=\"lazy\" title=\"Mik-el Mobil Servis Talebi Olu\u015fturma\" width=\"1020\" height=\"574\" src=\"https:\/\/www.youtube.com\/embed\/JwtZbj0tXxk?feature=oembed\" frameborder=\"0\" allow=\"accelerometer; autoplay; clipboard-write; encrypted-media; gyroscope; picture-in-picture; web-share\" allowfullscreen><\/iframe><\/div>\n\n\n","protected":false},"excerpt":{"rendered":"<p>Mobil Servis De\u011ferli m\u00fc\u015fterilerimiz, sizlere daha h\u0131zl\u0131 ve daha etkin bir teknik destek hizmeti verebilmek amac\u0131yla kolay kullan\u0131ml\u0131 bir mobil uygulama haz\u0131rlad\u0131k. Bu uygulama sayesinde ihtiyac\u0131n\u0131z olan teknik destek dok\u00fcmanlar\u0131n\u0131, destek videolar\u0131n\u0131 ve di\u011fer dok\u00fcmanlar\u0131 kolayca bulabilecek ve gerekti\u011finde telefondan canl\u0131 destek almak i\u00e7in \u00c7a\u011fr\u0131 Merkezimize bir dokunu\u015fla istek girebileceksiniz. \u00c7a\u011fr\u0131 merkezine eri\u015fim i\u00e7in uygulama [&#8230;]\n","protected":false},"author":1,"featured_media":0,"parent":0,"menu_order":0,"comment_status":"closed","ping_status":"closed","template":"","meta":{"ngg_post_thumbnail":0,"footnotes":""},"class_list":["post-1718","page","type-page","status-publish","hentry"],"aioseo_notices":[],"_links":{"self":[{"href":"https:\/\/www.mik-el.com\/index.php?rest_route=\/wp\/v2\/pages\/1718","targetHints":{"allow":["GET"]}}],"collection":[{"href":"https:\/\/www.mik-el.com\/index.php?rest_route=\/wp\/v2\/pages"}],"about":[{"href":"https:\/\/www.mik-el.com\/index.php?rest_route=\/wp\/v2\/types\/page"}],"author":[{"embeddable":true,"href":"https:\/\/www.mik-el.com\/index.php?rest_route=\/wp\/v2\/users\/1"}],"replies":[{"embeddable":true,"href":"https:\/\/www.mik-el.com\/index.php?rest_route=%2Fwp%2Fv2%2Fcomments&post=1718"}],"version-history":[{"count":5,"href":"https:\/\/www.mik-el.com\/index.php?rest_route=\/wp\/v2\/pages\/1718\/revisions"}],"predecessor-version":[{"id":1887,"href":"https:\/\/www.mik-el.com\/index.php?rest_route=\/wp\/v2\/pages\/1718\/revisions\/1887"}],"wp:attachment":[{"href":"https:\/\/www.mik-el.com\/index.php?rest_route=%2Fwp%2Fv2%2Fmedia&parent=1718"}],"curies":[{"name":"wp","href":"https:\/\/api.w.org\/{rel}","templated":true}]}}