{"id":1847,"date":"2023-01-06T17:25:14","date_gmt":"2023-01-06T14:25:14","guid":{"rendered":"https:\/\/www.mik-el.com\/?page_id=1847"},"modified":"2023-10-25T08:28:21","modified_gmt":"2023-10-25T05:28:21","slug":"tip-uygunluk-beyanlari","status":"publish","type":"page","link":"https:\/\/www.mik-el.com\/?page_id=1847","title":{"rendered":"Tip Uygunluk Beyanlar\u0131"},"content":{"rendered":"\n<p style=\"text-align: center;\"><strong><span style=\"font-size: 130%;\">KUMANDA PANOSU<\/span><\/strong><\/p>\n\n\n<div id='gallery-2' class='gallery galleryid-1847 gallery-columns-8 gallery-size-thumbnail'><figure class='gallery-item'>\n\t\t\t<div class='gallery-icon portrait'>\n\t\t\t\t<a href='https:\/\/www.mik-el.com\/?attachment_id=1844'><img loading=\"lazy\" decoding=\"async\" width=\"150\" height=\"150\" src=\"https:\/\/www.mik-el.com\/wp-content\/uploads\/2023\/01\/CP-U-STO_page-0001-150x150.jpg\" class=\"attachment-thumbnail size-thumbnail\" alt=\"\" aria-describedby=\"gallery-2-1844\" \/><\/a>\n\t\t\t<\/div>\n\t\t\t\t<figcaption class='wp-caption-text gallery-caption' id='gallery-2-1844'>\n\t\t\t\t2023-1 &#8211; U-STO T\u0130P UYGUNLUK\n\t\t\t\t<\/figcaption><\/figure><figure class='gallery-item'>\n\t\t\t<div class='gallery-icon portrait'>\n\t\t\t\t<a href='https:\/\/www.mik-el.com\/?attachment_id=1849'><img loading=\"lazy\" decoding=\"async\" width=\"150\" height=\"150\" src=\"https:\/\/www.mik-el.com\/wp-content\/uploads\/2023\/01\/CP-Mikronik-SX-Ultra_0001-150x150.jpg\" class=\"attachment-thumbnail size-thumbnail\" alt=\"\" aria-describedby=\"gallery-2-1849\" \/><\/a>\n\t\t\t<\/div>\n\t\t\t\t<figcaption class='wp-caption-text gallery-caption' id='gallery-2-1849'>\n\t\t\t\t2023-1 &#8211; CP &#8211; SX Ultra T\u0130P UYGUNLUK\n\t\t\t\t<\/figcaption><\/figure><figure class='gallery-item'>\n\t\t\t<div class='gallery-icon portrait'>\n\t\t\t\t<a href='https:\/\/www.mik-el.com\/?attachment_id=1850'><img loading=\"lazy\" decoding=\"async\" width=\"150\" height=\"150\" src=\"https:\/\/www.mik-el.com\/wp-content\/uploads\/2023\/01\/CP-Mikronik-SX-Plus_page-0001-150x150.jpg\" class=\"attachment-thumbnail size-thumbnail\" alt=\"\" aria-describedby=\"gallery-2-1850\" \/><\/a>\n\t\t\t<\/div>\n\t\t\t\t<figcaption class='wp-caption-text gallery-caption' id='gallery-2-1850'>\n\t\t\t\t2023-1 &#8211; CP-SX Plus T\u0130P UYGUNLUK\n\t\t\t\t<\/figcaption><\/figure><figure class='gallery-item'>\n\t\t\t<div class='gallery-icon portrait'>\n\t\t\t\t<a href='https:\/\/www.mik-el.com\/?attachment_id=1851'><img loading=\"lazy\" decoding=\"async\" width=\"150\" height=\"150\" src=\"https:\/\/www.mik-el.com\/wp-content\/uploads\/2023\/01\/CP-Mikronik-SX-Classic_page-0001-150x150.jpg\" class=\"attachment-thumbnail size-thumbnail\" alt=\"\" aria-describedby=\"gallery-2-1851\" \/><\/a>\n\t\t\t<\/div>\n\t\t\t\t<figcaption class='wp-caption-text gallery-caption' id='gallery-2-1851'>\n\t\t\t\t2023-1 &#8211; CP-SX Classic T\u0130P UYGUNLUK\n\t\t\t\t<\/figcaption><\/figure>\n\t\t<\/div>\n\n\n<p style=\"text-align: center;\"><strong><span style=\"font-size: 130%;\">ELEKTRON\u0130K KART VE S\u00dcR\u00dcC\u00dc<\/span><\/strong><\/p>\n<div id='gallery-3' class='gallery galleryid-1847 gallery-columns-8 gallery-size-thumbnail'><figure class='gallery-item'>\n\t\t\t<div class='gallery-icon portrait'>\n\t\t\t\t<a href='https:\/\/www.mik-el.com\/?attachment_id=1852'><img loading=\"lazy\" decoding=\"async\" width=\"150\" height=\"150\" src=\"https:\/\/www.mik-el.com\/wp-content\/uploads\/2023\/01\/U-STO_page-0001-150x150.jpg\" class=\"attachment-thumbnail size-thumbnail\" alt=\"\" aria-describedby=\"gallery-3-1852\" \/><\/a>\n\t\t\t<\/div>\n\t\t\t\t<figcaption class='wp-caption-text gallery-caption' id='gallery-3-1852'>\n\t\t\t\t2023-1 &#8211; U-STO T\u0130P UYGUNLUK\n\t\t\t\t<\/figcaption><\/figure><figure class='gallery-item'>\n\t\t\t<div class='gallery-icon portrait'>\n\t\t\t\t<a href='https:\/\/www.mik-el.com\/?attachment_id=1855'><img loading=\"lazy\" decoding=\"async\" width=\"150\" height=\"150\" src=\"https:\/\/www.mik-el.com\/wp-content\/uploads\/2023\/01\/Mikronik-SX-Ultra_page-0001-150x150.jpg\" class=\"attachment-thumbnail size-thumbnail\" alt=\"\" aria-describedby=\"gallery-3-1855\" \/><\/a>\n\t\t\t<\/div>\n\t\t\t\t<figcaption class='wp-caption-text gallery-caption' id='gallery-3-1855'>\n\t\t\t\t2023-1 &#8211; SX Ultra T\u0130P UYGUNLUK\n\t\t\t\t<\/figcaption><\/figure><figure class='gallery-item'>\n\t\t\t<div class='gallery-icon portrait'>\n\t\t\t\t<a href='https:\/\/www.mik-el.com\/?attachment_id=1856'><img loading=\"lazy\" decoding=\"async\" width=\"150\" height=\"150\" src=\"https:\/\/www.mik-el.com\/wp-content\/uploads\/2023\/01\/Mikronik-SX-Plus_page-0001-150x150.jpg\" class=\"attachment-thumbnail size-thumbnail\" alt=\"\" aria-describedby=\"gallery-3-1856\" \/><\/a>\n\t\t\t<\/div>\n\t\t\t\t<figcaption class='wp-caption-text gallery-caption' id='gallery-3-1856'>\n\t\t\t\t2023-1 &#8211; SX Plus T\u0130P UYGUNLUK\n\t\t\t\t<\/figcaption><\/figure><figure class='gallery-item'>\n\t\t\t<div class='gallery-icon portrait'>\n\t\t\t\t<a href='https:\/\/www.mik-el.com\/?attachment_id=1857'><img loading=\"lazy\" decoding=\"async\" width=\"150\" height=\"150\" src=\"https:\/\/www.mik-el.com\/wp-content\/uploads\/2023\/01\/Mikronik-SX-Classic_page-0001-150x150.jpg\" class=\"attachment-thumbnail size-thumbnail\" alt=\"\" aria-describedby=\"gallery-3-1857\" \/><\/a>\n\t\t\t<\/div>\n\t\t\t\t<figcaption class='wp-caption-text gallery-caption' id='gallery-3-1857'>\n\t\t\t\t2023-1 &#8211; SX Classic T\u0130P UYGUNLUK\n\t\t\t\t<\/figcaption><\/figure><figure class='gallery-item'>\n\t\t\t<div class='gallery-icon portrait'>\n\t\t\t\t<a href='https:\/\/www.mik-el.com\/?attachment_id=1858'><img loading=\"lazy\" decoding=\"async\" width=\"150\" height=\"150\" src=\"https:\/\/www.mik-el.com\/wp-content\/uploads\/2023\/01\/Mikronik-SM_page-0001-150x150.jpg\" class=\"attachment-thumbnail size-thumbnail\" alt=\"\" aria-describedby=\"gallery-3-1858\" \/><\/a>\n\t\t\t<\/div>\n\t\t\t\t<figcaption class='wp-caption-text gallery-caption' id='gallery-3-1858'>\n\t\t\t\t2023-1 &#8211; SM T\u0130P UYGUNLUK\n\t\t\t\t<\/figcaption><\/figure><figure class='gallery-item'>\n\t\t\t<div class='gallery-icon portrait'>\n\t\t\t\t<a href='https:\/\/www.mik-el.com\/?attachment_id=1859'><img loading=\"lazy\" decoding=\"async\" width=\"150\" height=\"150\" src=\"https:\/\/www.mik-el.com\/wp-content\/uploads\/2023\/01\/Mikronik-S-HI_page-0001-150x150.jpg\" class=\"attachment-thumbnail size-thumbnail\" alt=\"\" aria-describedby=\"gallery-3-1859\" \/><\/a>\n\t\t\t<\/div>\n\t\t\t\t<figcaption class='wp-caption-text gallery-caption' id='gallery-3-1859'>\n\t\t\t\t2023-1 &#8211; S-H\u0130 T\u0130P UYGUNLUK\n\t\t\t\t<\/figcaption><\/figure><figure class='gallery-item'>\n\t\t\t<div class='gallery-icon portrait'>\n\t\t\t\t<a href='https:\/\/www.mik-el.com\/?attachment_id=1860'><img loading=\"lazy\" decoding=\"async\" width=\"150\" height=\"150\" src=\"https:\/\/www.mik-el.com\/wp-content\/uploads\/2023\/01\/DBA3_page-0001-150x150.jpg\" class=\"attachment-thumbnail size-thumbnail\" alt=\"\" aria-describedby=\"gallery-3-1860\" \/><\/a>\n\t\t\t<\/div>\n\t\t\t\t<figcaption class='wp-caption-text gallery-caption' id='gallery-3-1860'>\n\t\t\t\t2023-1 &#8211; DBA3 T\u0130P UYGUNLUK\n\t\t\t\t<\/figcaption><\/figure>\n\t\t<\/div>\n\n\n\n","protected":false},"excerpt":{"rendered":"<p>KUMANDA PANOSU ELEKTRON\u0130K KART VE S\u00dcR\u00dcC\u00dc<\/p>\n","protected":false},"author":1,"featured_media":0,"parent":0,"menu_order":0,"comment_status":"closed","ping_status":"closed","template":"","meta":{"ngg_post_thumbnail":0,"footnotes":""},"class_list":["post-1847","page","type-page","status-publish","hentry"],"aioseo_notices":[],"_links":{"self":[{"href":"https:\/\/www.mik-el.com\/index.php?rest_route=\/wp\/v2\/pages\/1847","targetHints":{"allow":["GET"]}}],"collection":[{"href":"https:\/\/www.mik-el.com\/index.php?rest_route=\/wp\/v2\/pages"}],"about":[{"href":"https:\/\/www.mik-el.com\/index.php?rest_route=\/wp\/v2\/types\/page"}],"author":[{"embeddable":true,"href":"https:\/\/www.mik-el.com\/index.php?rest_route=\/wp\/v2\/users\/1"}],"replies":[{"embeddable":true,"href":"https:\/\/www.mik-el.com\/index.php?rest_route=%2Fwp%2Fv2%2Fcomments&post=1847"}],"version-history":[{"count":4,"href":"https:\/\/www.mik-el.com\/index.php?rest_route=\/wp\/v2\/pages\/1847\/revisions"}],"predecessor-version":[{"id":1896,"href":"https:\/\/www.mik-el.com\/index.php?rest_route=\/wp\/v2\/pages\/1847\/revisions\/1896"}],"wp:attachment":[{"href":"https:\/\/www.mik-el.com\/index.php?rest_route=%2Fwp%2Fv2%2Fmedia&parent=1847"}],"curies":[{"name":"wp","href":"https:\/\/api.w.org\/{rel}","templated":true}]}}