{"id":220,"date":"2013-08-28T22:49:10","date_gmt":"2013-08-28T19:49:10","guid":{"rendered":"http:\/\/www.mik-el.com\/?page_id=220"},"modified":"2024-10-15T09:31:39","modified_gmt":"2024-10-15T06:31:39","slug":"220-2","status":"publish","type":"page","link":"https:\/\/www.mik-el.com\/?page_id=220","title":{"rendered":"YASKAWA L1000A"},"content":{"rendered":"\n<div class=\"row\"  id=\"row-1063249433\">\n\n<div class=\"col medium-6 small-12 large-6\"  ><div class=\"col-inner\"  >\n\n<h1>YASKAWA L1000A<\/h1>\n<h3>VVVF H\u0131z Kontrol Cihazlar\u0131<\/h3>\n<p>Mik-el Elektronik Ltd. \u015eti. Yaskawa invert\u00f6rlerinin asans\u00f6r uygulamalar\u0131nda T\u00fcrkiye\u2019deki resmi yetkilisidir.<br \/><strong>Yaskawa \u00fcr\u00fcnlerinin \u0130ran&#8217;a sat\u0131\u015f\u0131 ve teslimi yasakt\u0131r.<\/strong><\/p>\n<a href=\"mailto:satis@mik-el.com?subject=Teklif%20Talebi&#038;body=Merhaba,%0A%0AYASKAWA%20L1000A%20\u00fcr\u00fcn\u00fc%20hakk\u0131nda%20teklif%20almak%20istiyoruz.%0A%0AL\u00fctfen%20\u015firket%20ileti\u015fim%20bilgilerinizi%20a\u015fa\u011f\u0131ya%20yaz\u0131n\u0131z:\" target=\"_self\" class=\"button primary\"  style=\"border-radius:10px;\">\n    <span>Teklif \u0130ste<\/span>\n  <i class=\"icon-angle-right\" ><\/i><\/a>\n\n\n\n<\/div><\/div>\n<div class=\"col medium-6 small-12 large-6\"  ><div class=\"col-inner\"  >\n\n<p><a href=\"http:\/\/www.mik-el.com\/wp-content\/uploads\/2019\/04\/l1000a.png\"><img loading=\"lazy\" decoding=\"async\" class=\"alignright size-full wp-image-1333\" src=\"http:\/\/www.mik-el.com\/wp-content\/uploads\/2019\/04\/l1000a.png\" alt=\"\" width=\"360\" height=\"320\" srcset=\"https:\/\/www.mik-el.com\/wp-content\/uploads\/2019\/04\/l1000a.png 360w, https:\/\/www.mik-el.com\/wp-content\/uploads\/2019\/04\/l1000a-300x267.png 300w\" sizes=\"auto, (max-width: 360px) 100vw, 360px\" \/><\/a><\/p>\n\n<\/div><\/div>\n\n<\/div>\n\n\t\t<div class=\"tabbed-content\">\n\t\t\t\n\t\t\t<ul class=\"nav nav-tabs nav-uppercase nav-size-normal nav-left\"><li class=\"tab active has-icon\"><a href=\"#tab_genel\"><span>Genel<\/span><\/a><\/li>\n<li class=\"tab has-icon\"><a href=\"#tab_teknik-d?k?man\"><span>Teknik D\u00f6k\u00fcman<\/span><\/a><\/li><\/ul><div class=\"tab-panels\"><div class=\"panel active entry-content\" id=\"tab_genel\">\n\n<ul class=\"urun-genel\">\n<li>Di\u015flisiz ve di\u015flili motor kontrol\u00fc i\u00e7in geli\u015fmi\u015f s\u00fcr\u00fcc\u00fc teknolojisi<\/li>\n<li>Di\u015flisiz asans\u00f6rler i\u00e7in m\u00fckemmel \u00e7\u00f6z\u00fcm, kalk\u0131\u015f esnas\u0131nda ya\u015fanan kayd\u0131rma sorununu (rollback) engeller ve konforlu bir kalk\u0131\u015f sa\u011flar<\/li>\n<li>Di\u015flisiz motorlarla, makine kasna\u011f\u0131n\u0131 d\u00f6nd\u00fcrmeden dura\u011fan auto-tuning yapabilme olana\u011f\u0131<\/li>\n<li>Tek motor kontakt\u00f6r\u00fcyle EN81\u2019e uygun kullan\u0131m i\u00e7in sertifikal\u0131<\/li>\n<li>Asans\u00f6r g\u00fcvenlik devrelerinin kontakt\u00f6r s\u00fcrme amac\u0131yla cihaz\u0131n i\u00e7ine sokulabilmesi i\u00e7in sertifikal\u0131<\/li>\n<li>Kolay y\u00f6n\u00fc bulma i\u015flevi sayesinde k\u00fc\u00e7\u00fck boy UPS ile kata getirme olana\u011f\u0131<\/li>\n<li>\u00d6zel asans\u00f6r parametreleri sayesinde kolay devreye al\u0131nma ve \u00fcst\u00fcn seyahat konforu<\/li>\n<li>Fan ve kondensat\u00f6r gibi bile\u015fenler i\u00e7in uzun \u00f6m\u00fcrl\u00fc tasar\u0131m (s\u00fcrekli \u00e7al\u0131\u015fmada 11 y\u0131l\u0131n \u00fczerinde)<\/li>\n<li>Uzun IGBT \u00f6mr\u00fc: tam y\u00fck alt\u0131nda 3 milyon kalk\u0131\u015f<\/li>\n<li>Asans\u00f6r\u00fcn mekanik par\u00e7alar\u0131n\u0131n \u00f6mr\u00fc uzar ve bak\u0131m masraflar\u0131 azal\u0131r<\/li>\n<li>\u015eebekeden kontroll\u00fc ak\u0131m \u00e7ekerek hem enerji tasarrufu sa\u011flar hem de \u015febekeye ani y\u00fcklenmeleri ortadan kald\u0131r\u0131r<\/li>\n<li>K\u0131sa devre, a\u015f\u0131r\u0131 ak\u0131m, a\u015f\u0131r\u0131 gerilim a\u015f\u0131r\u0131 \u0131s\u0131nma, a\u015f\u0131r\u0131 y\u00fcklenme, d\u00fc\u015f\u00fck gerilim ve topraklama hatalar\u0131na kar\u015f\u0131 motoru ve kendini korur<\/li>\n<li>\u00c7ok say\u0131da hatay\u0131 izler ve g\u00f6stergesinde hata mesajlar\u0131n\u0131 g\u00f6sterir<\/li>\n<\/ul>\n\n<\/div>\n<div class=\"panel entry-content\" id=\"tab_teknik-d?k?man\">\n\n<\/p>\n<p>Teknik Dok\u00fcmanlar i\u00e7in&nbsp;<strong><a href=\"https:\/\/drive.google.com\/drive\/folders\/1ccxz6QPQ2DVohPCf_LzHSVaXVc1gbWan\">t\u0131klay\u0131n\u0131z\u2026<\/a><\/strong><\/p>\n<p>\n\n<\/div><\/div><\/div>\n\n","protected":false},"excerpt":{"rendered":"","protected":false},"author":1,"featured_media":0,"parent":163,"menu_order":0,"comment_status":"closed","ping_status":"open","template":"page-right-sidebar.php","meta":{"ngg_post_thumbnail":0,"footnotes":""},"class_list":["post-220","page","type-page","status-publish","hentry"],"aioseo_notices":[],"_links":{"self":[{"href":"https:\/\/www.mik-el.com\/index.php?rest_route=\/wp\/v2\/pages\/220","targetHints":{"allow":["GET"]}}],"collection":[{"href":"https:\/\/www.mik-el.com\/index.php?rest_route=\/wp\/v2\/pages"}],"about":[{"href":"https:\/\/www.mik-el.com\/index.php?rest_route=\/wp\/v2\/types\/page"}],"author":[{"embeddable":true,"href":"https:\/\/www.mik-el.com\/index.php?rest_route=\/wp\/v2\/users\/1"}],"replies":[{"embeddable":true,"href":"https:\/\/www.mik-el.com\/index.php?rest_route=%2Fwp%2Fv2%2Fcomments&post=220"}],"version-history":[{"count":10,"href":"https:\/\/www.mik-el.com\/index.php?rest_route=\/wp\/v2\/pages\/220\/revisions"}],"predecessor-version":[{"id":2029,"href":"https:\/\/www.mik-el.com\/index.php?rest_route=\/wp\/v2\/pages\/220\/revisions\/2029"}],"up":[{"embeddable":true,"href":"https:\/\/www.mik-el.com\/index.php?rest_route=\/wp\/v2\/pages\/163"}],"wp:attachment":[{"href":"https:\/\/www.mik-el.com\/index.php?rest_route=%2Fwp%2Fv2%2Fmedia&parent=220"}],"curies":[{"name":"wp","href":"https:\/\/api.w.org\/{rel}","templated":true}]}}