{"id":402,"date":"2013-09-03T16:09:33","date_gmt":"2013-09-03T13:09:33","guid":{"rendered":"http:\/\/www.mik-el.com\/?page_id=402"},"modified":"2025-11-04T14:08:47","modified_gmt":"2025-11-04T11:08:47","slug":"anasayfa","status":"publish","type":"page","link":"https:\/\/www.mik-el.com\/","title":{"rendered":"Anasayfa"},"content":{"rendered":"\n<div class=\"row\"  id=\"row-1327273771\">\n\n<div class=\"col small-12 large-12\"  ><div class=\"col-inner\" style=\"padding:32px 0px 0px 0px;\" >\n\n<div class=\"slider-wrapper relative\" id=\"slider-1291487527\" >\n    <div class=\"slider slider-type-fade slider-nav-circle slider-nav-large slider-nav-light slider-style-normal\"\n        data-flickity-options='{\n            \"cellAlign\": \"center\",\n            \"imagesLoaded\": true,\n            \"lazyLoad\": 1,\n            \"freeScroll\": false,\n            \"wrapAround\": true,\n            \"autoPlay\": 6000,\n            \"pauseAutoPlayOnHover\" : true,\n            \"prevNextButtons\": true,\n            \"contain\" : true,\n            \"adaptiveHeight\" : true,\n            \"dragThreshold\" : 10,\n            \"percentPosition\": true,\n            \"pageDots\": true,\n            \"rightToLeft\": false,\n            \"draggable\": true,\n            \"selectedAttraction\": 0.1,\n            \"parallax\" : 0,\n            \"friction\": 0.6        }'\n        >\n        \n\n\n  <div class=\"banner has-hover\" id=\"banner-763453491\">\n          <div class=\"banner-inner fill\">\n        <div class=\"banner-bg fill\" >\n            <div class=\"bg fill bg-fill \"><\/div>\n                                    \n                    <\/div><!-- bg-layers -->\n        <div class=\"banner-layers container\">\n            <a class=\"fill\" href=\"https:\/\/www.mik-el.com\/?page_id=1718\"><div class=\"fill banner-link\"><\/div><\/a>            \n\n   <div id=\"text-box-1593000032\" class=\"text-box banner-layer x5 md-x5 lg-x5 y35 md-y35 lg-y35 res-text\">\n                                <div class=\"text dark\">\n              \n              <div class=\"text-inner text-left\">\n                  \n\n<h1><strong>Mobil Servis<\/strong><\/h1>\n<h3>Yay\u0131nda<\/h3>\n<a href=\"https:\/\/www.mik-el.com\/?page_id=1718\" target=\"_self\" class=\"button primary\"  style=\"border-radius:10px;\">\n    <span>Detayl\u0131  Bilgi<\/span>\n  <\/a>\n\n\n\n              <\/div>\n           <\/div><!-- text-box-inner -->\n                            \n<style scope=\"scope\">\n\n#text-box-1593000032 {\n  width: 35%;\n}\n#text-box-1593000032 .text {\n  font-size: 76%;\n}\n<\/style>\n    <\/div><!-- text-box -->\n \n\n        <\/div><!-- .banner-layers -->\n      <\/div><!-- .banner-inner -->\n\n              <div class=\"height-fix is-invisible\"><img loading=\"lazy\" decoding=\"async\" width=\"2000\" height=\"1154\" src=\"https:\/\/www.mik-el.com\/wp-content\/uploads\/2021\/01\/web1.jpg\" class=\"attachment-original size-original\" alt=\"\" srcset=\"https:\/\/www.mik-el.com\/wp-content\/uploads\/2021\/01\/web1.jpg 2000w, https:\/\/www.mik-el.com\/wp-content\/uploads\/2021\/01\/web1-300x173.jpg 300w, https:\/\/www.mik-el.com\/wp-content\/uploads\/2021\/01\/web1-1024x591.jpg 1024w, https:\/\/www.mik-el.com\/wp-content\/uploads\/2021\/01\/web1-768x443.jpg 768w, https:\/\/www.mik-el.com\/wp-content\/uploads\/2021\/01\/web1-1536x886.jpg 1536w\" sizes=\"auto, (max-width: 2000px) 100vw, 2000px\" \/><\/div>\n            \n<style scope=\"scope\">\n\n#banner-763453491 .bg.bg-loaded {\n  background-image: url(https:\/\/www.mik-el.com\/wp-content\/uploads\/2021\/01\/web1.jpg);\n}\n<\/style>\n  <\/div><!-- .banner -->\n\n\n\n  <div class=\"banner has-hover\" id=\"banner-622224460\">\n          <div class=\"banner-inner fill\">\n        <div class=\"banner-bg fill\" >\n            <div class=\"bg fill bg-fill \"><\/div>\n                                    \n                    <\/div><!-- bg-layers -->\n        <div class=\"banner-layers container\">\n            <a class=\"fill\" href=\"https:\/\/www.mik-el.com\/?page_id=1674\"><div class=\"fill banner-link\"><\/div><\/a>            \n\n   <div id=\"text-box-2077393187\" class=\"text-box banner-layer x5 md-x5 lg-x5 y10 md-y10 lg-y10 res-text\">\n                                <div class=\"text dark\">\n              \n              <div class=\"text-inner text-left\">\n                  \n\n<h1><strong>U-STO<\/strong><\/h1>\n<h3>Safe Torque Off<\/h3>\n<p><span style=\"font-size: 150%;\">Kontakt\u00f6rs\u00fcz T\u00fcmle\u015fik Asans\u00f6r Kumanda ve S\u00fcr\u00fcc\u00fcs\u00fc<\/span><\/p>\n<p>\u201cSessiz, G\u00fcvenli, T\u00fcmle\u015fik\u201d<\/p>\n<a href=\"https:\/\/www.mik-el.com\/?page_id=1155\" target=\"_self\" class=\"button primary\"  style=\"border-radius:10px;\">\n    <span>Detayl\u0131  Bilgi<\/span>\n  <\/a>\n\n\n\n              <\/div>\n           <\/div><!-- text-box-inner -->\n                            \n<style scope=\"scope\">\n\n#text-box-2077393187 {\n  width: 43%;\n}\n#text-box-2077393187 .text {\n  font-size: 76%;\n}\n<\/style>\n    <\/div><!-- text-box -->\n \n\n        <\/div><!-- .banner-layers -->\n      <\/div><!-- .banner-inner -->\n\n              <div class=\"height-fix is-invisible\"><img loading=\"lazy\" decoding=\"async\" width=\"2080\" height=\"1200\" src=\"https:\/\/www.mik-el.com\/wp-content\/uploads\/2019\/04\/Artboards1.jpg\" class=\"attachment-original size-original\" alt=\"\" srcset=\"https:\/\/www.mik-el.com\/wp-content\/uploads\/2019\/04\/Artboards1.jpg 2080w, https:\/\/www.mik-el.com\/wp-content\/uploads\/2019\/04\/Artboards1-300x173.jpg 300w, https:\/\/www.mik-el.com\/wp-content\/uploads\/2019\/04\/Artboards1-768x443.jpg 768w, https:\/\/www.mik-el.com\/wp-content\/uploads\/2019\/04\/Artboards1-1024x591.jpg 1024w\" sizes=\"auto, (max-width: 2080px) 100vw, 2080px\" \/><\/div>\n            \n<style scope=\"scope\">\n\n#banner-622224460 .bg.bg-loaded {\n  background-image: url(https:\/\/www.mik-el.com\/wp-content\/uploads\/2019\/04\/Artboards1.jpg);\n}\n<\/style>\n  <\/div><!-- .banner -->\n\n\n\n  <div class=\"banner has-hover\" id=\"banner-72342461\">\n          <div class=\"banner-inner fill\">\n        <div class=\"banner-bg fill\" >\n            <div class=\"bg fill bg-fill \"><\/div>\n                                    \n                    <\/div><!-- bg-layers -->\n        <div class=\"banner-layers container\">\n            <a class=\"fill\" href=\"https:\/\/www.mik-el.com\/?page_id=1204\"><div class=\"fill banner-link\"><\/div><\/a>            \n\n   <div id=\"text-box-1402086246\" class=\"text-box banner-layer x5 md-x5 lg-x5 y10 md-y10 lg-y10 res-text\">\n                                <div class=\"text dark text-shadow-1\">\n              \n              <div class=\"text-inner text-left\">\n                  \n\n<h1><strong>CP U-STO SLIM<\/strong><\/h1>\n<p><span style=\"font-size: 150%;\">Kap\u0131 Kasas\u0131nda Kumanda Panosu<br \/>\n<\/span><\/p>\n<a href=\"https:\/\/www.mik-el.com\/?page_id=1204\" target=\"_self\" class=\"button primary\"  style=\"border-radius:10px;\">\n    <span>Detayl\u0131  Bilgi<\/span>\n  <\/a>\n\n\n\n              <\/div>\n           <\/div><!-- text-box-inner -->\n                            \n<style scope=\"scope\">\n\n#text-box-1402086246 {\n  width: 42%;\n}\n#text-box-1402086246 .text {\n  font-size: 76%;\n}\n<\/style>\n    <\/div><!-- text-box -->\n \n\n        <\/div><!-- .banner-layers -->\n      <\/div><!-- .banner-inner -->\n\n              <div class=\"height-fix is-invisible\"><img loading=\"lazy\" decoding=\"async\" width=\"2080\" height=\"1200\" src=\"https:\/\/www.mik-el.com\/wp-content\/uploads\/2019\/04\/Artboards-1-copy.jpg\" class=\"attachment-original size-original\" alt=\"\" srcset=\"https:\/\/www.mik-el.com\/wp-content\/uploads\/2019\/04\/Artboards-1-copy.jpg 2080w, https:\/\/www.mik-el.com\/wp-content\/uploads\/2019\/04\/Artboards-1-copy-300x173.jpg 300w, https:\/\/www.mik-el.com\/wp-content\/uploads\/2019\/04\/Artboards-1-copy-768x443.jpg 768w, https:\/\/www.mik-el.com\/wp-content\/uploads\/2019\/04\/Artboards-1-copy-1024x591.jpg 1024w\" sizes=\"auto, (max-width: 2080px) 100vw, 2080px\" \/><\/div>\n            \n<style scope=\"scope\">\n\n#banner-72342461 .bg.bg-loaded {\n  background-image: url(https:\/\/www.mik-el.com\/wp-content\/uploads\/2019\/04\/Artboards-1-copy.jpg);\n}\n<\/style>\n  <\/div><!-- .banner -->\n\n\n\n     <\/div>\n\n     <div class=\"loading-spin dark large centered\"><\/div>\n\n     <style scope=\"scope\">\n             <\/style>\n<\/div><!-- .ux-slider-wrapper -->\n\n\n\n<\/div><\/div>\n\n<\/div>\n<div class=\"row\"  id=\"row-1342646375\">\n\n<div class=\"col medium-6 small-12 large-6\"  ><div class=\"col-inner\"  >\n\n\n  <div class=\"banner has-hover\" id=\"banner-1088150812\">\n          <div class=\"banner-inner fill\">\n        <div class=\"banner-bg fill\" >\n            <div class=\"bg fill bg-fill \"><\/div>\n                                    \n                    <\/div><!-- bg-layers -->\n        <div class=\"banner-layers container\">\n            <a class=\"fill\" href=\"http:\/\/www.mik-el.com\/?page_id=163\"><div class=\"fill banner-link\"><\/div><\/a>            \n\n   <div id=\"text-box-213914651\" class=\"text-box banner-layer x5 md-x5 lg-x5 y10 md-y10 lg-y10 res-text\">\n                                <div class=\"text dark\">\n              \n              <div class=\"text-inner text-center\">\n                  \n\n<h3 style=\"text-align: left;\">Asans\u00f6r Kumanda Sistemleri ve S\u00fcr\u00fcc\u00fcler<\/h3>\n\n              <\/div>\n           <\/div><!-- text-box-inner -->\n                            \n<style scope=\"scope\">\n\n#text-box-213914651 {\n  width: 28%;\n}\n#text-box-213914651 .text {\n  font-size: 100%;\n}\n<\/style>\n    <\/div><!-- text-box -->\n \n\n        <\/div><!-- .banner-layers -->\n      <\/div><!-- .banner-inner -->\n\n            \n<style scope=\"scope\">\n\n#banner-1088150812 {\n  padding-top: 315px;\n}\n#banner-1088150812 .bg.bg-loaded {\n  background-image: url(https:\/\/www.mik-el.com\/wp-content\/uploads\/2019\/04\/Artboard-1.jpg);\n}\n<\/style>\n  <\/div><!-- .banner -->\n\n\n\n<\/div><\/div>\n<div class=\"col medium-6 small-12 large-6\"  ><div class=\"col-inner\"  >\n\n\n  <div class=\"banner has-hover\" id=\"banner-1791555204\">\n          <div class=\"banner-inner fill\">\n        <div class=\"banner-bg fill\" >\n            <div class=\"bg fill bg-fill \"><\/div>\n                                    \n                    <\/div><!-- bg-layers -->\n        <div class=\"banner-layers container\">\n            <a class=\"fill\" href=\"http:\/\/www.mik-el.com\/?page_id=1555\"><div class=\"fill banner-link\"><\/div><\/a>            \n\n   <div id=\"text-box-1348159703\" class=\"text-box banner-layer x5 md-x5 lg-x5 y10 md-y10 lg-y10 res-text\">\n                                <div class=\"text dark\">\n              \n              <div class=\"text-inner text-center\">\n                  \n\n<h3 style=\"text-align: left;\">Asans\u00f6r Kumanda Panolar\u0131<\/h3>\n\n              <\/div>\n           <\/div><!-- text-box-inner -->\n                            \n<style scope=\"scope\">\n\n#text-box-1348159703 {\n  width: 28%;\n}\n#text-box-1348159703 .text {\n  font-size: 100%;\n}\n<\/style>\n    <\/div><!-- text-box -->\n \n\n        <\/div><!-- .banner-layers -->\n      <\/div><!-- .banner-inner -->\n\n            \n<style scope=\"scope\">\n\n#banner-1791555204 {\n  padding-top: 315px;\n}\n#banner-1791555204 .bg.bg-loaded {\n  background-image: url(https:\/\/www.mik-el.com\/wp-content\/uploads\/2019\/04\/Artboard-1-copy.jpg);\n}\n<\/style>\n  <\/div><!-- .banner -->\n\n\n\n<\/div><\/div>\n\n<\/div>\n\n","protected":false},"excerpt":{"rendered":"","protected":false},"author":1,"featured_media":0,"parent":0,"menu_order":0,"comment_status":"closed","ping_status":"open","template":"page-blank.php","meta":{"ngg_post_thumbnail":0,"footnotes":""},"class_list":["post-402","page","type-page","status-publish","hentry"],"aioseo_notices":[],"_links":{"self":[{"href":"https:\/\/www.mik-el.com\/index.php?rest_route=\/wp\/v2\/pages\/402","targetHints":{"allow":["GET"]}}],"collection":[{"href":"https:\/\/www.mik-el.com\/index.php?rest_route=\/wp\/v2\/pages"}],"about":[{"href":"https:\/\/www.mik-el.com\/index.php?rest_route=\/wp\/v2\/types\/page"}],"author":[{"embeddable":true,"href":"https:\/\/www.mik-el.com\/index.php?rest_route=\/wp\/v2\/users\/1"}],"replies":[{"embeddable":true,"href":"https:\/\/www.mik-el.com\/index.php?rest_route=%2Fwp%2Fv2%2Fcomments&post=402"}],"version-history":[{"count":10,"href":"https:\/\/www.mik-el.com\/index.php?rest_route=\/wp\/v2\/pages\/402\/revisions"}],"predecessor-version":[{"id":2082,"href":"https:\/\/www.mik-el.com\/index.php?rest_route=\/wp\/v2\/pages\/402\/revisions\/2082"}],"wp:attachment":[{"href":"https:\/\/www.mik-el.com\/index.php?rest_route=%2Fwp%2Fv2%2Fmedia&parent=402"}],"curies":[{"name":"wp","href":"https:\/\/api.w.org\/{rel}","templated":true}]}}