{"id":5,"date":"2013-08-27T17:52:50","date_gmt":"2013-08-27T14:52:50","guid":{"rendered":"http:\/\/www.mik-el.com\/?page_id=5"},"modified":"2019-04-24T12:27:18","modified_gmt":"2019-04-24T09:27:18","slug":"hakkimizda","status":"publish","type":"page","link":"https:\/\/www.mik-el.com\/?page_id=5","title":{"rendered":"Hakk\u0131m\u0131zda"},"content":{"rendered":"\n<div class=\"row row-collapse row-full-width\"  id=\"row-419450986\">\n\n<div class=\"col medium-6 small-12 large-6\"  ><div class=\"col-inner\" style=\"max-width:520px;padding:0px 20px 0px 0px;\" >\n\n<h3>\u201cAsans\u00f6r kumandas\u0131 uzman\u0131\u201d<\/h3>\n<p>\u201cMik-el Elektronik\u201d <strong>T\u00fcrkiye\u2019nin ilk mikroi\u015flemci temelli asans\u00f6r kumanda sistemi<\/strong> \u00fcreticisi olarak 1988\u2019de \u0130stanbul\u2019da kuruldu. Kendisiyle y\u0131llarca yak\u0131n i\u015fbirli\u011fi yapan i\u015f ortaklar\u0131 ve m\u00fc\u015fterileriyle birlikte son teknoloji \u00e7\u00f6z\u00fcmler \u00fcreten Mik-el sadece T\u00fcrkiye\u2019de de\u011fil ayn\u0131 zamanda uluslararas\u0131 pazarda iyi bilinen bir firma haline geldi. Bug\u00fcn Mik-el Avrupa, Asya, Afrika ve G\u00fcney Amerika\u2019daki bir\u00e7ok memnun m\u00fc\u015fteriye \u00fcr\u00fcn sa\u011flamaktad\u0131r.<\/p>\n<p>Yakla\u015f\u0131k 70 ki\u015filik bir tak\u0131m m\u00fc\u015fterilerini memnun eden g\u00fcvenilir \u00fcr\u00fcnler sunmak i\u00e7in tasarlamakta, geli\u015ftirmekte ve \u00fcretilmektedir. Tecr\u00fcbeli m\u00fchendisler ve iyi e\u011fitilmi\u015f teknisyenler AR-GE, tasar\u0131m, \u00fcretim ve sat\u0131\u015f sonras\u0131 hizmetlerden sorumlu olarak \u00e7al\u0131\u015fmaktad\u0131rlar.<\/p>\n\n<\/div><\/div>\n<div class=\"col medium-6 small-12 large-6\"  ><div class=\"col-inner\"  >\n\n\t<div class=\"img has-hover x md-x lg-x y md-y lg-y\" id=\"image_643533703\">\n\t\t\t\t\t\t\t\t<div class=\"img-inner dark\" >\n\t\t\t<img loading=\"lazy\" decoding=\"async\" width=\"1013\" height=\"1024\" src=\"https:\/\/www.mik-el.com\/wp-content\/uploads\/2019\/04\/1-1013x1024.jpg\" class=\"attachment-large size-large\" alt=\"\" srcset=\"https:\/\/www.mik-el.com\/wp-content\/uploads\/2019\/04\/1-1013x1024.jpg 1013w, https:\/\/www.mik-el.com\/wp-content\/uploads\/2019\/04\/1-297x300.jpg 297w, https:\/\/www.mik-el.com\/wp-content\/uploads\/2019\/04\/1-768x776.jpg 768w, https:\/\/www.mik-el.com\/wp-content\/uploads\/2019\/04\/1.jpg 1200w\" sizes=\"auto, (max-width: 1013px) 100vw, 1013px\" \/>\t\t\t\t\t\t\n\t\t\t\t\t<\/div>\n\t\t\t\t\t\t\t\t\n<style scope=\"scope\">\n\n#image_643533703 {\n  width: 100%;\n}\n<\/style>\n\t<\/div>\n\t\n\n\n<\/div><\/div>\n\n\n<style scope=\"scope\">\n\n<\/style>\n<\/div>\n<div class=\"row\"  id=\"row-1609731427\">\n\n<div class=\"col small-12 large-12\"  ><div class=\"col-inner\"  >\n\n<p class=\"p1\"><span style=\"font-size: 140%;\"><strong>1988<\/strong><\/span><br><strong>Mikroi\u015flemci temelli asans\u00f6r kumanda sistemleri T\u00fcrkiye\u2019de<\/strong> ilk olarak Mik-el taraf\u0131ndan tasarland\u0131 ve \u00fcretildi.<\/p>\n<p class=\"p1\"><span style=\"font-size: 140%;\"><strong>1999<\/strong><\/span><br>\u00c7e\u015fitli pazarlar\u0131n ve asans\u00f6r t\u00fcrlerinin gereksinimlerinin kar\u015f\u0131lanmas\u0131 i\u00e7in <strong>EK, KO, YS, KX, EX, FX, MX ve BX<\/strong> \u00fcyelerinden olu\u015fan <strong>Mikronik ailesi<\/strong> geli\u015ftirildi.<\/p>\n<p class=\"p1\"><span style=\"font-size: 140%;\"><strong>2000<\/strong><\/span><br>Mikonet <strong>T\u00fcrkiye\u2019nin ilk CAN-Bus \u00f6zellikli asans\u00f6r kumanda Sistemi<\/strong> olarak geli\u015ftirildi ve makine dairesi, kabin ve katlar aras\u0131nda seri haberle\u015fme sa\u011flad\u0131.<\/p>\n<p class=\"p1\"><span style=\"font-size: 140%;\"><strong>2003<\/strong><\/span><br><strong>Mikronik ZX<\/strong> EN 81-1\/-2 Avrupa Asans\u00f6r Standart\u0131na uyumlulu\u011fu sertifikalanarak <strong>T\u00fcrkiye\u2019nin CE i\u015fareti ta\u015f\u0131yan ilk asans\u00f6r kumanda sistemi<\/strong> oldu.<\/p>\n<p class=\"p1\"><span style=\"font-size: 140%;\"><strong>2007<\/strong><\/span><br><strong>Mikronik SM kabine giden verileri seri CAN-Bus \u00fczerinden aktararak<\/strong> kabin ba\u011flant\u0131s\u0131n\u0131 basitle\u015ftirdi.<\/p>\n<p class=\"p1\"><span style=\"font-size: 140%;\"><strong>2008<\/strong><\/span><br><strong>Mikronik S-Hi y\u00fcksek durak say\u0131l\u0131 asans\u00f6rler i\u00e7in<\/strong> hem kabin hem de katlarla CAN-Bus \u00fczerinden seri haberle\u015fme sa\u011flad\u0131.<\/p>\n<p class=\"p1\"><span style=\"font-size: 140%;\"><strong>2010<\/strong><\/span><br><strong>Mikronik SX (Classic)<\/strong>, daha rekabet\u00e7i fiyat d\u00fczeyi ile <strong>daha \u00e7ok i\u015flevsellik<\/strong> sunarak Mikronik SM\u2019nin yerini ald\u0131.<\/p>\n<p class=\"p1\"><span style=\"font-size: 140%;\"><strong>2012<\/strong><\/span><br><strong>MD-2012<\/strong>, kullan\u0131c\u0131 dostu men\u00fcs\u00fc ve asans\u00f6re \u00f6zel i\u015flevleriyle <strong>daha y\u00fcksek seyahat konforuna daha kolay ula\u015f\u0131lmas\u0131n\u0131 sa\u011flad\u0131.<\/strong><\/p>\n<p class=\"p1\"><span style=\"font-size: 140%;\"><strong>2014<\/strong><\/span><br><strong>Mikronik SX Plus kat ve kabin butonyerlerine<\/strong> CAN-Bus \u00fczerinden <strong>kolay tak-\u00e7al\u0131\u015ft\u0131r ba\u011flant\u0131<\/strong> sa\u011flad\u0131.<\/p>\n<p class=\"p1\"><strong>Kabin ve kat butonyerleri i\u00e7in ak\u0131ll\u0131 \u00e7\u00f6z\u00fcmler<\/strong> sunularak tesisat ba\u011flant\u0131lar\u0131 basitle\u015ftirildi ve <strong>EN 81-70<\/strong> standart\u0131na (eri\u015fim engelliler i\u00e7in asans\u00f6r standart\u0131) uyumlar\u0131 sa\u011fland\u0131. Bu \u00e7\u00f6z\u00fcmler kabin ve kat butonyerlerine entegre edilerek onlar\u0131n <strong>i\u015flevselli\u011fini art\u0131ran ve tak-\u00e7al\u0131\u015ft\u0131r ba\u011flant\u0131 \u00f6zelli\u011fi ekleyen ak\u0131ll\u0131 kartlar veya g\u00f6m\u00fcl\u00fc yaz\u0131l\u0131mlard\u0131r.<\/strong><\/p>\n<p class=\"p1\"><span style=\"font-size: 140%;\"><strong>2015<\/strong><\/span><br><strong>MD-STO T\u00fcrkiye\u2019nin g\u00fcvenli durdurma (safe-torque-off)<\/strong> <strong>\u00f6zellikli ilk asans\u00f6r inverteri<\/strong> olarak kontakt\u00f6rleri gereksiz hale getirdi ve <strong>hem asans\u00f6r\u00fcn sessiz \u00e7al\u0131\u015fmas\u0131n\u0131 sa\u011flad\u0131<\/strong> hem de <strong>maliyeti d\u00fc\u015f\u00fcrd\u00fc.<\/strong><\/p>\n<p class=\"p1\"><span style=\"font-size: 140%;\"><strong>2017<\/strong><\/span><br><strong>SX ULTRA<\/strong> yeni Avrupa Asans\u00f6r Standard\u0131 olan <strong>EN 81-20\/-50 ile uyumlu<\/strong> modern bir asans\u00f6r kumanda sistemi olarak y\u00fcksek durak say\u0131l\u0131 ve <strong>y\u00fcksek h\u0131zl\u0131 asans\u00f6rler i\u00e7in de \u00e7\u00f6z\u00fcm<\/strong> olu\u015fturdu.<\/p>\n<p class=\"p1\"><span style=\"font-size: 140%;\"><strong>2018<\/strong><\/span><br><strong>T\u00fcmle\u015fik SX ULTRA &amp; MD-STO T\u00fcrkiye\u2019nin ilk g\u00fcvenli durdurma (safe-torque-off) \u00f6zellikli kombine<\/strong> \u00e7al\u0131\u015fan <strong>asans\u00f6r kumanda sistemi ve inverteri<\/strong> olarak kolay devreye alma ve kontakt\u00f6rs\u00fcz sessiz \u00e7al\u0131\u015fma imkanlar\u0131 sundu.<\/p>\n<p class=\"p1\"><span style=\"font-size: 140%;\"><strong>2019<\/strong><\/span><br><strong>U-STO g\u00fcvenli durdurma (safe-torque-off) \u00f6zellikli t\u00fcmle\u015fik asans\u00f6r kumanda sistemi ve inverteri<\/strong> olarak kolay devreye alma, sessiz \u00e7al\u0131\u015fma ve maliyet d\u00fc\u015f\u00fc\u015f\u00fc sa\u011flad\u0131.<\/p>\n<p class=\"p1\"><strong>MP-20<\/strong> hareketli mekanik par\u00e7alar\u0131 olmayan manyetik bir sens\u00f6r olan bu \u00fcr\u00fcn <strong>hassas kat seviyesi ve kilit k\u00f6pr\u00fcleme b\u00f6lgesi (ML) i\u00e7in kolay ayar \u00e7\u00f6z\u00fcm\u00fc<\/strong> sundu.<\/p>\n\n<\/div><\/div>\n\n<\/div>\n\n","protected":false},"excerpt":{"rendered":"","protected":false},"author":1,"featured_media":0,"parent":0,"menu_order":0,"comment_status":"closed","ping_status":"open","template":"page-right-sidebar.php","meta":{"ngg_post_thumbnail":0,"footnotes":""},"class_list":["post-5","page","type-page","status-publish","hentry"],"aioseo_notices":[],"_links":{"self":[{"href":"https:\/\/www.mik-el.com\/index.php?rest_route=\/wp\/v2\/pages\/5","targetHints":{"allow":["GET"]}}],"collection":[{"href":"https:\/\/www.mik-el.com\/index.php?rest_route=\/wp\/v2\/pages"}],"about":[{"href":"https:\/\/www.mik-el.com\/index.php?rest_route=\/wp\/v2\/types\/page"}],"author":[{"embeddable":true,"href":"https:\/\/www.mik-el.com\/index.php?rest_route=\/wp\/v2\/users\/1"}],"replies":[{"embeddable":true,"href":"https:\/\/www.mik-el.com\/index.php?rest_route=%2Fwp%2Fv2%2Fcomments&post=5"}],"version-history":[{"count":10,"href":"https:\/\/www.mik-el.com\/index.php?rest_route=\/wp\/v2\/pages\/5\/revisions"}],"predecessor-version":[{"id":1495,"href":"https:\/\/www.mik-el.com\/index.php?rest_route=\/wp\/v2\/pages\/5\/revisions\/1495"}],"wp:attachment":[{"href":"https:\/\/www.mik-el.com\/index.php?rest_route=%2Fwp%2Fv2%2Fmedia&parent=5"}],"curies":[{"name":"wp","href":"https:\/\/api.w.org\/{rel}","templated":true}]}}