{"id":671,"date":"2013-09-26T12:07:44","date_gmt":"2013-09-26T09:07:44","guid":{"rendered":"http:\/\/www.mik-el.com\/?page_id=671"},"modified":"2019-04-23T11:01:23","modified_gmt":"2019-04-23T08:01:23","slug":"mivox-akilli-buton-sistemi","status":"publish","type":"page","link":"https:\/\/www.mik-el.com\/?page_id=671","title":{"rendered":"Mivox Ak\u0131ll\u0131 Buton Sistemi"},"content":{"rendered":"<div id=\"urun-ust\">\n<div id=\"urun-baslik\">\n<p  id=\"urun-altb\">Ak\u0131ll\u0131 Buton Sistemi<\/p>\n<\/div>\n<div id=\"urun-resim\">\n<img loading=\"lazy\" decoding=\"async\" src=\"wp-content\/uploads\/2013\/08\/mivox.png\" alt=\"Mivox Ak\u0131ll\u0131 Buton Sistemi\" width=\"360\" height=\"320\" class=\"alignright size-full wp-image-193\" \/>\n<\/div>\n<\/div>\n<div id=\"urun-ozellik\">\n<div id=\"horizontalTab\">\n<ul class=\"resp-tabs-list\">\n<li>Genel<\/li>\n<li>Detaylar<\/li>\n<li>Bro\u015f\u00fcr<\/li>\n<li>Teknik D\u00f6k\u00fcmanlar<\/li>\n<\/ul>\n<div class=\"resp-tabs-container\">\n<div>\n<div id=\"bir\">\n<ul class=\"urun-genel\">\n<li><b>Soketli Can-Bus Ba\u011flant\u0131s\u0131yla Kabinle ve Katlarla Seri Haberle\u015fme<\/b><\/br>Kablolama maliyetini ve i\u015f\u00e7ili\u011fini azalt\u0131r, hatal\u0131 ba\u011flant\u0131 riskini ortadan kald\u0131r\u0131r, devreye almay\u0131<br \/>\n\u00e7abukla\u015ft\u0131r\u0131r<\/li>\n<li><b>Ak\u0131ll\u0131 Kat Tan\u0131ma<\/b><\/br>Kattan kata ba\u011flant\u0131lar yap\u0131l\u0131p enerji verildi\u011finde Mik-el\u2019in \u00f6zel tan\u0131mlama tekni\u011fi sayesinde kumanda sistemi hangi kat butonyerinin hangi katta bulundu\u011funu otomatik olarak alg\u0131larlar. Her kat\u0131n butonyerinde kat adreslerini elle ayarlamaya gerek yoktur.<\/li>\n<li><b>Tek Soketle Kolay Ba\u011flant\u0131<\/b><\/br>Kattan kata ve da\u011f\u0131t\u0131m noktalar\u0131ndan Mivox kat butonyerlerine yap\u0131lan ba\u011flant\u0131lar sadece tek soket kullan\u0131larak kolayca yap\u0131l\u0131r. Butonyere giden kablo i\u00e7in kat duvar\u0131nda sadece 16 mm \u00e7ap\u0131nda bir delik yeterlidir.<\/li>\n<li><b>EN81-70 Uygunlu\u011fu<\/b><\/br>Mivox kat butonyeri \u00e7a\u011fr\u0131 verildi\u011finde yukar\u0131 veya a\u015fa\u011f\u0131 y\u00f6nler i\u00e7in farkl\u0131 tonlarda kay\u0131t al\u0131nd\u0131 bildirimi verir. Kabin kata geldi\u011finde ise katta bekleyen yolcuya kabinin gidece\u011fi y\u00f6ne ba\u011fl\u0131 olarak farkl\u0131 tonlarda sesli uyar\u0131 verilir.<\/li>\n<li><b>Ultra \u0130nce Paslanmaz \u00c7elik G\u00f6vde<\/b><\/br>Mivox s\u0131va\u00fcst\u00fc kat butonyerinin kal\u0131nl\u0131\u011f\u0131 sadece 9.9mm\u2019dir.<\/li>\n<li><b>Dubleks Ba\u011flant\u0131 \u0130\u00e7in \u0130lave Kabloya Gerek Yok<\/b><\/br> Simpleks ve dubleks asans\u00f6rler i\u00e7in ayn\u0131 miktarda kat kablosu kullan\u0131l\u0131r ve ba\u011flant\u0131 say\u0131s\u0131 ayn\u0131d\u0131r. B\u00f6ylece dubleks asans\u00f6rlerde kablo ve i\u015f\u00e7ilikten daha fazla tasarruf sa\u011flan\u0131r!<\/li>\n<li><b>Dubleks Asans\u00f6rler \u0130\u00e7in G\u00f6sterge Konumland\u0131rma<\/b><\/br>Mivox dubleks kat butonyeri \u00fczerindeki A ve B asans\u00f6rlerinin g\u00f6stergelerin konumlar\u0131 asans\u00f6rlerininkatlardaki kap\u0131 konumlar\u0131na g\u00f6re Mik-el asans\u00f6r kumanda sistemi men\u00fcs\u00fcnden ayarlanarak yer de\u011fi\u015ftirilebilir.<br \/>\n&#8211; 16 dura\u011fa kadar tek buton ve \u00e7ift buton olarak kullan\u0131labilir. (\u015eimdilik)<br \/>\n&#8211; Dot-matris ve 7-segment g\u00f6stergeli buton se\u00e7enekleriyle, simpleks veya dubleks olarak kullan\u0131labilir.<br \/>\n&#8211; Beyaz dot-matris g\u00f6sterge se\u00e7ene\u011fi mevcuttur (farkl\u0131 renk se\u00e7eneklerini sorunuz).<\/li>\n<\/ul><\/div>\n<\/p><\/div>\n<div>\n<div id=\"bir\">\n<p> <img loading=\"lazy\" decoding=\"async\" src=\"wp-content\/uploads\/2013\/08\/mivoxsema.jpg\" alt=\"Mivox Ak\u0131ll\u0131 Buton Sistemi\" width=\"668\" height=\"781\" class=\"size-full wp-image-193\" \/>\n    \t\t\t<\/div>\n<\/p><\/div>\n<div>\n<p>                  <a target=\"_blank\" href=\"wp-content\/uploads\/2013\/08\/mivox-akilli-buton-sistemi.pdf\" rel=\"noopener noreferrer\"><img decoding=\"async\" alt=\"Mivox Ak\u0131ll\u0131 Buton Sistemi\" src=\"wp-content\/uploads\/2013\/08\/mivox-akilli-buton-sistemi-kck123.jpg\"><\/a><\/p><\/div>\n<div>\n                 Teknik d\u00f6k\u00fcmanlar i\u00e7in <a href=\"?page_id=478\">T\u0131klay\u0131n\u0131z&#8230;<\/a><\/p><\/div>\n<\/p><\/div>\n<\/div>\n<\/div>\n","protected":false},"excerpt":{"rendered":"<p>Ak\u0131ll\u0131 Buton Sistemi Genel Detaylar Bro\u015f\u00fcr Teknik D\u00f6k\u00fcmanlar Soketli Can-Bus Ba\u011flant\u0131s\u0131yla Kabinle ve Katlarla Seri Haberle\u015fmeKablolama maliyetini ve i\u015f\u00e7ili\u011fini azalt\u0131r, hatal\u0131 ba\u011flant\u0131 riskini ortadan kald\u0131r\u0131r, devreye almay\u0131 \u00e7abukla\u015ft\u0131r\u0131r Ak\u0131ll\u0131 Kat Tan\u0131maKattan kata ba\u011flant\u0131lar yap\u0131l\u0131p enerji verildi\u011finde Mik-el\u2019in \u00f6zel tan\u0131mlama tekni\u011fi sayesinde kumanda sistemi hangi kat butonyerinin hangi katta bulundu\u011funu otomatik olarak alg\u0131larlar. Her kat\u0131n butonyerinde [&#8230;]\n","protected":false},"author":1,"featured_media":0,"parent":163,"menu_order":0,"comment_status":"closed","ping_status":"open","template":"page-right-sidebar.php","meta":{"ngg_post_thumbnail":0,"footnotes":""},"class_list":["post-671","page","type-page","status-publish","hentry"],"aioseo_notices":[],"_links":{"self":[{"href":"https:\/\/www.mik-el.com\/index.php?rest_route=\/wp\/v2\/pages\/671","targetHints":{"allow":["GET"]}}],"collection":[{"href":"https:\/\/www.mik-el.com\/index.php?rest_route=\/wp\/v2\/pages"}],"about":[{"href":"https:\/\/www.mik-el.com\/index.php?rest_route=\/wp\/v2\/types\/page"}],"author":[{"embeddable":true,"href":"https:\/\/www.mik-el.com\/index.php?rest_route=\/wp\/v2\/users\/1"}],"replies":[{"embeddable":true,"href":"https:\/\/www.mik-el.com\/index.php?rest_route=%2Fwp%2Fv2%2Fcomments&post=671"}],"version-history":[{"count":10,"href":"https:\/\/www.mik-el.com\/index.php?rest_route=\/wp\/v2\/pages\/671\/revisions"}],"predecessor-version":[{"id":1307,"href":"https:\/\/www.mik-el.com\/index.php?rest_route=\/wp\/v2\/pages\/671\/revisions\/1307"}],"up":[{"embeddable":true,"href":"https:\/\/www.mik-el.com\/index.php?rest_route=\/wp\/v2\/pages\/163"}],"wp:attachment":[{"href":"https:\/\/www.mik-el.com\/index.php?rest_route=%2Fwp%2Fv2%2Fmedia&parent=671"}],"curies":[{"name":"wp","href":"https:\/\/api.w.org\/{rel}","templated":true}]}}