{"id":73,"date":"2013-08-28T11:04:31","date_gmt":"2013-08-28T08:04:31","guid":{"rendered":"http:\/\/www.mik-el.com\/?page_id=73"},"modified":"2022-02-14T15:50:29","modified_gmt":"2022-02-14T12:50:29","slug":"iletisim","status":"publish","type":"page","link":"https:\/\/www.mik-el.com\/?page_id=73","title":{"rendered":"\u0130leti\u015fim"},"content":{"rendered":"\n<div class=\"row\"  id=\"row-1581607166\">\n\n<div class=\"col medium-6 small-12 large-6\"  ><div class=\"col-inner\"  >\n\n<div id=\"sol-iletisim\">\n<h2>M\u0130K-EL ELEKTRON\u0130K <br \/> Sanayi ve Ticaret Limited \u015eirketi<\/h2>\n<p><strong>Posta Adresi<br \/>\n<\/strong>Matbaac\u0131lar Sitesi Yolu No:56 Y\u00fczy\u0131l Mahallesi &#8211; Ba\u011fc\u0131lar 34200 \u0130STANBUL\/T\u00fcrkiye<\/p>\n<p><strong>Telefon&nbsp;<\/strong><br \/>\n+90 212 629 00 08 (Pbx)<\/p>\n<p><strong>Teknik Servis \u0130\u00e7in;<\/strong><br \/>\n<a href=\"https:\/\/apps.apple.com\/tr\/app\/mik-el-mobil-servis\/id1544325856?l=tr\"><br \/><img decoding=\"async\" alt=\"Qries\" src=\"https:\/\/www.mik-el.com\/wp-content\/uploads\/2021\/07\/Download_on_the_App_Store_Badge.svg\"width=\"150\" height=\"45\"><br \/><\/a> <br \/>\n<a href=\"https:\/\/play.google.com\/store\/apps\/details?id=com.mikel.mobilservis\"><br \/><img decoding=\"async\" alt=\"Qries\" src=\"https:\/\/cdn.freebiesupply.com\/logos\/large\/2x\/google-play-download-android-app-logo-png-transparent.png\"width=\"150\" height=\"45\"><br \/><\/a><\/p>\n<p><strong>Faks<\/strong><br \/>\n+90 212 629 11 35<\/p>\n<p><strong>E-posta<\/strong><br \/>\nmik-el@mik-el.com<br \/>\nsatis@mik-el.com<br \/>\ndestek@mik-el.com<\/p>\n<p><strong>Ankara B\u00f6lge Sat\u0131\u015f Sorumlusu<\/strong><br \/>\nHalil \u00c7elebi<br \/>\nGSM: +90 530 417 12 37<\/p>\n<\/div>\n\n<\/div><\/div>\n<div class=\"col medium-6 small-12 large-6\"  ><div class=\"col-inner\"  >\n\n<p><iframe loading=\"lazy\" src=\"http:\/\/maps.google.com\/maps?f=d&amp;source=s_d&amp;saddr=&amp;daddr=41.056181,28.850741&amp;hl=tr&amp;geocode=&amp;mra=dme&amp;mrsp=1&amp;sz=18&amp;sll=41.056205,28.850881&amp;sspn=0.003196,0.006968&amp;ie=UTF8&amp;ll=41.056205,28.850881&amp;spn=0.003196,0.006968&amp;output=embed\" width=\"100% \" height=\"350\" frameborder=\"0\" marginwidth=\"0\" marginheight=\"0\" scrolling=\"no\"><\/iframe><\/p>\n\n<\/div><\/div>\n\n<\/div>\n<div class=\"row\"  id=\"row-712570000\">\n\n<div class=\"col medium-6 small-12 large-6\"  ><div class=\"col-inner\"  >\n\n<p><b>\u0130stanbul Anadolu Yakas\u0131 B\u00f6lge Sat\u0131\u015f Sorumlusu<\/b><br>Mert Do\u011fan<br>GSM: +90 542 309 51 84<\/p>\n<p style=\"font-weight: 400;\"><strong>\u0130stanbul Avrupa Yakas\u0131 B\u00f6lge Sat\u0131\u015f Sorumlusu<\/strong><br>Burak \u00c7im<br>GSM: +90 530 826 46 39<\/p>\n<p style=\"font-weight: 400;\"><b>Mik-el Elektronik Sekreterlik- Kart&amp;Inverter Onar\u0131m Bilgi Hatt\u0131<\/b><br>GSM: +90 542 356 08 28<br>(Yaln\u0131zca WhatsApp \u00fczerinden gelen taleplere cevap verilir)<\/p>\n<p style=\"font-weight: 400;\"><b>Mik-el Elektronik Sat\u0131\u015f Destek Hatt\u0131<\/b><br>GSM: +90 530 774 33 90<br>(Yaln\u0131zca WhatsApp \u00fczerinden gelen taleplere cevap verilir)<\/p>\n\n<\/div><\/div>\n<div class=\"col medium-6 small-12 large-6\"  ><div class=\"col-inner\"  >\n\n\n<\/div><\/div>\n\n<\/div>\n<div class=\"row\"  id=\"row-1354601581\">\n\n<div class=\"col medium-6 small-12 large-6\"  ><div class=\"col-inner\"  >\n\n\n<\/div><\/div>\n<div class=\"col medium-6 small-12 large-6\"  ><div class=\"col-inner\"  >\n\n\n<\/div><\/div>\n\n<\/div>\n\n","protected":false},"excerpt":{"rendered":"","protected":false},"author":1,"featured_media":0,"parent":0,"menu_order":0,"comment_status":"closed","ping_status":"open","template":"","meta":{"ngg_post_thumbnail":0,"footnotes":""},"class_list":["post-73","page","type-page","status-publish","hentry"],"aioseo_notices":[],"_links":{"self":[{"href":"https:\/\/www.mik-el.com\/index.php?rest_route=\/wp\/v2\/pages\/73","targetHints":{"allow":["GET"]}}],"collection":[{"href":"https:\/\/www.mik-el.com\/index.php?rest_route=\/wp\/v2\/pages"}],"about":[{"href":"https:\/\/www.mik-el.com\/index.php?rest_route=\/wp\/v2\/types\/page"}],"author":[{"embeddable":true,"href":"https:\/\/www.mik-el.com\/index.php?rest_route=\/wp\/v2\/users\/1"}],"replies":[{"embeddable":true,"href":"https:\/\/www.mik-el.com\/index.php?rest_route=%2Fwp%2Fv2%2Fcomments&post=73"}],"version-history":[{"count":10,"href":"https:\/\/www.mik-el.com\/index.php?rest_route=\/wp\/v2\/pages\/73\/revisions"}],"predecessor-version":[{"id":1792,"href":"https:\/\/www.mik-el.com\/index.php?rest_route=\/wp\/v2\/pages\/73\/revisions\/1792"}],"wp:attachment":[{"href":"https:\/\/www.mik-el.com\/index.php?rest_route=%2Fwp%2Fv2%2Fmedia&parent=73"}],"curies":[{"name":"wp","href":"https:\/\/api.w.org\/{rel}","templated":true}]}}