{"id":945,"date":"2015-07-26T12:38:04","date_gmt":"2015-07-26T09:38:04","guid":{"rendered":"http:\/\/www.mik-el.com\/?page_id=945"},"modified":"2024-10-11T14:29:55","modified_gmt":"2024-10-11T11:29:55","slug":"md-sto-safe-torque-off","status":"publish","type":"page","link":"https:\/\/www.mik-el.com\/?page_id=945","title":{"rendered":"MD-STO \u201cSafe Torque Off\u201d"},"content":{"rendered":"\n<div class=\"row\"  id=\"row-254965085\">\n\n<div class=\"col medium-6 small-12 large-6\"  ><div class=\"col-inner\"  >\n\n<h1>MD-STO \u201cSafe Torque Off\u201d<\/h1>\n<h3>Kontakt\u00f6r Gerektirmeyen Asans\u00f6r \u0130nverteri<\/h3>\n<p><span style=\"color: #1f4495;\"><strong>\u201c\u201cG\u00fcvenli, Ekonomik, Pratik\u201d<\/strong><\/span><\/p>\n<a href=\"mailto:satis@mik-el.com?subject=Teklif%20Talebi&#038;body=Merhaba,%0A%0AMD-STO%20\u00fcr\u00fcn\u00fc%20hakk\u0131nda%20teklif%20almak%20istiyoruz.%0A%0AL\u00fctfen%20\u015firket%20ileti\u015fim%20bilgilerinizi%20a\u015fa\u011f\u0131ya%20yaz\u0131n\u0131z:\" target=\"_self\" class=\"button primary\"  style=\"border-radius:10px;\">\n    <span>Teklif \u0130ste<\/span>\n  <i class=\"icon-angle-right\" ><\/i><\/a>\n\n\n\n<\/div><\/div>\n<div class=\"col medium-6 small-12 large-6\"  ><div class=\"col-inner\"  >\n\n<p><a href=\"http:\/\/www.mik-el.com\/wp-content\/uploads\/2019\/04\/md-sto.png\"><img loading=\"lazy\" decoding=\"async\" class=\"alignright size-full wp-image-1330\" src=\"http:\/\/www.mik-el.com\/wp-content\/uploads\/2019\/04\/md-sto.png\" alt=\"\" width=\"1200\" height=\"1067\" srcset=\"https:\/\/www.mik-el.com\/wp-content\/uploads\/2019\/04\/md-sto.png 1200w, https:\/\/www.mik-el.com\/wp-content\/uploads\/2019\/04\/md-sto-300x267.png 300w, https:\/\/www.mik-el.com\/wp-content\/uploads\/2019\/04\/md-sto-768x683.png 768w, https:\/\/www.mik-el.com\/wp-content\/uploads\/2019\/04\/md-sto-1024x911.png 1024w\" sizes=\"auto, (max-width: 1200px) 100vw, 1200px\" \/><\/a><\/p>\n\n<\/div><\/div>\n\n<\/div>\n<\/p>\n\n\t\t<div class=\"tabbed-content\">\n\t\t\t\n\t\t\t<ul class=\"nav nav-tabs nav-uppercase nav-size-normal nav-left\"><li class=\"tab active has-icon\"><a href=\"#tab_genel\"><span>Genel<\/span><\/a><\/li>\n<li class=\"tab has-icon\"><a href=\"#tab_dok?manlar-ve-sertifikalar\"><span>Dok\u00fcmanlar ve Sertifikalar<\/span><\/a><\/li><\/ul><div class=\"tab-panels\"><div class=\"panel active entry-content\" id=\"tab_genel\">\n\n<ul class=\"urun-genel\">\n<li>Otomatik do\u011frudan kata yana\u015fma<\/li>\n<li>Kolay devreye alma men\u00fcs\u00fc<\/li>\n<li>Motor ve kurtarma kontakt\u00f6rlerine gerek yok<\/li>\n<li>Di\u015flisiz makinelerde zengin enkoder se\u00e7ene\u011fi<br \/>&#8211; EnDat<br \/>&#8211; SinCos<br \/>&#8211; SSI<br \/>&#8211; BiS<\/li>\n<li>Ayr\u0131nt\u0131l\u0131 hata kayd\u0131<\/li>\n<li>Kolay pano \u00f6rg\u00fcs\u00fc<\/li>\n<li>Darbeli \u00e7al\u0131\u015fma ile frenden kurtarma<\/li>\n<li>UPS ile veya ak\u00fcl\u00fc kata getirme \u00e7\u00f6z\u00fcmleri<\/li>\n<\/ul>\n\n<\/div>\n<div class=\"panel entry-content\" id=\"tab_dok?manlar-ve-sertifikalar\">\n\n<\/p>\n<p>Teknik Dok\u00fcmanlar ve Sertifikalar i\u00e7in&nbsp;<strong><a href=\"https:\/\/drive.google.com\/drive\/folders\/1ltneAGipccQbOWWRh06NGrIirl1WyBt5\">t\u0131klay\u0131n\u0131z\u2026<\/a><\/strong><\/p>\n<p>\n\n<\/div><\/div><\/div>\n\n","protected":false},"excerpt":{"rendered":"","protected":false},"author":1,"featured_media":0,"parent":163,"menu_order":0,"comment_status":"closed","ping_status":"open","template":"page-right-sidebar.php","meta":{"ngg_post_thumbnail":0,"footnotes":""},"class_list":["post-945","page","type-page","status-publish","hentry"],"aioseo_notices":[],"_links":{"self":[{"href":"https:\/\/www.mik-el.com\/index.php?rest_route=\/wp\/v2\/pages\/945","targetHints":{"allow":["GET"]}}],"collection":[{"href":"https:\/\/www.mik-el.com\/index.php?rest_route=\/wp\/v2\/pages"}],"about":[{"href":"https:\/\/www.mik-el.com\/index.php?rest_route=\/wp\/v2\/types\/page"}],"author":[{"embeddable":true,"href":"https:\/\/www.mik-el.com\/index.php?rest_route=\/wp\/v2\/users\/1"}],"replies":[{"embeddable":true,"href":"https:\/\/www.mik-el.com\/index.php?rest_route=%2Fwp%2Fv2%2Fcomments&post=945"}],"version-history":[{"count":10,"href":"https:\/\/www.mik-el.com\/index.php?rest_route=\/wp\/v2\/pages\/945\/revisions"}],"predecessor-version":[{"id":2023,"href":"https:\/\/www.mik-el.com\/index.php?rest_route=\/wp\/v2\/pages\/945\/revisions\/2023"}],"up":[{"embeddable":true,"href":"https:\/\/www.mik-el.com\/index.php?rest_route=\/wp\/v2\/pages\/163"}],"wp:attachment":[{"href":"https:\/\/www.mik-el.com\/index.php?rest_route=%2Fwp%2Fv2%2Fmedia&parent=945"}],"curies":[{"name":"wp","href":"https:\/\/api.w.org\/{rel}","templated":true}]}}